{"id":295780,"date":"2022-02-01T11:58:50","date_gmt":"2022-02-01T10:58:50","guid":{"rendered":"https:\/\/www.marah.ch\/?post_type=product&#038;p=295780"},"modified":"2024-02-27T11:18:27","modified_gmt":"2024-02-27T10:18:27","slug":"mymat-equinox","status":"publish","type":"product","link":"https:\/\/www.marah.ch\/it\/prodotto\/mymat-equinox\/","title":{"rendered":"MyMat EQUINOX"},"content":{"rendered":"<p>Coperta portatile per equini e altre specie di grandi dimensioni. \u00c8 fatto di vinile all&#8217;esterno e di un tessuto permeabile pi\u00f9 morbido all&#8217;interno.<\/p>\n<p>MyMat EQUINOX \u00e8 un modo efficace, senza fili, senza farmaci e non invasivo per trattare i disturbi nei cavalli e in altri grandi animali. \u00c8 indolore, non richiede sedazione, riduce l&#8217;ansia e non ha effetti collaterali dannosi. Ogni sessione dura meno di 25 minuti. Quando \u00e8 combinato con altre terapie, amplifica l&#8217;efficacia di queste terapie.<\/p>\n<p>Attraverso la tecnologia PEMF, MyMat EQUINOX crea un campo elettromagnetico delicatamente pulsante, che ripristina la salute a livello cellulare stimolando l&#8217;ossigenazione cellulare, il metabolismo e la disintossicazione. Fornisce energia e informazioni per ripristinare i processi e le funzioni naturali degli organi, dei tessuti e dei sistemi del corpo e, come tale, supporta la guarigione e migliora le prestazioni.<\/p>\n<p>Sono stati pubblicati centinaia di studi scientifici sulla CEMP che confermano l&#8217;efficacia della CEMP nei cavalli e in altri animali per trattare molte condizioni.<\/p>\n<p>Il PEMF ha comprovati benefici neurologici, fisiologici e psicologici. Alcuni esempi sono elencati di seguito:<\/p>\n<p>Migliorato:<br \/>\nCircolazione sanguigna<br \/>\nLivelli di energia e flusso<br \/>\nRigenerazione a livello cellulare<br \/>\nGuarigione di ossa, articolazioni e tessuti molli<br \/>\nCondizioni neurologiche<br \/>\nRange di movimento<br \/>\nMuscoli<br \/>\nSistema digestivo<br \/>\nAssorbimento dei nutrienti<br \/>\nSistema immunitario<br \/>\nPerformance<\/p>\n<p>Ridotto:<br \/>\nStress<br \/>\nDolore<br \/>\nRigidit\u00e0<br \/>\nInfiammazione<\/p>\n<p>Tutti i dispositivi MyMat\u00ae\ufe0f (<a href=\"https:\/\/www.marah.ch\/it\/prodotto\/micro-mat-2\/\" target=\"_blank\" rel=\"noopener\">MyMat<\/a>, <a href=\"https:\/\/www.marah.ch\/it\/prodotto\/mymat-\/\" target=\"_blank\" rel=\"noopener\">MyMat PRO<\/a>, <a href=\"https:\/\/www.marah.ch\/it\/prodotto\/mymat-clinic\/\" target=\"_blank\" rel=\"noopener\">MyMat CLINIC<\/a>, <a href=\"https:\/\/www.marah.ch\/it\/prodotto\/mymat-equinox\/\" target=\"_blank\" rel=\"noopener\">MyMat EQUINOX<\/a>) sono controllati tramite un&#8217;applicazione facile da usare sul tuo cellulare.<\/p>\n<p>MyMat EQUINOX \u00e8 facile da usare, facile da pulire e facile da trasportare. Viene fornito con un manuale che descrive i programmi. Inoltre, Healing House Ltd. aggiorna regolarmente l&#8217;uso dei programmi per condizioni specifiche. Queste raccomandazioni sono attentamente valutate e fornite dalla nostra rete di veterinari affiliati.<\/p>\n<p>Contattateci per ulteriori informazioni, formazione o assistenza a<br \/>\n<a href=\"mailto:support@marah.ch\">support@marah.ch<\/a><\/p>\n<p>MyMat\u00ae\ufe0f Informazioni generali<\/p>\n<p>MyMat ha 85 programmi preimpostati incorporati nella sua applicazione. L&#8217;applicazione \u00e8 molto facile da usare e ogni programma \u00e8 appositamente progettato per sostenere la salute e la guarigione in un modo specifico. Potete trovare la soluzione perfetta per le vostre esigenze individuali.<\/p>\n<p>MyMat offre anche un approccio integrativo e olistico, incorporando il bilanciamento di chakra, meridiani ed elementi, come praticato nella medicina tradizionale cinese, indiana e tibetana.<\/p>\n<p>La terapia PEMF fornisce un modo sicuro e non invasivo per aiutare la guarigione e ridurre il dolore e lo stress.<\/p>\n<p>La terapia PEMF utilizza frequenze elettromagnetiche pulsate per &#8220;resettare&#8221; le cellule del corpo, simile alla ricarica di una batteria. Le cellule stanche o danneggiate ricevono onde elettromagnetiche che stimolano la circolazione, l&#8217;ossigenazione e l&#8217;idratazione e aiutano a rimuovere le tossine dalle cellule.<\/p>\n<p>Riequilibrare e ricostruire il nostro corpo a livello cellulare pu\u00f2 stimolare l&#8217;autoguarigione e aiutare il nostro corpo a recuperare e guarire.<\/p>\n<p>La malattia \u00e8 causata da un blocco nel flusso di informazioni. Con il MyMat, l&#8217;informazione mancante pu\u00f2 essere iniettata generando la corretta frequenza elettromagnetica e ricollegando cos\u00ec l&#8217;anello mancante nella comunicazione cellulare. Una piccola quantit\u00e0 di informazioni elettromagnetiche pu\u00f2 essere tutto ci\u00f2 che \u00e8 necessario per stimolare l&#8217;auto-guarigione. Quando \u00e8 combinato con altre terapie, amplifica l&#8217;efficacia di queste terapie.<\/p>\n<p>MyMat\u00ae\ufe0f offre non solo salute e benessere ma anche sicurezza, qualit\u00e0 e design con una garanzia di 2 anni.<\/p>\n<h2><\/h2>\n<h2>SCHEDA TECNICA Healing House<\/h2>\n<ul>\n<li>Tipo di dispositivo: Coperta per equini e grandi specie<\/li>\n<li>Materiali: Vinile all&#8217;esterno e morbido tessuto permeabile all&#8217;interno<\/li>\n<li>Principio di funzionamento: Generazione di campi elettromagnetici pulsati (CEMP) di bassa frequenza e bassa intensit\u00e0<\/li>\n<li>Tecnologia nota come: Campi elettromagnetici pulsati (CEMP), bio-magnetismo, biorisonanza, CEMP<\/li>\n<li>Classificazione del prodotto: Terapia energetica, terapia vibrazionale<\/li>\n<li>Sistema di comunicazione senza fili: Wi-Fi<\/li>\n<li>Gamma di frequenza: 1HZ a 200 KHZ<\/li>\n<li>Segnale emesso: Segnali elettromagnetici a onda quadra.<\/li>\n<li>Intensit\u00e0 massima del campo magnetico sulla superficie del dispositivo:<\/li>\n<li>5 milligauss x 24 canali<\/li>\n<li>Numero di antenne: 24 bobine piatte flessibili.<\/li>\n<li>Programmazione: 85 programmi di riabilitazione, fitness, rilassamento fisico ed emotivo.<\/li>\n<li>Sistema di controllo: App programmabile per dispositivi mobili Android e IOS con 11 categorie, 93 combinazioni preimpostate e 85 programmi individuali.<\/li>\n<li>Usi: medicina veterinaria, fitness, terapia fisica, rilassamento fisico ed emotivo, benessere, medicina preventiva e olistica.<\/li>\n<li>Alimentazione: 2 batterie ricaricabili da 3,7 volt DC, 3000 Milliampere ora.<\/li>\n<li>Sicurezza: Protezione attiva da cortocircuito, protezione da sovracorrente e da sovratensione. Protezione passiva con fusibili a tecnologia SMT.<\/li>\n<li>Intervallo di temperatura per il funzionamento: + 5 \u00b0 a + 45 \u00b0<\/li>\n<li>Misure del dispositivo: 170x150x2 cm.<\/li>\n<li>Misure della borsa: 78x58x12 cm.<\/li>\n<li>Misure della scatola di imballaggio: 87 X 67 X 17 cm.<\/li>\n<li>Garanzia: 2 anni.<\/li>\n<\/ul>\n","protected":false},"excerpt":{"rendered":"<p>Coperta portatile per equini e altre specie di grandi dimensioni. \u00c8 fatto di vinile all&#8217;esterno e di un tessuto permeabile pi\u00f9 morbido all&#8217;interno. MyMat EQUINOX \u00e8 un modo efficace, senza fili, senza farmaci e non invasivo per trattare i disturbi nei cavalli e in altri grandi animali. \u00c8 indolore, non richiede sedazione, riduce l&#8217;ansia e [&hellip;]<\/p>\n","protected":false},"featured_media":295784,"comment_status":"open","ping_status":"closed","template":"","meta":{"_acf_changed":false},"product_brand":[],"product_cat":[230],"product_tag":[],"class_list":{"0":"post-295780","1":"product","2":"type-product","3":"status-publish","4":"has-post-thumbnail","6":"product_cat-dispositivi-per-la-salute","7":"product_shipping_class-pacco","9":"first","10":"instock","11":"shipping-taxable","12":"purchasable","13":"product-type-simple"},"acf":[],"_links":{"self":[{"href":"https:\/\/www.marah.ch\/it\/wp-json\/wp\/v2\/product\/295780","targetHints":{"allow":["GET"]}}],"collection":[{"href":"https:\/\/www.marah.ch\/it\/wp-json\/wp\/v2\/product"}],"about":[{"href":"https:\/\/www.marah.ch\/it\/wp-json\/wp\/v2\/types\/product"}],"replies":[{"embeddable":true,"href":"https:\/\/www.marah.ch\/it\/wp-json\/wp\/v2\/comments?post=295780"}],"wp:featuredmedia":[{"embeddable":true,"href":"https:\/\/www.marah.ch\/it\/wp-json\/wp\/v2\/media\/295784"}],"wp:attachment":[{"href":"https:\/\/www.marah.ch\/it\/wp-json\/wp\/v2\/media?parent=295780"}],"wp:term":[{"taxonomy":"product_brand","embeddable":true,"href":"https:\/\/www.marah.ch\/it\/wp-json\/wp\/v2\/product_brand?post=295780"},{"taxonomy":"product_cat","embeddable":true,"href":"https:\/\/www.marah.ch\/it\/wp-json\/wp\/v2\/product_cat?post=295780"},{"taxonomy":"product_tag","embeddable":true,"href":"https:\/\/www.marah.ch\/it\/wp-json\/wp\/v2\/product_tag?post=295780"}],"curies":[{"name":"wp","href":"https:\/\/api.w.org\/{rel}","templated":true}]}}