{"id":295756,"date":"2022-02-01T11:47:05","date_gmt":"2022-02-01T10:47:05","guid":{"rendered":"https:\/\/www.marah.ch\/?post_type=product&#038;p=295756"},"modified":"2024-02-27T11:18:13","modified_gmt":"2024-02-27T10:18:13","slug":"mymat-pro","status":"publish","type":"product","link":"https:\/\/www.marah.ch\/it\/prodotto\/mymat-pro\/","title":{"rendered":"MyMat PRO"},"content":{"rendered":"<p>Rilassarsi in tutta comodit\u00e0 a casa propria.<br \/>\nAggiunge un grande servizio alla tua clinica ortodontica o veterinaria.<\/p>\n<p>Il MyMat PRO \u00e8 pi\u00f9 grande del MyMat GO ma leggermente pi\u00f9 piccolo del MyMat CLINIC. Anche se non copre l&#8217;intera lunghezza del corpo di un adulto, \u00e8 abbastanza grande da garantire che le frequenze elettromagnetiche pulsate possano raggiungere l&#8217;intero corpo anche con molti impianti metallici.<\/p>\n<p>MyMat PRO \u00e8 portatile ed \u00e8 disponibile in 2 versioni. Uno con un morbido e confortevole tessuto antiacaro della polvere ad alto traffico e dimensionato in modo da potersi sedere o sdraiare su di esso nel comfort della propria casa. L&#8217;altra opzione \u00e8 appositamente progettata per l&#8217;uso da parte di professionisti ortodontici e veterinari, in quanto ha un tessuto vinilico che \u00e8 antibatterico, antifungino, ignifugo e ha una protezione UV. Questa versione per uso professionale \u00e8 leggermente pi\u00f9 stretta, quindi si adatta alle sedie ortodontiche e ai tavoli veterinari ed \u00e8 facile da pulire. Per favore, assicuratevi di chiarire con noi quale versione state ordinando.<\/p>\n<p>Tutti i dispositivi MyMat\u00ae\ufe0f (<a href=\"https:\/\/www.marah.ch\/it\/prodotto\/micro-mat-2\/\" target=\"_blank\" rel=\"noopener\">MyMat<\/a>, <a href=\"https:\/\/www.marah.ch\/it\/prodotto\/mymat-\/\" target=\"_blank\" rel=\"noopener\">MyMat PRO<\/a>, <a href=\"https:\/\/www.marah.ch\/it\/prodotto\/mymat-clinic\/\" target=\"_blank\" rel=\"noopener\">MyMat CLINIC<\/a>, <a href=\"https:\/\/www.marah.ch\/it\/prodotto\/mymat-equinox\/\" target=\"_blank\" rel=\"noopener\">MyMat EQUINOX<\/a>) sono controllati tramite un&#8217;applicazione facile da usare sul tuo cellulare.<\/p>\n<p>MyMat PRO \u00e8 facile da usare e da trasportare. Viene fornito con un manuale che descrive i programmi. Inoltre, Healing House Ltd. aggiorna regolarmente l&#8217;uso dei programmi per condizioni specifiche. Queste raccomandazioni sono attentamente valutate e fornite dalla nostra rete di professionisti della salute e del benessere affiliati.<\/p>\n<p>Contattateci per ulteriori informazioni, formazione o assistenza a<br \/>\n<a href=\"mailto:support@marah.ch\">support@marah.ch<\/a><\/p>\n<p>MyMat\u00ae\ufe0f Informazioni generali<\/p>\n<p>MyMat ha 85 programmi preimpostati incorporati nella sua applicazione. L&#8217;applicazione \u00e8 molto facile da usare e ogni programma \u00e8 appositamente progettato per sostenere la salute e la guarigione in un modo specifico. Potete trovare la soluzione perfetta per le vostre esigenze individuali.<\/p>\n<p>MyMat offre anche un approccio integrativo e olistico, incorporando il bilanciamento di chakra, meridiani ed elementi, come praticato nella medicina tradizionale cinese, indiana e tibetana.<\/p>\n<p>La terapia PEMF fornisce un modo sicuro e non invasivo per aiutare la guarigione e ridurre il dolore e lo stress.<\/p>\n<p>La terapia PEMF utilizza frequenze elettromagnetiche pulsate per &#8220;resettare&#8221; le cellule del corpo, simile alla ricarica di una batteria. Le cellule stanche o danneggiate ricevono onde elettromagnetiche che stimolano la circolazione, l&#8217;ossigenazione e l&#8217;idratazione e aiutano a rimuovere le tossine dalle cellule.<\/p>\n<p>Riequilibrare e ricostruire il nostro corpo a livello cellulare pu\u00f2 stimolare l&#8217;autoguarigione e aiutare il nostro corpo a recuperare e guarire.<\/p>\n<p>La malattia \u00e8 causata da un blocco nel flusso di informazioni. Con il MyMat, l&#8217;informazione mancante pu\u00f2 essere iniettata generando la corretta frequenza elettromagnetica e ricollegando cos\u00ec l&#8217;anello mancante nella comunicazione cellulare. Una piccola quantit\u00e0 di informazioni elettromagnetiche pu\u00f2 essere tutto ci\u00f2 che \u00e8 necessario per stimolare l&#8217;auto-guarigione. Quando \u00e8 combinato con altre terapie, amplifica l&#8217;efficacia di queste terapie.<\/p>\n<p>MyMat\u00ae\ufe0f offre non solo salute e benessere ma anche sicurezza, qualit\u00e0 e design con una garanzia di 2 anni.<\/p>\n<p>&nbsp;<\/p>\n<h2>SCHEDA TECNICA Healing House<\/h2>\n<ul>\n<li>Tipo di dispositivo: tappetino portatile con connettivit\u00e0 wifi senza fili e batteria ricaricabile.<\/li>\n<li>Materiali: Opzione A) Antiacaro della polvere ad alto traffico.<\/li>\n<li>Opzione B) Odontoiatria\/Veterinaria: Vinile antibatterico, anti fungo, ritardante di fiamma, protezione UV.<\/li>\n<li>Principio di funzionamento: generazione di campi elettromagnetici pulsati a bassa frequenza e bassa intensit\u00e0.<\/li>\n<li>Tecnologia conosciuta come: Campi ElettroMagnetici Pulsati (PEMF), biomagnetismo, biorisonanza, PEMF.<\/li>\n<li>Classificazione del prodotto: Terapia energetica, terapia vibrazionale.<\/li>\n<li>Sistema di comunicazione senza fili: Wifi.<\/li>\n<li>Gamma di frequenza: da 1HZ a 200 KHZ<\/li>\n<li>Segnale emesso: segnali elettromagnetici ad onda quadra.<\/li>\n<li>Massima intensit\u00e0 del campo magnetico sulla superficie del dispositivo: 5 milligauss x 16 canali<\/li>\n<li>Numero di antenne: 16 bobine piatte flessibili.<\/li>\n<li>Programmazione: 85 programmi di riabilitazione, fitness, rilassamento fisico ed emotivo.<\/li>\n<li>Sistema di controllo: App programmabile per dispositivi mobili Android e IOS con 11 categorie, 93 combinazioni preimpostate e 85 programmi individuali.<\/li>\n<li>Usi: riabilitazione, fitness, rilassamento fisico ed emotivo, medicina preventiva e olistica, fisioterapia, benessere, meditazione, estetica, odontoiatria, medicina veterinaria.<\/li>\n<li>Alimentazione: 1 batteria ricaricabile 3,7 volt DC, 3000 milliampere ore.<\/li>\n<li>Sicurezza: protezione attiva contro il cortocircuito, la sovracorrente e la sovratensione. Protezione passiva con fusibili a tecnologia SMT.<\/li>\n<li>Gamma di temperatura di funzionamento: da +5\u00b0 a +45\u00b0.<\/li>\n<li>Dimensioni del dispositivo: Opzione A) 63x135x2,5 cm.<\/li>\n<li>L&#8217;opzione B) \u00e8 sedia dentale e tavolo veterinario di dimensioni: 50x135x2,5 cm.<\/li>\n<li>Dimensioni della borsa: 65x65x12 cm.<\/li>\n<li>Misure della scatola di imballaggio: 69x69x17 cm.<\/li>\n<li>Garanzia: 2 anni.<\/li>\n<\/ul>\n","protected":false},"excerpt":{"rendered":"<p>Rilassarsi in tutta comodit\u00e0 a casa propria. Aggiunge un grande servizio alla tua clinica ortodontica o veterinaria. Il MyMat PRO \u00e8 pi\u00f9 grande del MyMat GO ma leggermente pi\u00f9 piccolo del MyMat CLINIC. Anche se non copre l&#8217;intera lunghezza del corpo di un adulto, \u00e8 abbastanza grande da garantire che le frequenze elettromagnetiche pulsate possano [&hellip;]<\/p>\n","protected":false},"featured_media":295776,"comment_status":"open","ping_status":"closed","template":"","meta":{"_acf_changed":false},"product_brand":[],"product_cat":[230],"product_tag":[],"class_list":{"0":"post-295756","1":"product","2":"type-product","3":"status-publish","4":"has-post-thumbnail","6":"product_cat-dispositivi-per-la-salute","7":"product_shipping_class-pacco","9":"first","10":"instock","11":"shipping-taxable","12":"purchasable","13":"product-type-simple"},"acf":[],"_links":{"self":[{"href":"https:\/\/www.marah.ch\/it\/wp-json\/wp\/v2\/product\/295756","targetHints":{"allow":["GET"]}}],"collection":[{"href":"https:\/\/www.marah.ch\/it\/wp-json\/wp\/v2\/product"}],"about":[{"href":"https:\/\/www.marah.ch\/it\/wp-json\/wp\/v2\/types\/product"}],"replies":[{"embeddable":true,"href":"https:\/\/www.marah.ch\/it\/wp-json\/wp\/v2\/comments?post=295756"}],"wp:featuredmedia":[{"embeddable":true,"href":"https:\/\/www.marah.ch\/it\/wp-json\/wp\/v2\/media\/295776"}],"wp:attachment":[{"href":"https:\/\/www.marah.ch\/it\/wp-json\/wp\/v2\/media?parent=295756"}],"wp:term":[{"taxonomy":"product_brand","embeddable":true,"href":"https:\/\/www.marah.ch\/it\/wp-json\/wp\/v2\/product_brand?post=295756"},{"taxonomy":"product_cat","embeddable":true,"href":"https:\/\/www.marah.ch\/it\/wp-json\/wp\/v2\/product_cat?post=295756"},{"taxonomy":"product_tag","embeddable":true,"href":"https:\/\/www.marah.ch\/it\/wp-json\/wp\/v2\/product_tag?post=295756"}],"curies":[{"name":"wp","href":"https:\/\/api.w.org\/{rel}","templated":true}]}}