{"id":295728,"date":"2022-02-01T11:18:31","date_gmt":"2022-02-01T10:18:31","guid":{"rendered":"https:\/\/www.marah.ch\/?post_type=product&#038;p=295728"},"modified":"2024-02-27T11:17:59","modified_gmt":"2024-02-27T10:17:59","slug":"mymat-clinic","status":"publish","type":"product","link":"https:\/\/www.marah.ch\/it\/prodotto\/mymat-clinic\/","title":{"rendered":"MyMat CLINIC"},"content":{"rendered":"<p>MyMat CLINIC \u00e8 progettato per l&#8217;uso in cliniche e altri ambienti professionali e si adatta a un lettino da massaggio. Anche se il suo design \u00e8 rivolto ai professionisti della salute e del benessere, molte persone esperte di tecnologia e attente alla salute non possono resistere a comprarne uno per usarlo a casa.<\/p>\n<p>Questo &#8216;tappetino&#8217; portatile e per tutto il corpo ha un tessuto vinilico facile da pulire che \u00e8 antibatterico, antimicotico, ignifugo e con protezione UV. Grazie alle sue grandi dimensioni, le frequenze elettromagnetiche pulsate di MyMat CLINIC possono raggiungere tutto il corpo anche con impianti metallici.<\/p>\n<p>Tutti i dispositivi MyMat\u00ae\ufe0f (<a href=\"https:\/\/www.marah.ch\/it\/prodotto\/micro-mat-2\/\" target=\"_blank\" rel=\"noopener\">MyMat<\/a>, <a href=\"https:\/\/www.marah.ch\/it\/prodotto\/mymat-\/\" target=\"_blank\" rel=\"noopener\">MyMat PRO<\/a>, <a href=\"https:\/\/www.marah.ch\/it\/prodotto\/mymat-clinic\/\" target=\"_blank\" rel=\"noopener\">MyMat CLINIC<\/a>, <a href=\"https:\/\/www.marah.ch\/it\/prodotto\/mymat-equinox\/\" target=\"_blank\" rel=\"noopener\">MyMat EQUINOX<\/a>) sono controllati tramite un&#8217;applicazione facile da usare sul tuo cellulare.<\/p>\n<p>MyMat CLINIC \u00e8 facile da usare, facile da pulire e facile da trasportare. Viene fornito con un manuale che descrive i programmi. Inoltre, Healing House Ltd. aggiorna regolarmente l&#8217;uso dei programmi per condizioni specifiche. Queste raccomandazioni sono attentamente valutate e fornite dalla nostra rete di professionisti della salute e del benessere affiliati.<\/p>\n<p>Contattateci per ulteriori informazioni, formazione o assistenza a<br \/>\n<a href=\"mailto:support@marah.ch\">support@marah.ch<\/a><\/p>\n<p>MyMat\u00ae\ufe0f Informazioni generali<\/p>\n<p>MyMat ha 85 programmi preimpostati incorporati nella sua applicazione. L&#8217;applicazione \u00e8 molto facile da usare e ogni programma \u00e8 appositamente progettato per sostenere la salute e la guarigione in un modo specifico. Potete trovare la soluzione perfetta per le vostre esigenze individuali.<\/p>\n<p>MyMat offre anche un approccio integrativo e olistico, incorporando il bilanciamento di chakra, meridiani ed elementi, come praticato nella medicina tradizionale cinese, indiana e tibetana.<\/p>\n<p>La terapia PEMF fornisce un modo sicuro e non invasivo per aiutare la guarigione e ridurre il dolore e lo stress.<\/p>\n<p>La terapia PEMF utilizza frequenze elettromagnetiche pulsate per &#8220;resettare&#8221; le cellule del corpo, simile alla ricarica di una batteria. Le cellule stanche o La terapia PEMF utilizza frequenze elettromagnetiche pulsate per &#8220;resettare&#8221; le cellule del corpo, simile alla ricarica di una batteria. Le cellule stanche o danneggiate ricevono onde elettromagnetiche che stimolano la circolazione, l&#8217;ossigenazione e l&#8217;idratazione e aiutano a rimuovere le tossine dalle cellule.<\/p>\n<p>Riequilibrare e ricostruire il nostro corpo a livello cellulare pu\u00f2 stimolare l&#8217;autoguarigione e aiutare il nostro corpo a recuperare e guarire.<\/p>\n<p>La malattia \u00e8 causata da un blocco nel flusso di informazioni. Con il MyMat, l&#8217;informazione mancante pu\u00f2 essere iniettata generando la corretta frequenza elettromagnetica e ricollegando cos\u00ec l&#8217;anello mancante nella comunicazione cellulare. Una piccola quantit\u00e0 di informazioni elettromagnetiche pu\u00f2 essere tutto ci\u00f2 che \u00e8 necessario per stimolare l&#8217;auto-guarigione. Quando \u00e8 combinato con altre terapie, amplifica l&#8217;efficacia di queste terapie.<\/p>\n<p>MyMat\u00ae\ufe0f offre non solo salute e benessere ma anche sicurezza, qualit\u00e0 e design con una garanzia di 2 anni.<\/p>\n<h2><\/h2>\n<h2>SCHEDA TECNICA Healing House<\/h2>\n<ul>\n<li>Tipo di dispositivo: Tappetino portatile per tutto il corpo con connettivit\u00e0 wireless Wi-Fi e batteria ricaricabile.<\/li>\n<li>Materiali: Vinile, antibatterico, antimicotico, ignifugo, protezione UV.<\/li>\n<li>Principio di funzionamento: Generazione di campi elettromagnetici pulsati (PEMF) a bassa frequenza e bassa intensit\u00e0.<\/li>\n<li>Tecnologia conosciuta come: Campi elettromagnetici pulsati (PEMF), bio-magnetismo, biorisonanza, PEMF.<\/li>\n<li>Classificazione del prodotto: Terapia energetica, terapia vibrazionale.<\/li>\n<li>Sistema di comunicazione senza fili: Wi-Fi<\/li>\n<li>Gamma di frequenza: 1HZ a 200 KHZ<\/li>\n<li>Segnale emesso: Segnali elettromagnetici a onda quadra.<\/li>\n<li>Intensit\u00e0 massima del campo magnetico sulla superficie del dispositivo: 5 milligauss x 16 canali<\/li>\n<li>Numero di antenne: 16 bobine piatte flessibili.<\/li>\n<li>Programmazione: 85 programmi, riabilitazione, fitness, rilassamento fisico ed emotivo.<\/li>\n<li>Sistema di controllo: App programmabile per dispositivi mobili Android e IOS con 11 categorie, 93 combinazioni preimpostate e 85 programmi individuali.<\/li>\n<li>Usi: Riabilitazione, fitness, rilassamento fisico ed emotivo, medicina preventiva e olistica, fisioterapia, benessere, meditazione, estetica, medicina veterinaria.<\/li>\n<li>Alimentazione: 2 batterie ricaricabili da 3,7 volt DC, 3000 Milliamp\u00e8re.<\/li>\n<li>Sicurezza: Protezione attiva da cortocircuito, protezione da sovracorrente e da sovratensione. Protezione passiva con fusibili a tecnologia SMT.<\/li>\n<li>Intervallo di temperatura per il funzionamento: + 5 \u00b0 a + 45 \u00b0<\/li>\n<li>Misure del dispositivo: 63x170x2,5 cm.<\/li>\n<li>Misure della borsa: 65x65x12 cm.<\/li>\n<li>Misure della scatola di imballaggio: 69x69x17 cm.<\/li>\n<li>Garanzia: 2 anni.<\/li>\n<\/ul>\n","protected":false},"excerpt":{"rendered":"<p>MyMat CLINIC \u00e8 progettato per l&#8217;uso in cliniche e altri ambienti professionali e si adatta a un lettino da massaggio. Anche se il suo design \u00e8 rivolto ai professionisti della salute e del benessere, molte persone esperte di tecnologia e attente alla salute non possono resistere a comprarne uno per usarlo a casa. Questo &#8216;tappetino&#8217; [&hellip;]<\/p>\n","protected":false},"featured_media":295732,"comment_status":"open","ping_status":"closed","template":"","meta":{"_acf_changed":false},"product_brand":[],"product_cat":[230],"product_tag":[],"class_list":{"0":"post-295728","1":"product","2":"type-product","3":"status-publish","4":"has-post-thumbnail","6":"product_cat-dispositivi-per-la-salute","7":"product_shipping_class-pacco","9":"first","10":"instock","11":"shipping-taxable","12":"purchasable","13":"product-type-simple"},"acf":[],"_links":{"self":[{"href":"https:\/\/www.marah.ch\/it\/wp-json\/wp\/v2\/product\/295728","targetHints":{"allow":["GET"]}}],"collection":[{"href":"https:\/\/www.marah.ch\/it\/wp-json\/wp\/v2\/product"}],"about":[{"href":"https:\/\/www.marah.ch\/it\/wp-json\/wp\/v2\/types\/product"}],"replies":[{"embeddable":true,"href":"https:\/\/www.marah.ch\/it\/wp-json\/wp\/v2\/comments?post=295728"}],"wp:featuredmedia":[{"embeddable":true,"href":"https:\/\/www.marah.ch\/it\/wp-json\/wp\/v2\/media\/295732"}],"wp:attachment":[{"href":"https:\/\/www.marah.ch\/it\/wp-json\/wp\/v2\/media?parent=295728"}],"wp:term":[{"taxonomy":"product_brand","embeddable":true,"href":"https:\/\/www.marah.ch\/it\/wp-json\/wp\/v2\/product_brand?post=295728"},{"taxonomy":"product_cat","embeddable":true,"href":"https:\/\/www.marah.ch\/it\/wp-json\/wp\/v2\/product_cat?post=295728"},{"taxonomy":"product_tag","embeddable":true,"href":"https:\/\/www.marah.ch\/it\/wp-json\/wp\/v2\/product_tag?post=295728"}],"curies":[{"name":"wp","href":"https:\/\/api.w.org\/{rel}","templated":true}]}}