{"id":101537,"date":"2016-08-30T15:26:20","date_gmt":"2016-08-30T13:26:20","guid":{"rendered":"https:\/\/www.marah.ch\/prodotto\/micro-mat-2\/"},"modified":"2023-03-15T10:58:40","modified_gmt":"2023-03-15T09:58:40","slug":"mymat","status":"publish","type":"product","link":"https:\/\/www.marah.ch\/it\/prodotto\/mymat\/","title":{"rendered":"MyMat GO (Biorisonanza)"},"content":{"rendered":"<p><iframe title=\"MyMat by Healing House\" width=\"500\" height=\"281\" src=\"https:\/\/www.youtube.com\/embed\/HMN3KtdaMlU?feature=oembed\" frameborder=\"0\" allow=\"accelerometer; autoplay; clipboard-write; encrypted-media; gyroscope; picture-in-picture; web-share\" referrerpolicy=\"strict-origin-when-cross-origin\" allowfullscreen><\/iframe><\/p>\n<p>&nbsp;<\/p>\n<p>&#8220;Abbiate sempre con voi il vostro guaritore tascabile personale&#8221;.<\/p>\n<p>MyMat GO \u00e8 facile da usare e ultraleggero, cos\u00ec puoi portarlo ovunque. Ha una sensazione piacevole al tatto grazie al suo tessuto morbido e schiumato. \u00c8 progettato per essere indossato o appoggiato sulla parte posteriore o anteriore del busto e come tale \u00e8 l&#8217;unico MyMat non adatto a sedersi sopra.<\/p>\n<p>Viene fornito con un manuale che descrive i programmi. Inoltre, Healing House Ltd. aggiorna regolarmente l&#8217;uso dei programmi per condizioni specifiche. Queste raccomandazioni sono attentamente valutate e fornite dalla nostra rete di professionisti della salute e del benessere affiliati.<\/p>\n<p>\u00c8 perfetto per l&#8217;uso in casa e per tutta la famiglia o quando si viaggia. \u00c8 anche adatto a piccoli animali domestici come cani, gatti e persino uccelli. I veterinari amano usarlo con la copertura aggiuntiva in vinile per animali &#8220;MyMat Pet&#8221;, perch\u00e9 \u00e8 facile da pulire. Nel caso in cui vogliate acquistare la copertura extra per animali, assicuratevi di aggiungere questo accessorio dal negozio online prima di effettuare l&#8217;acquisto.<\/p>\n<p>Per le persone con molti impianti metallici e\/o cicatrici, si consiglia di utilizzare MyMat PRO per garantire che le frequenze elettromagnetiche pulsate possano raggiungere tutto il corpo.<\/p>\n<p>Tutti i dispositivi MyMat\u00ae\ufe0f (<a href=\"https:\/\/www.marah.ch\/it\/prodotto\/micro-mat-2\/\" target=\"_blank\" rel=\"noopener\">MyMat<\/a>, <a href=\"https:\/\/www.marah.ch\/it\/prodotto\/mymat-\/\" target=\"_blank\" rel=\"noopener\">MyMat PRO<\/a>, <a href=\"https:\/\/www.marah.ch\/it\/prodotto\/mymat-clinic\/\" target=\"_blank\" rel=\"noopener\">MyMat CLINIC<\/a>, <a href=\"https:\/\/www.marah.ch\/it\/prodotto\/mymat-equinox\/\" target=\"_blank\" rel=\"noopener\">MyMat EQUINOX<\/a>) sono controllati tramite un&#8217;applicazione facile da usare sul tuo cellulare.<\/p>\n<p>Contattateci per ulteriori informazioni, formazione o assistenza a<br \/>\n<a href=\"mailto:support@marah.ch\">support@marah.ch<\/a><\/p>\n<p>MyMat\u00ae\ufe0f Informazioni generali<\/p>\n<p>MyMat ha 85 programmi preimpostati incorporati nella sua applicazione. L&#8217;applicazione \u00e8 molto facile da usare e ogni programma \u00e8 appositamente progettato per sostenere la salute e la guarigione in un modo specifico. Potete trovare la soluzione perfetta per le vostre esigenze individuali.<\/p>\n<p>MyMat offre anche un approccio integrativo e olistico, incorporando il bilanciamento di chakra, meridiani ed elementi, come praticato nella medicina tradizionale cinese, indiana e tibetana.<\/p>\n<p>La terapia PEMF fornisce un modo sicuro e non invasivo per aiutare la guarigione e ridurre il dolore e lo stress.<\/p>\n<p>La terapia PEMF utilizza frequenze elettromagnetiche pulsate per &#8220;resettare&#8221; le cellule del corpo, simile alla ricarica di una batteria. Le cellule stanche o danneggiate ricevono onde elettromagnetiche che stimolano la circolazione, l&#8217;ossigenazione e l&#8217;idratazione e aiutano a rimuovere le tossine dalle cellule.<\/p>\n<p>Riequilibrare e ricostruire il nostro corpo a livello cellulare pu\u00f2 stimolare l&#8217;autoguarigione e aiutare il nostro corpo a recuperare e guarire.<\/p>\n<p>La malattia \u00e8 causata da un blocco nel flusso di informazioni. Con il MyMat, l&#8217;informazione mancante pu\u00f2 essere iniettata generando la corretta frequenza elettromagnetica e ricollegando cos\u00ec l&#8217;anello mancante nella comunicazione cellulare. Una piccola quantit\u00e0 di informazioni elettromagnetiche pu\u00f2 essere tutto ci\u00f2 che \u00e8 necessario per stimolare l&#8217;auto-guarigione. Quando \u00e8 combinato con altre terapie, amplifica l&#8217;efficacia di queste terapie.<\/p>\n<p>MyMat\u00ae\ufe0f offre non solo salute e benessere ma anche sicurezza, qualit\u00e0 e design con una garanzia di 2 anni.<\/p>\n<p>&nbsp;<\/p>\n<h2>SCHEDA TECNICA Healing House<\/h2>\n<ul>\n<li>Tipo di dispositivo: Tappetino portatile ultra leggero con connettivit\u00e0 wireless Wi-Fi e batteria ricaricabile.<\/li>\n<li>Materiali: Tessuto morbido e schiumato.<\/li>\n<li>Principio di funzionamento: Generazione di campi elettromagnetici pulsati (CEMP) a bassa frequenza e bassa intensit\u00e0.<\/li>\n<li>Tecnologia conosciuta come: Campi elettromagnetici pulsati (PEMF), bio-magnetismo, biorisonanza, PEMF.<\/li>\n<li>Classificazione del prodotto: Terapia energetica, terapia vibrazionale.<\/li>\n<li>Sistema di comunicazione senza fili: Wi-Fi<\/li>\n<li>Gamma di frequenza: 1HZ a 200 KHZ<\/li>\n<li>Segnale emesso: Segnali elettromagnetici a onda quadra.<\/li>\n<li>Intensit\u00e0 massima del campo magnetico sulla superficie del dispositivo:<\/li>\n<li>5 milligauss x 4 canali<\/li>\n<li>Numero di antenne: 4 bobine piatte flessibili.<\/li>\n<li>Programmazione: 85 programmi, riabilitazione, fitness, rilassamento fisico ed emotivo.<\/li>\n<li>Sistema di controllo: App programmabile per dispositivi mobili Android e IOS con 11 categorie, 93 combinazioni preimpostate e 85 programmi individuali.<\/li>\n<li>Usi: Riabilitazione, fitness, rilassamento fisico ed emotivo, medicina preventiva e olistica, fisioterapia, benessere, meditazione, estetica, industria dentale, medicina veterinaria.<\/li>\n<li>Alimentazione: 1 batteria ricaricabile da 3,7 volt DC, 3000 Milliamp\u00e8re.<\/li>\n<li>Sicurezza: Protezione attiva da cortocircuito, protezione da sovracorrente e da sovratensione. Protezione passiva con fusibili a tecnologia SMT.<\/li>\n<li>Intervallo di temperatura per il funzionamento: + 5 \u00b0 a + 45 \u00b0<\/li>\n<li>Misure del dispositivo: 32x25x2 cm.<\/li>\n<li>Misure della borsa: 40x32x2,5 cm.<\/li>\n<li>Misure della scatola di imballaggio: 39x26x8,3 cm.<\/li>\n<li>Garanzia: 2 anni.<\/li>\n<\/ul>\n<p>&nbsp;<\/p>\n<h2>Testimonianze<\/h2>\n<div style=\"width: 640px;\" class=\"wp-video\"><video class=\"wp-video-shortcode\" id=\"video-101537-1\" width=\"640\" height=\"360\" preload=\"metadata\" controls=\"controls\"><source type=\"video\/mp4\" src=\"https:\/\/play.vod2.infomaniak.com\/single\/1jhvl2uq9o9tb\/1jhvl2uq9o9pe\/1jhvl2uq9o9tl.mp4?_=1\" \/><a href=\"https:\/\/play.vod2.infomaniak.com\/single\/1jhvl2uq9o9tb\/1jhvl2uq9o9pe\/1jhvl2uq9o9tl.mp4\" target=\"_blank\" rel=\"noopener\">https:\/\/play.vod2.infomaniak.com\/single\/1jhvl2uq9o9tb\/1jhvl2uq9o9pe\/1jhvl2uq9o9tl.mp4<\/a><\/video><\/div>\n<p>&nbsp;<\/p>\n<div style=\"width: 640px;\" class=\"wp-video\"><video class=\"wp-video-shortcode\" id=\"video-101537-2\" width=\"640\" height=\"360\" preload=\"metadata\" controls=\"controls\"><source type=\"video\/mp4\" src=\"https:\/\/play.vod2.infomaniak.com\/single\/1jhvl2uq9o9sv\/1jhvl2uq9o9pe\/1jhvl2uq9o9t5.mp4?_=2\" \/><a href=\"https:\/\/play.vod2.infomaniak.com\/single\/1jhvl2uq9o9sv\/1jhvl2uq9o9pe\/1jhvl2uq9o9t5.mp4\" target=\"_blank\" rel=\"noopener\">https:\/\/play.vod2.infomaniak.com\/single\/1jhvl2uq9o9sv\/1jhvl2uq9o9pe\/1jhvl2uq9o9t5.mp4<\/a><\/video><\/div>\n<p>&nbsp;<\/p>\n<div style=\"width: 640px;\" class=\"wp-video\"><video class=\"wp-video-shortcode\" id=\"video-101537-3\" width=\"640\" height=\"360\" preload=\"metadata\" controls=\"controls\"><source type=\"video\/mp4\" src=\"https:\/\/play.vod2.infomaniak.com\/single\/1jhvl2uq9o9sf\/1jhvl2uq9o9pe\/1jhvl2uq9o9sp.mp4?_=3\" \/><a href=\"https:\/\/play.vod2.infomaniak.com\/single\/1jhvl2uq9o9sf\/1jhvl2uq9o9pe\/1jhvl2uq9o9sp.mp4\" target=\"_blank\" rel=\"noopener\">https:\/\/play.vod2.infomaniak.com\/single\/1jhvl2uq9o9sf\/1jhvl2uq9o9pe\/1jhvl2uq9o9sp.mp4<\/a><\/video><\/div>\n","protected":false},"excerpt":{"rendered":"<p><strong>MyMat aggiornato con antenne di ultima generazione e programma per animali.<\/strong><\/p>\n<p>MyMat \u00e9 un dispositivo che emette segnali terapeutici dinamici autoriparatori che creano una sinfonia di onde. Queste onde o frequenze stimolano le cellule e ripristinano i loro percorsi di comunicazione biologica, inducendo cos\u00ec il naturale processo di guarigione del corpo.<\/p>\n","protected":false},"featured_media":101533,"comment_status":"open","ping_status":"closed","template":"","meta":{"_acf_changed":false},"product_brand":[],"product_cat":[230],"product_tag":[],"class_list":{"0":"post-101537","1":"product","2":"type-product","3":"status-publish","4":"has-post-thumbnail","6":"product_cat-dispositivi-per-la-salute","7":"product_shipping_class-pacco","9":"first","10":"instock","11":"shipping-taxable","12":"purchasable","13":"product-type-simple"},"acf":[],"_links":{"self":[{"href":"https:\/\/www.marah.ch\/it\/wp-json\/wp\/v2\/product\/101537","targetHints":{"allow":["GET"]}}],"collection":[{"href":"https:\/\/www.marah.ch\/it\/wp-json\/wp\/v2\/product"}],"about":[{"href":"https:\/\/www.marah.ch\/it\/wp-json\/wp\/v2\/types\/product"}],"replies":[{"embeddable":true,"href":"https:\/\/www.marah.ch\/it\/wp-json\/wp\/v2\/comments?post=101537"}],"wp:featuredmedia":[{"embeddable":true,"href":"https:\/\/www.marah.ch\/it\/wp-json\/wp\/v2\/media\/101533"}],"wp:attachment":[{"href":"https:\/\/www.marah.ch\/it\/wp-json\/wp\/v2\/media?parent=101537"}],"wp:term":[{"taxonomy":"product_brand","embeddable":true,"href":"https:\/\/www.marah.ch\/it\/wp-json\/wp\/v2\/product_brand?post=101537"},{"taxonomy":"product_cat","embeddable":true,"href":"https:\/\/www.marah.ch\/it\/wp-json\/wp\/v2\/product_cat?post=101537"},{"taxonomy":"product_tag","embeddable":true,"href":"https:\/\/www.marah.ch\/it\/wp-json\/wp\/v2\/product_tag?post=101537"}],"curies":[{"name":"wp","href":"https:\/\/api.w.org\/{rel}","templated":true}]}}