{"id":100889,"date":"2015-04-28T07:06:34","date_gmt":"2015-04-28T05:06:34","guid":{"rendered":"https:\/\/www.marah.ch\/prodotto\/set-sottobottiglia\/"},"modified":"2021-11-19T20:59:04","modified_gmt":"2021-11-19T19:59:04","slug":"set-sottobottiglia","status":"publish","type":"product","link":"https:\/\/www.marah.ch\/it\/prodotto\/set-sottobottiglia\/","title":{"rendered":"3 sottobottiglia"},"content":{"rendered":"<p><span style=\"font-size: 10pt;\">Per conoscere gli effetti dell&#8217;acqua magnetizzata consultare la voce\u00a0<a href=\"https:\/\/www.marah.ch\/it\/content\/16-cos-e-l-acqua-magnetizzata\">ACQUA MAGNETIZZATA<\/a> nel menu principale.<\/span><\/p>\n<h2><span style=\"color: #2c9ffd;\">Il sottobottiglia magnetico blu per l\u2019acqua o le bibite di polarit\u00e0 mista<br \/>\n<\/span><\/h2>\n<table style=\"height: 183px;\" width=\"1004\">\n<tbody>\n<tr>\n<td><span style=\"font-size: 10pt;\"><img fetchpriority=\"high\" decoding=\"async\" class=\"alignnone size-medium wp-image-294968\" src=\"https:\/\/www.marah.ch\/wp-content\/uploads\/2015\/04\/sottobottiglia-blu-e-verde-cmp-1-300x183.png\" alt=\"\" width=\"300\" height=\"183\" srcset=\"https:\/\/www.marah.ch\/wp-content\/uploads\/2015\/04\/sottobottiglia-blu-e-verde-cmp-1-300x183.png 300w, https:\/\/www.marah.ch\/wp-content\/uploads\/2015\/04\/sottobottiglia-blu-e-verde-cmp-1-1024x625.png 1024w, https:\/\/www.marah.ch\/wp-content\/uploads\/2015\/04\/sottobottiglia-blu-e-verde-cmp-1-768x469.png 768w, https:\/\/www.marah.ch\/wp-content\/uploads\/2015\/04\/sottobottiglia-blu-e-verde-cmp-1-1200x733.png 1200w, https:\/\/www.marah.ch\/wp-content\/uploads\/2015\/04\/sottobottiglia-blu-e-verde-cmp-1-98x60.png 98w, https:\/\/www.marah.ch\/wp-content\/uploads\/2015\/04\/sottobottiglia-blu-e-verde-cmp-1-147x90.png 147w, https:\/\/www.marah.ch\/wp-content\/uploads\/2015\/04\/sottobottiglia-blu-e-verde-cmp-1.png 1310w\" sizes=\"(max-width: 300px) 100vw, 300px\" \/><\/span><\/td>\n<td><span style=\"font-size: 10pt;\">Le sue misure sono adatte alla porta del frigorifero (<span style=\"color: #000000;\"><strong>9 X 9 cm<\/strong><\/span>). Latte ed alimenti mantengono la loro freschezza molto oltre la data di scadenza.<\/span><\/td>\n<\/tr>\n<\/tbody>\n<\/table>\n<p><span style=\"color: #339966;\"><strong><span style=\"color: #2c9ffd;\">L\u2019acqua magnetizzata a polarit\u00e0 mista, agisce su numerosi disturbi<\/span>\u00a0<\/strong><\/span>per via delle propriet\u00e0 che l\u2019energia magnetica conferisce all\u2019acqua. I campi magnetici permettono di agire al pi\u00f9 profondo del corpo tramite le bevande. <strong>L\u2019acqua magnetizzata<\/strong> presenta molteplici\u00a0<strong>qualit\u00e0<\/strong>: <strong>diuretica<\/strong>, <strong>leggera<\/strong>, <strong>mineralizzata<\/strong>, non ha l\u2019inconveniente di formare micro cristalli dannosi all\u2019organismo, ed ha un sorprendente <strong>potere<\/strong> <strong>depurativo<\/strong>.<\/p>\n<h3 style=\"text-align: left;\"><span style=\"color: #2c9ffd;\"><strong>\u00c8 consigliato bere 3 cl d\u2019acqua per ogni kg corporeo di cui 1 o 2 bicchieri al mattino a digiuno!\u00a0<\/strong><\/span><\/h3>\n<p><span style=\"color: #2c9ffd;\"><strong>Sottobottiglia<\/strong><\/span><span class=\"Apple-converted-space\">\u00a0magnetico\u00a0<\/span>azzurro, per<span class=\"Apple-converted-space\">\u00a0<\/span><strong>magnetizzare<\/strong><span class=\"Apple-converted-space\">\u00a0<\/span>acqua o bevande con la<span class=\"Apple-converted-space\">\u00a0<\/span><strong>polarit\u00e0 mista<\/strong><span class=\"Apple-converted-space\">\u00a0<\/span>con 1800 Gauss (oc) misurabili in superficie.<\/p>\n<h4>I<em>l<span class=\"Apple-converted-space\">\u00a0<\/span><strong>sottobottiglia magnetico<\/strong><span class=\"Apple-converted-space\">\u00a0<\/span>\u00e8 molto<span class=\"Apple-converted-space\">\u00a0<\/span><strong>utile<span class=\"Apple-converted-space\">\u00a0<\/span><\/strong>in<span class=\"Apple-converted-space\">\u00a0<\/span><strong>cucina<\/strong>, nel<span class=\"Apple-converted-space\">\u00a0<\/span><strong>frigorifero<\/strong>, sotto un\u00a0<strong><span class=\"Apple-converted-space\">annaffiatoio\u00a0<\/span><\/strong>o un<span class=\"Apple-converted-space\">\u00a0<\/span><strong>vaso di fiori.<\/strong>\u00a0 Il magnete modifica la formula dell\u2019acqua del rubinetto rendendola pi\u00f9 simile all\u2019acqua di sorgente, pi\u00f9 gradevole di sapore. \u00c8 anche<span class=\"Apple-converted-space\">\u00a0<\/span><strong>utile<span class=\"Apple-converted-space\">\u00a0<\/span><\/strong>al nostro<span class=\"Apple-converted-space\">\u00a0<\/span><strong>ferro da stiro<\/strong>, nelle<span class=\"Apple-converted-space\">\u00a0<\/span><strong>macchine del caff\u00e8<\/strong><span class=\"Apple-converted-space\">\u00a0<\/span>o nel<span class=\"Apple-converted-space\">\u00a0<\/span><strong>bollitore elettrico<\/strong><span class=\"Apple-converted-space\">\u00a0<\/span>(attenzione, il magnete non va fatto bollire!).<br \/>\n<\/em><\/h4>\n<p><span style=\"color: #2c9ffd;\"><strong>L\u2019acqua<span class=\"Apple-converted-space\">\u00a0<\/span>di<span class=\"Apple-converted-space\">\u00a0<\/span>polarit\u00e0 mista<span class=\"Apple-converted-space\">\u00a0<\/span>\u00e8<span class=\"Apple-converted-space\">\u00a0<\/span>ideale<span class=\"Apple-converted-space\">\u00a0<\/span>per essere<span class=\"Apple-converted-space\">\u00a0<\/span>bevuta<span class=\"Apple-converted-space\">\u00a0<\/span>sia da<span class=\"Apple-converted-space\">\u00a0<\/span>adulti<span class=\"Apple-converted-space\">\u00a0<\/span>che<span class=\"Apple-converted-space\">\u00a0<\/span>bambini,\u00a0anziani,<span class=\"Apple-converted-space\">\u00a0<\/span>animali<span class=\"Apple-converted-space\">\u00a0<\/span>o<span class=\"Apple-converted-space\">\u00a0per annaffiare le\u00a0<\/span>piante.<\/strong><\/span><\/p>\n<p><strong>Possiamo<span class=\"Apple-converted-space\">\u00a0<\/span><\/strong>anche<span class=\"Apple-converted-space\">\u00a0<\/span><strong>adoperarla<span class=\"Apple-converted-space\">\u00a0<\/span><\/strong>al posto del<span class=\"Apple-converted-space\">\u00a0<\/span><strong>tonico<span class=\"Apple-converted-space\">\u00a0<\/span><\/strong>per<span class=\"Apple-converted-space\">\u00a0<\/span><strong>pulire il viso<\/strong><span class=\"Apple-converted-space\">\u00a0<\/span>e per<span class=\"Apple-converted-space\">\u00a0<\/span><strong>pulire<span class=\"Apple-converted-space\">\u00a0<\/span><\/strong>delle\u00a0<strong>ferite<span class=\"Apple-converted-space\">\u00a0<\/span><\/strong>o per fare<span class=\"Apple-converted-space\">\u00a0<\/span><strong>gargarismi<\/strong>,<span class=\"Apple-converted-space\">\u00a0<\/span><strong>risciacqui<\/strong>,<span class=\"Apple-converted-space\">\u00a0<\/span><strong>cataplasmi<\/strong>.<span style=\"color: #339966;\">.<\/span><\/p>\n<p>L\u2019acqua magnetizzata\u00a0non ha contro-indicazioni e pu\u00f2 essere associata a trattamenti medici.<br \/>\n<strong>\u00a0<\/strong><\/p>\n<h2><span style=\"color: #339966;\">Sottobottiglia magnetico <span style=\"color: #d0121a;\">Rosso<\/span> e verde per magnetizzare acqua o bibite con la polarit\u00e0 desiderata<\/span><\/h2>\n<p>Il <strong>sottobottiglia magnetico\u00a0<\/strong> ha 1800 Gauss (oc) misurabili in superficie.<br \/>\n\u00c8\u00a0<strong>utile <\/strong>per \u00a0<strong>magnetizzare bibite<\/strong>, <strong>alimenti<\/strong>, <strong>creme <\/strong>o <strong>oli da massaggio.\u00a0<\/strong><br \/>\nSul polo negativo per <strong>calmare<\/strong>, su quello positivo per <strong>tonificare<\/strong>.<\/p>\n<p><span style=\"color: #339966;\">\u00a0<\/span><\/p>\n<h3 style=\"text-align: left;\"><strong>Ogni sottobottiglia ha un lato verde e un lato rosso:\u00a0<\/strong><\/h3>\n<p><span style=\"color: #339966;\">Polarit\u00e0 nord, negativa (-) da un lato (lato verde)<br \/>\n<\/span><span style=\"color: #ff0000;\">Polarit\u00e0 sud, positiva (+) dall\u2019altro lato (lato rosso)<\/span><\/p>\n<ul>\n<li>Il<span class=\"Apple-converted-space\">\u00a0<\/span><strong>sottobottiglia magnetico\u00a0 <\/strong>\u00e8<span class=\"Apple-converted-space\">\u00a0<\/span><strong>ideale<span class=\"Apple-converted-space\">\u00a0<\/span><\/strong>per<span class=\"Apple-converted-space\">\u00a0<\/span><strong>magnetizzare<span class=\"Apple-converted-space\">\u00a0anche\u00a0<\/span><\/strong>grandi quantitativi di<span class=\"Apple-converted-space\">\u00a0<\/span><span style=\"color: #218e53;\"><strong>acqua negativa<\/strong><\/span><span class=\"Apple-converted-space\">\u00a0<\/span>o<strong><span style=\"color: #d0121a;\"><span class=\"Apple-converted-space\"> p<\/span>ositiva.<\/span><\/strong><\/li>\n<li>Inoltre il sottobottiglia\u00a0 pu\u00f2 essere utilizzato come un normale magnete per calmare un dolore esteso.<\/li>\n<li>Lo si utilizza anche per regolare l\u2019energia nelle varie parti del corpo secondo il metodo Bansal.<\/li>\n<\/ul>\n<p style=\"text-align: left;\"><span style=\"color: #339966;\"><strong>L\u2019acqua magnetizzata negativa, agisce su numerosi disturbi\u00a0<\/strong><\/span>per via delle propriet\u00e0 che l\u2019energia magnetica conferisce all\u2019acqua. I campi magnetici permettono di agire al pi\u00f9 profondo del corpo tramite le bevande. <strong>L&#8217;acqua magnetizzata negativa disinfiamma dall&#8217;interno, calma, abbassa la pressione quindi non dovete abusarne.<br \/>\n<\/strong><\/p>\n<p><span style=\"color: #339966;\"><strong>\u00c8 consigliato bere 1 bicchiere a digiuno la mattina e uno la sera.<br \/>\n<\/strong><\/span><\/p>\n<h3 style=\"text-align: left;\"><span style=\"color: #339966;\">Come\u00a0<strong>magnetizzare\u00a0<\/strong>anche\u00a0<strong>creme<\/strong>,\u00a0<strong>oli da massaggio<\/strong>, balsami, ecc.:<\/span><\/h3>\n<ul>\n<li><span style=\"color: #218e53;\">Per<span class=\"Apple-converted-space\">\u00a0<\/span><strong>alleviare il dolore<\/strong>,<span class=\"Apple-converted-space\">\u00a0<\/span><strong>rinfrescare<\/strong>,<span class=\"Apple-converted-space\">\u00a0<\/span><strong>calmare<span class=\"Apple-converted-space\">\u00a0<\/span><\/strong>e come<span class=\"Apple-converted-space\">\u00a0<\/span><strong>antinfiammatorio<span class=\"Apple-converted-space\">\u00a0<\/span><\/strong>si posa il vasetto o la bottiglia sulla polarit\u00e0 negativa (-) del magnete sotto-bottiglia.<\/span><\/li>\n<li>Pi\u00f9 la sostanza \u00e8 densa e pi\u00f9 il tempo necessario alla magnetizzazione aumenta.<\/li>\n<li>Ci vorranno dalle 14 ore alle 2 settimane secondo la densit\u00e0 dei prodotti.<\/li>\n<\/ul>\n<p><span style=\"color: #d0121a;\">Per le<span class=\"Apple-converted-space\">\u00a0<\/span><strong>creme antirughe<\/strong>, le<span class=\"Apple-converted-space\">\u00a0<\/span><strong>maschere per il viso<\/strong>, per la pelle a buccia d\u2019arancio, per<span class=\"Apple-converted-space\">\u00a0<\/span><strong>tonificare la pelle<\/strong>, si poser\u00e0 il vasetto o la bottiglia sulla polarit\u00e0 positiva (+) del sotto-bottiglia\u00a0\u00a0ottenendo cos\u00ec un<span class=\"Apple-converted-space\">\u00a0<\/span><strong>effetto stimolante<\/strong>,<span class=\"Apple-converted-space\">\u00a0<\/span><strong>rivitalizzante<span class=\"Apple-converted-space\">\u00a0<\/span><\/strong>e favorire l\u2019irrorazione sanguigna.<\/span><\/p>\n<ul>\n<li>Non si usa la polarit\u00e0 mista per magnetizzare le creme o gli oli.<\/li>\n<\/ul>\n<p><span style=\"color: #000000;\">L\u2019acqua magnetizzata\u00a0non ha contro-indicazioni e pu\u00f2 essere associata a qualsiasi trattamento medico.<\/span><br \/>\n<span style=\"color: #000000;\"> <strong>I magneti non sostituiscono\u00a0una visita medica quando \u00e8 necessaria!<\/strong><\/span><\/p>\n<p><strong>\u00a0<\/strong><\/p>\n","protected":false},"excerpt":{"rendered":"<p>Set completo di 3 sottobottiglia. 2 blu per magnetizzare acqua con polarit\u00e0 mista e 1 verde e rosso per magnetizzare acqua negativa o positiva, a vostra scelta.<\/p>\n","protected":false},"featured_media":294968,"comment_status":"open","ping_status":"closed","template":"","meta":{"_acf_changed":false},"product_brand":[],"product_cat":[226,246],"product_tag":[],"class_list":{"0":"post-100889","1":"product","2":"type-product","3":"status-publish","4":"has-post-thumbnail","6":"product_cat-acqua-magnetizzata","7":"product_cat-offerte","8":"product_shipping_class-pacco","9":"pa_setsottobottiglia-a2-2azzurrie1verdeerosso","10":"pa_setsottobottiglia-8b-2verdierossie1azzurro","11":"pa_setsottobottiglia-d1-3azzurri","12":"pa_setsottobottiglia-30-3verdierossi","14":"first","15":"instock","16":"sale","17":"shipping-taxable","18":"purchasable","19":"product-type-variable","20":"has-default-attributes"},"acf":[],"_links":{"self":[{"href":"https:\/\/www.marah.ch\/it\/wp-json\/wp\/v2\/product\/100889","targetHints":{"allow":["GET"]}}],"collection":[{"href":"https:\/\/www.marah.ch\/it\/wp-json\/wp\/v2\/product"}],"about":[{"href":"https:\/\/www.marah.ch\/it\/wp-json\/wp\/v2\/types\/product"}],"replies":[{"embeddable":true,"href":"https:\/\/www.marah.ch\/it\/wp-json\/wp\/v2\/comments?post=100889"}],"wp:featuredmedia":[{"embeddable":true,"href":"https:\/\/www.marah.ch\/it\/wp-json\/wp\/v2\/media\/294968"}],"wp:attachment":[{"href":"https:\/\/www.marah.ch\/it\/wp-json\/wp\/v2\/media?parent=100889"}],"wp:term":[{"taxonomy":"product_brand","embeddable":true,"href":"https:\/\/www.marah.ch\/it\/wp-json\/wp\/v2\/product_brand?post=100889"},{"taxonomy":"product_cat","embeddable":true,"href":"https:\/\/www.marah.ch\/it\/wp-json\/wp\/v2\/product_cat?post=100889"},{"taxonomy":"product_tag","embeddable":true,"href":"https:\/\/www.marah.ch\/it\/wp-json\/wp\/v2\/product_tag?post=100889"}],"curies":[{"name":"wp","href":"https:\/\/api.w.org\/{rel}","templated":true}]}}