{"id":100693,"date":"2015-04-28T07:06:34","date_gmt":"2015-04-28T05:06:34","guid":{"rendered":"https:\/\/www.marah.ch\/prodotto\/cosam-plus\/"},"modified":"2024-02-27T10:20:55","modified_gmt":"2024-02-27T09:20:55","slug":"cosam-plus","status":"publish","type":"product","link":"https:\/\/www.marah.ch\/it\/prodotto\/cosam-plus\/","title":{"rendered":"Cosam Plus"},"content":{"rendered":"<p><img fetchpriority=\"high\" decoding=\"async\" class=\"caption alignleft size-full wp-image-100689\" src=\"https:\/\/www.marah.ch\/wp-content\/uploads\/2015\/04\/coppia-cosam-plus-3-per-sito-alt.jpg\" alt=\"alt\" width=\"300\" height=\"225\" align=\"left\" border=\"0\" \/>Magnete in Neodimio, racchiuso in un guscio di plastica.<\/p>\n<p>Cosam Plus \u00e8 ideato per alleviare forti dolori in modo efficace e veloce, oppure per stimolare e attivare zone a bassa energia.<\/p>\n<p>Da utilizzare come un cosam 8000.<\/p>\n<p>-essendo pi\u00f9 grande \u00e9 ideale per zone pi\u00f9 ampie.<\/p>\n<p>Trattamento breve, (max 45 minuti) diverse volte al giorno se necessario.<\/p>\n<p>Lato blu = polo negativo (polo Nord del magnete) = ha un effetto sedativo, calmante<br \/>\nLato rosso = polo positivo (polo Sud del magnete) = ha un effetto tonificante, attivante.<\/p>\n<p>Dimensioni: diametro 40 x 6.5 mm<\/p>\n<p>2500 Gauss misurati in superficie<\/p>\n<p>Applicazioni:<\/p>\n<p>Diverse applicazioni al giorno sulla zona interessata per periodi non pi\u00f9 lunghi di 45 minuti.<\/p>\n<p><strong><span style=\"color: #ff0000;\">Attenzione: I magneti sono sconsigliati ai portatori di pace maker e donne in gravidanza<br \/>\n<\/span><\/strong><\/p>\n","protected":false},"excerpt":{"rendered":"<p>Magnete molto potente, adatto ad alleviare dolori acuti ed estesi Dimensioni: mm 40 x mm 6.50<\/p>\n<p>2500 Gauss misurati in superficie.<\/p>\n<table class=\"std table-product-discounts\">\n<tbody>\n<tr>\n<td><span style=\"color: #9b9b9b;\"><strong>Sconto del 10% a partire da 3 pezzi<\/strong><\/span><\/td>\n<\/tr>\n<tr>\n<td><span style=\"color: #9b9b9b;\"><strong>Sconto del 15% a partire da\u00a06 pezzi<\/strong><\/span><\/td>\n<\/tr>\n<tr>\n<td><span style=\"color: #9b9b9b;\"><strong>Sconto del 20%\u00a0<strong>a partire da 11\u00a0pezzi<\/strong><\/strong><\/span><\/td>\n<\/tr>\n<tr>\n<td><span style=\"color: #9b9b9b;\"><strong>Sconto del 30%\u00a0<strong>a partire da 20\u00a0pezzi<\/strong><\/strong><\/span><\/td>\n<\/tr>\n<\/tbody>\n<\/table>\n","protected":false},"featured_media":100685,"comment_status":"open","ping_status":"closed","template":"","meta":{"_acf_changed":false},"product_brand":[],"product_cat":[218],"product_tag":[],"class_list":{"0":"post-100693","1":"product","2":"type-product","3":"status-publish","4":"has-post-thumbnail","6":"product_cat-biomagneti-marah","8":"first","9":"instock","10":"shipping-taxable","11":"purchasable","12":"product-type-simple"},"acf":[],"_links":{"self":[{"href":"https:\/\/www.marah.ch\/it\/wp-json\/wp\/v2\/product\/100693","targetHints":{"allow":["GET"]}}],"collection":[{"href":"https:\/\/www.marah.ch\/it\/wp-json\/wp\/v2\/product"}],"about":[{"href":"https:\/\/www.marah.ch\/it\/wp-json\/wp\/v2\/types\/product"}],"replies":[{"embeddable":true,"href":"https:\/\/www.marah.ch\/it\/wp-json\/wp\/v2\/comments?post=100693"}],"wp:featuredmedia":[{"embeddable":true,"href":"https:\/\/www.marah.ch\/it\/wp-json\/wp\/v2\/media\/100685"}],"wp:attachment":[{"href":"https:\/\/www.marah.ch\/it\/wp-json\/wp\/v2\/media?parent=100693"}],"wp:term":[{"taxonomy":"product_brand","embeddable":true,"href":"https:\/\/www.marah.ch\/it\/wp-json\/wp\/v2\/product_brand?post=100693"},{"taxonomy":"product_cat","embeddable":true,"href":"https:\/\/www.marah.ch\/it\/wp-json\/wp\/v2\/product_cat?post=100693"},{"taxonomy":"product_tag","embeddable":true,"href":"https:\/\/www.marah.ch\/it\/wp-json\/wp\/v2\/product_tag?post=100693"}],"curies":[{"name":"wp","href":"https:\/\/api.w.org\/{rel}","templated":true}]}}