{"id":100305,"date":"2015-04-28T07:05:44","date_gmt":"2015-04-28T05:05:44","guid":{"rendered":"https:\/\/www.marah.ch\/prodotto\/magnete-d-025\/"},"modified":"2021-11-19T21:00:24","modified_gmt":"2021-11-19T20:00:24","slug":"magnete-d-025","status":"publish","type":"product","link":"https:\/\/www.marah.ch\/it\/prodotto\/magnete-d-025\/","title":{"rendered":"Magnete D-025"},"content":{"rendered":"<div style=\"text-align: justify;\"><span style=\"font-size: 10pt;\"><span style=\"font-family: verdana, geneva;\">Magnete in ferrite ricoperto da un guscio in plastica. <\/span><\/span><\/div>\n<div style=\"text-align: justify;\"><span style=\"font-size: 10pt;\"><span style=\"font-size: 10pt;\"><span style=\"font-family: verdana, geneva;\"><br \/>\nLato bianco = Polo negativo = ha un effetto calmante e antiinfiammatorio<br \/>\nLato nero = polo positivo = ha un effetto tonificante, attivante.<br \/>\n<\/span><\/span><\/span><\/div>\n<div style=\"text-align: justify;\"><\/div>\n<div style=\"text-align: justify;\">\n<p><span style=\"font-size: 10pt;\"><span style=\"font-size: 10pt;\"><span style=\"font-family: verdana, geneva;\">Lo si usa in applicazione diretta su un dolore, una ferita, una cicatrice\u00a0 o per fare un massaggio\u00a0 energetico\u00a0 dell\u2019aura o dei meridiani.<br \/>\nMa anche per magnetizzare bibite, alimenti, creme o oli da massaggio sul polo negativo per calmare, su quello positivo per tonificare.<\/span><\/span><\/span><\/p>\n<p>Il Biomagnete D-25 \u00e8 un magnete in ferrite magnetizzato in saturazione a 2500 Gauss con ben 750 Gauss misurabili in superficie, ricoperto da un guscio in plastica ABS.<br \/>\nLato bianco = Polo nord, negativo (-)<br \/>\nLato nero = Polo sud, positivo (+)<br \/>\nDimensione: 60 x 25 x 10 mm<br \/>\nApplicazioni:\u00a0 lo si pu\u00f2 applicare sulla parte interessata con un cerotto.<\/p>\n<p>Il polo negativo (- colore bianco) ha un effetto sedativo e calmante<br \/>\nIl polo positivo (+ colore nero ) ha un effetto tonificante ed attivante<\/p>\n<p>La sua dimensione lo rende facile da maneggiare sia per fare un massaggio energetico che per applicarlo su ferite o cicatrici estese.<br \/>\nLo si usa anche per calmare gli stati di ansia, o di stress (le donne lo infilano nel reggiseno tra i seni, gli uomini lo appendono con una catenella o un cordoncino).<\/p>\n<p>In caso di insonnia si posa il polo negativo sulla fronte.<\/p>\n<p>Come magnetizzare anche le creme, gli oli da massaggio, ecc.:<br \/>\nPer alleviare il dolore, rinfrescare, calmare si posa il vasetto o la bottiglia sulla polarit\u00e0 negativa (-) del magnete.<br \/>\nPi\u00f9 la sostanza \u00e8 densa e pi\u00f9 il tempo necessario alla magnetizzazione aumenta.<br \/>\nCi vorranno dalle 14 ore alle 2 settimane secondo la densit\u00e0 dei prodotti.<\/p>\n<p>Per le creme antirughe, le maschere per il viso, per l\u2019anticellulite, per tonificare la pelle, si poser\u00e0 il vasetto o la bottiglia sulla polarit\u00e0 positiva (+) del magnete ottenendo cos\u00ec un effetto stimolante, rivitalizzante e favorire l\u2019irrorazione sanguigna.<\/p>\n<p><span style=\"color: #d0121a;\">Attenzione: Il polo positivo (+) non si applica mai su un\u2019infezione, un\u2019infiammazione o un dolore!<\/span><br \/>\n<span style=\"color: #d0121a;\">I magneti non sono consigliati alle persone portatrici di pacemaker.<\/span><\/p>\n<p><span style=\"font-size: 10pt;\"><span style=\"font-family: verdana, geneva;\">\u00a0<\/span><\/span><\/p>\n<\/div>\n","protected":false},"excerpt":{"rendered":"<p>Magnete ad azione dolce adatto ai massaggi e ad applicazioni sul punto da trattare.dimensioni: cm 6 x cm 2,5 x cm 1Misura in superficie Gauss 750<\/p>\n<table class=\"std table-product-discounts\">\n<tbody>\n<tr>\n<td><span style=\"color: #9b9b9b;\"><strong>Sconto del 10% a partire da 3 pezzi<\/strong><\/span><\/td>\n<\/tr>\n<tr>\n<td><span style=\"color: #9b9b9b;\"><strong>Sconto del 15% a partire da\u00a06 pezzi<\/strong><\/span><\/td>\n<\/tr>\n<tr>\n<td><span style=\"color: #9b9b9b;\"><strong>Sconto del 20%\u00a0<strong>a partire da 11\u00a0pezzi<\/strong><\/strong><\/span><\/td>\n<\/tr>\n<tr>\n<td><span style=\"color: #9b9b9b;\"><strong>Sconto del 30%\u00a0<strong>a partire da 20\u00a0pezzi<\/strong><\/strong><\/span><\/td>\n<\/tr>\n<\/tbody>\n<\/table>\n","protected":false},"featured_media":100301,"comment_status":"open","ping_status":"closed","template":"","meta":{"_acf_changed":false},"product_brand":[],"product_cat":[218],"product_tag":[],"class_list":{"0":"post-100305","1":"product","2":"type-product","3":"status-publish","4":"has-post-thumbnail","6":"product_cat-biomagneti-marah","8":"first","9":"instock","10":"shipping-taxable","11":"purchasable","12":"product-type-simple"},"acf":[],"_links":{"self":[{"href":"https:\/\/www.marah.ch\/it\/wp-json\/wp\/v2\/product\/100305","targetHints":{"allow":["GET"]}}],"collection":[{"href":"https:\/\/www.marah.ch\/it\/wp-json\/wp\/v2\/product"}],"about":[{"href":"https:\/\/www.marah.ch\/it\/wp-json\/wp\/v2\/types\/product"}],"replies":[{"embeddable":true,"href":"https:\/\/www.marah.ch\/it\/wp-json\/wp\/v2\/comments?post=100305"}],"wp:featuredmedia":[{"embeddable":true,"href":"https:\/\/www.marah.ch\/it\/wp-json\/wp\/v2\/media\/100301"}],"wp:attachment":[{"href":"https:\/\/www.marah.ch\/it\/wp-json\/wp\/v2\/media?parent=100305"}],"wp:term":[{"taxonomy":"product_brand","embeddable":true,"href":"https:\/\/www.marah.ch\/it\/wp-json\/wp\/v2\/product_brand?post=100305"},{"taxonomy":"product_cat","embeddable":true,"href":"https:\/\/www.marah.ch\/it\/wp-json\/wp\/v2\/product_cat?post=100305"},{"taxonomy":"product_tag","embeddable":true,"href":"https:\/\/www.marah.ch\/it\/wp-json\/wp\/v2\/product_tag?post=100305"}],"curies":[{"name":"wp","href":"https:\/\/api.w.org\/{rel}","templated":true}]}}