{"id":100077,"date":"2015-04-28T07:05:44","date_gmt":"2015-04-28T05:05:44","guid":{"rendered":"https:\/\/www.marah.ch\/prodotto\/water-set\/"},"modified":"2021-10-12T16:21:17","modified_gmt":"2021-10-12T14:21:17","slug":"water-set","status":"publish","type":"product","link":"https:\/\/www.marah.ch\/it\/prodotto\/water-set\/","title":{"rendered":"Water Set"},"content":{"rendered":"<p>2 Biomagneti D-05 <img decoding=\"async\" src=\"https:\/\/www.marah.ch\/images\/stories\/1.jpg\" alt=\"1.jpg\" width=\"119\" height=\"38\" border=\"0\" \/> da inserire nella bottiglia e lasciare agire dalle 4 alle 6 ore minimo. Bere un litro e mezzo di acqua mista al giorno.<\/p>\n<p>1 sottobottiglia bi-polare <img decoding=\"async\" src=\"https:\/\/www.marah.ch\/images\/stories\/marah\/_mg_2613.jpg\" alt=\"_mg_2613.jpg\" width=\"132\" height=\"87\" border=\"0\" \/><img decoding=\"async\" src=\"https:\/\/www.marah.ch\/images\/stories\/marah\/_mg_2636.jpg\" alt=\"_mg_2636.jpg\" width=\"173\" height=\"257\" border=\"0\" \/><\/p>\n<p><strong>Azione sul fegato e la cistifellea:<\/strong> si nota una rapida riduzione del volume del fegato. La regione vescicolare diventa elastica e indolore e si pu\u00f2 notare l\u2019evacuazione di piccoli calcoli biliari nelle feci. I calcoli scompaiono totalmente nel giro di due o tre mesi: solo i calcoli urici resistono al trattamento.<\/p>\n<p><strong>Azione sui reni:<\/strong> l\u2019aumento della produzione di urine influisce sia sul loro volume sia sui residui organici o minerali. Anche i calcoli renali sono disciolti con relativa rapidit\u00e0 a seconda della loro grandezza. Quando l\u2019eliminazione dei calcoli renali \u00e8 dolorosa, sia per dare sollievo, sia per riequilibrare l\u2019energia e aiutare la migrazione del calcolo, \u00e8 bene ricorrere all\u2019omeopatia e all\u2019agopuntura, anch\u2019essi trattamenti sinergici.<\/p>\n<p><strong>Azione sui metabolismi<\/strong>: (urea, colesterolo, zucchero): questa indicazione \u00e8 messa in evidenza dagli esami effettuati prima, durante e dopo una cura di acqua magnetizzata. In molti casi, si \u00e8 constatato il ritorno a livelli normali di tasso del colesterolo e di urea.<\/p>\n<p><strong>Azione sulla pelle:<\/strong> si ha un regresso nelle dermatosi, ad indicare una disintossicazione dell\u2019organismo ed una migliore eliminazione delle sostanze naturali.<\/p>\n<p><strong>Azione sull\u2019apparato digerente:<\/strong> si osserva un aumento dei movimenti peristaltici dell\u2019intestino in relazione agli effetti dell\u2019acqua magnetizzata sulla bile. Nei disturbi digestivi (nausea, vomito, dilatazione dello stomaco, flatulenza, costipazione, ecc\u2026) si ottengono risultati notevoli.<\/p>\n<p><strong>Azione sulla regolazione neuro-ormonale:<\/strong> azione che si \u00e8 constata sul tono e sull\u2019elasticit\u00e0 del sistema neurosimpatico a livello dei polmoni e dello stomaco, come pure una regolarizzazione progressiva e permanente della pressione arteriosa e un effetto sulle variazioni del sistema ormonale.<\/p>\n<p><strong>Azione sul sistema respiratorio:<\/strong> abbinando l\u2019uso di magneti e l\u2019acqua magnetizzata, si ottengono notevoli risultati sull\u2019asma, la bronchite e la congestione polmonare. L\u2019infiammazione dei bronchi e la congestione dei polmoni possono essere considerevolmente ridotte grazie all\u2019aumento della circolazione del sangue e della sua migliore ossigenazione.<\/p>\n<p><strong>Azione sui liquidi interstiziali (sangue e linfa):<\/strong> l\u2019acqua magnetizzata contribuisce all\u2019eliminazione della cellulite e dell\u2019obesit\u00e0. Gli effetti diventano evidenti nel giro di 2 o 3 mesi. L\u2019azione diuretica dell\u2019acqua magnetizzata \u00e8 la causa principale della riduzione degli edemi esterni ed interni. Il ristabilimento dovuto all\u2019acqua magnetizzata rappresenta l\u2019equivalente di una depurazione generale dell\u2019organismo che diventa cos\u00ec pi\u00f9 resistente alle insidie future e pi\u00f9 ricettivo nei confronti delle altre terapie dolci, quale l\u2019omeopatia.<\/p>\n<p>1 sottobottiglia assiale <img loading=\"lazy\" decoding=\"async\" src=\"https:\/\/www.marah.ch\/images\/stories\/marah\/_mg_2603.jpg\" alt=\"_mg_2603.jpg\" width=\"127\" height=\"84\" border=\"0\" \/><img loading=\"lazy\" decoding=\"async\" src=\"https:\/\/www.marah.ch\/images\/stories\/marah\/_mg_2638.jpg\" alt=\"_mg_2638.jpg\" width=\"184\" height=\"231\" border=\"0\" \/><span style=\"font-size: 10pt;\">Il sottobottiglia Marah\u00a0\u00e9 un prezioso oggetto da tenere in cucina, in ufficio o in bagno.<br \/>\n<\/span><\/p>\n<p style=\"text-align: justify;\"><span style=\"font-size: 10pt;\">Il lato negativo (verde) del sottobottiglia vi permette di avere acqua magnetizzata negativa pronta da bere in caso d&#8217;infiammazione interna (cistite, digestione, febbre ecc).<br \/>\nOppure acqua negativa pronta per i gargarismi in caso di gengiviti, afte o mal di gola o impacchi per congiuntiviti o pelle arrossata. (4 bicchieri al giorno massimo)<\/span><\/p>\n","protected":false},"excerpt":{"rendered":"<p>Il Water Set \u00e9 composto da 2 Biomagneti D-05 e 2 Sottobottiglia (1 bi-polare colore blu e 1 assiale colore rosso e verde)<\/p>\n","protected":false},"featured_media":100053,"comment_status":"open","ping_status":"closed","template":"","meta":{"_acf_changed":false},"product_brand":[],"product_cat":[226,218],"product_tag":[],"class_list":{"0":"post-100077","1":"product","2":"type-product","3":"status-publish","4":"has-post-thumbnail","6":"product_cat-acqua-magnetizzata","7":"product_cat-biomagneti-marah","8":"product_shipping_class-pacco","10":"first","11":"instock","12":"shipping-taxable","13":"purchasable","14":"product-type-simple"},"acf":[],"_links":{"self":[{"href":"https:\/\/www.marah.ch\/it\/wp-json\/wp\/v2\/product\/100077","targetHints":{"allow":["GET"]}}],"collection":[{"href":"https:\/\/www.marah.ch\/it\/wp-json\/wp\/v2\/product"}],"about":[{"href":"https:\/\/www.marah.ch\/it\/wp-json\/wp\/v2\/types\/product"}],"replies":[{"embeddable":true,"href":"https:\/\/www.marah.ch\/it\/wp-json\/wp\/v2\/comments?post=100077"}],"wp:featuredmedia":[{"embeddable":true,"href":"https:\/\/www.marah.ch\/it\/wp-json\/wp\/v2\/media\/100053"}],"wp:attachment":[{"href":"https:\/\/www.marah.ch\/it\/wp-json\/wp\/v2\/media?parent=100077"}],"wp:term":[{"taxonomy":"product_brand","embeddable":true,"href":"https:\/\/www.marah.ch\/it\/wp-json\/wp\/v2\/product_brand?post=100077"},{"taxonomy":"product_cat","embeddable":true,"href":"https:\/\/www.marah.ch\/it\/wp-json\/wp\/v2\/product_cat?post=100077"},{"taxonomy":"product_tag","embeddable":true,"href":"https:\/\/www.marah.ch\/it\/wp-json\/wp\/v2\/product_tag?post=100077"}],"curies":[{"name":"wp","href":"https:\/\/api.w.org\/{rel}","templated":true}]}}