{"id":109476,"date":"2015-04-20T16:43:34","date_gmt":"2015-04-20T14:43:34","guid":{"rendered":"https:\/\/www.marah.ch\/possibili-terapie-con-i-magneti\/"},"modified":"2015-04-20T16:43:34","modified_gmt":"2015-04-20T14:43:34","slug":"possibili-terapie-con-i-magneti","status":"publish","type":"page","link":"https:\/\/www.marah.ch\/it\/possibili-terapie-con-i-magneti\/","title":{"rendered":"Possibili terapie con i magneti"},"content":{"rendered":"<h2 class=\"php-postheader\">Possibili terapie con i magneti<\/h2>\n<div class=\"php-postcontent\">\n<div class=\"php-article\">\n<p>Il metodo pi\u00f9 conosciuto e pi\u00f9 facile di utilizzo dei magneti Marah \u00e9 l&#8217;applicazione del magnete direttamente sul loco dolenti, come descritto alla voce\u00a0<strong><a href=\"https:\/\/www.marah.ch\/applicazioni\/applicazioni-nella-magnetoterpia.html\">Applicazioni<\/a>.<\/strong><\/p>\n<\/p>\n<p>I magneti Marah vengono per\u00f2 utilizzati anche da molti terapisti che applicano la\u00a0\u00a0<strong>medicina tradizionale cinese.<\/strong><\/p>\n<p>Il dolore \u00e9 la conseguenza di una brutta circolazione dell&#8217;energia, un blocco del chi, dell&#8217;energia vitale, un manco di ossigeno.<br \/>I trattamenti qui elencati aiutano ad eleminare il blocco energetico e a facilitare la circolazione dell&#8217;energia e del sangue.<\/p>\n<p>Si utilizzano i magneti permanenti Marah associandoli agli insegnamenti della medicina tradizionale cinese per<\/p>\n<div>\n<ul>\n<li>Punti dell&#8217;ago puntura &#8211; magnetopuntura<\/li>\n<li>Punti LUO, punti di riunione dei meridiani<\/li>\n<li>Due meridiani meravigliosi (concezione e governatore)<\/li>\n<li>Punti Knap<\/li>\n<li>Punti terminali delle mani e dei piedi<\/li>\n<li>Centri energetici &#8211; chakra<\/li>\n<li>Circuito magnetico (metodo Bansal)<\/li>\n<li>Riflessologia &#8211; orecchio &#8211; viso &#8211; cavit\u00e0 orale &#8211; plantare<\/li>\n<\/ul>\n<\/div><\/div>\n<\/p><\/div>\n","protected":false},"excerpt":{"rendered":"<p>Possibili terapie con i magneti Il metodo pi\u00f9 conosciuto e pi\u00f9 facile di utilizzo dei magneti Marah \u00e9 l&#8217;applicazione del magnete direttamente sul loco dolenti, come descritto alla voce\u00a0Applicazioni. I magneti Marah vengono per\u00f2 utilizzati anche da molti terapisti che applicano la\u00a0\u00a0medicina tradizionale cinese. Il dolore \u00e9 la conseguenza di una brutta circolazione dell&#8217;energia, un [&hellip;]<\/p>\n","protected":false},"author":1,"featured_media":0,"parent":0,"menu_order":0,"comment_status":"closed","ping_status":"closed","template":"","meta":{"_acf_changed":false,"footnotes":""},"class_list":["post-109476","page","type-page","status-publish","hentry"],"acf":[],"_links":{"self":[{"href":"https:\/\/www.marah.ch\/it\/wp-json\/wp\/v2\/pages\/109476","targetHints":{"allow":["GET"]}}],"collection":[{"href":"https:\/\/www.marah.ch\/it\/wp-json\/wp\/v2\/pages"}],"about":[{"href":"https:\/\/www.marah.ch\/it\/wp-json\/wp\/v2\/types\/page"}],"author":[{"embeddable":true,"href":"https:\/\/www.marah.ch\/it\/wp-json\/wp\/v2\/users\/1"}],"replies":[{"embeddable":true,"href":"https:\/\/www.marah.ch\/it\/wp-json\/wp\/v2\/comments?post=109476"}],"version-history":[{"count":0,"href":"https:\/\/www.marah.ch\/it\/wp-json\/wp\/v2\/pages\/109476\/revisions"}],"wp:attachment":[{"href":"https:\/\/www.marah.ch\/it\/wp-json\/wp\/v2\/media?parent=109476"}],"curies":[{"name":"wp","href":"https:\/\/api.w.org\/{rel}","templated":true}]}}