{"id":109263,"date":"2015-04-16T16:43:59","date_gmt":"2015-04-16T14:43:59","guid":{"rendered":"https:\/\/www.marah.ch\/slogature\/"},"modified":"2026-04-02T19:58:55","modified_gmt":"2026-04-02T17:58:55","slug":"slogature","status":"publish","type":"page","link":"https:\/\/www.marah.ch\/it\/slogature\/","title":{"rendered":"Slogature"},"content":{"rendered":"\t\t<div data-elementor-type=\"wp-page\" data-elementor-id=\"109263\" class=\"elementor elementor-109263\" data-elementor-post-type=\"page\">\n\t\t\t\t\t\t<section class=\"elementor-section elementor-top-section elementor-element elementor-element-563aebc5 elementor-section-boxed elementor-section-height-default elementor-section-height-default\" data-id=\"563aebc5\" data-element_type=\"section\" data-e-type=\"section\" data-settings=\"{&quot;jet_parallax_layout_list&quot;:[]}\">\n\t\t\t\t\t\t<div class=\"elementor-container elementor-column-gap-default\">\n\t\t\t\t\t<div class=\"elementor-column elementor-col-100 elementor-top-column elementor-element elementor-element-11c2ad92\" data-id=\"11c2ad92\" data-element_type=\"column\" data-e-type=\"column\">\n\t\t\t<div class=\"elementor-widget-wrap elementor-element-populated\">\n\t\t\t\t\t\t<div class=\"elementor-element elementor-element-5ea3a10 elementor-widget elementor-widget-text-editor\" data-id=\"5ea3a10\" data-element_type=\"widget\" data-e-type=\"widget\" data-widget_type=\"text-editor.default\">\n\t\t\t\t<div class=\"elementor-widget-container\">\n\t\t\t\t\t\t\t\t\t<h2 class=\"php-postheader\">Slogature<\/h2><p><img decoding=\"async\" class=\" size-full wp-image-109262\" src=\"https:\/\/www.marah.ch\/wp-content\/uploads\/2015\/04\/caviglia.jpg\" alt=\"\" width=\"200\" height=\"120\"><\/p><p data-start=\"150\" data-end=\"421\">Le slogature sono traumi articolari causati da movimenti bruschi o innaturali che portano a una distensione o lesione dei legamenti. Si manifestano con dolore immediato, gonfiore, limitazione del movimento e, in alcuni casi, infiammazione evidente della zona interessata.<\/p><p data-start=\"423\" data-end=\"741\">Nel modello della magnetoterapia, la slogatura viene vista come una condizione di squilibrio locale, in cui il tessuto subisce uno stress improvviso e si crea una fase infiammatoria. In questa situazione, l\u2019obiettivo \u00e8 accompagnare il corpo nel suo processo naturale di recupero, favorendo un riequilibrio del tessuto.<\/p><p data-start=\"743\" data-end=\"1158\">Per questo tipo di problema si utilizza principalmente il <strong data-start=\"801\" data-end=\"830\">polo negativo del magnete<\/strong>, applicandolo nella zona in cui il dolore \u00e8 pi\u00f9 intenso. Il polo negativo \u00e8 associato a un\u2019azione calmante e riequilibrante, utile nei casi di infiammazione e dolore acuto. La sua applicazione pu\u00f2 contribuire a creare condizioni pi\u00f9 favorevoli nel tessuto, aiutando ad attenuare il dolore e a ridurre la sensazione di tensione.<\/p><p data-start=\"1160\" data-end=\"1506\">Spesso si osserva una riduzione del dolore anche in tempi rapidi. Tuttavia, \u00e8 importante sottolineare che la diminuzione del dolore non corrisponde necessariamente a una guarigione completa. I tessuti hanno bisogno di tempo per recuperare, ed \u00e8 quindi fondamentale muoversi con cautela ed evitare sforzi eccessivi nelle fasi successive al trauma.<\/p><p data-start=\"1508\" data-end=\"1724\">A supporto dell\u2019applicazione locale, \u00e8 consigliato anche bere acqua magnetizzata con polarit\u00e0 negativa, che nel contesto della magnetoterapia viene utilizzata per accompagnare il riequilibrio generale dell\u2019organismo.<\/p><p data-start=\"1726\" data-end=\"1928\">La magnetoterapia si inserisce cos\u00ec come un supporto naturale e mirato, utile per accompagnare il corpo nelle fasi iniziali di recupero, favorendo condizioni pi\u00f9 armoniche per il processo di guarigione.<\/p>\t\t\t\t\t\t\t\t<\/div>\n\t\t\t\t<\/div>\n\t\t\t\t\t<\/div>\n\t\t<\/div>\n\t\t\t\t\t<\/div>\n\t\t<\/section>\n\t\t\t\t<\/div>\n\t\t","protected":false},"excerpt":{"rendered":"<p>Slogature Le slogature sono traumi articolari causati da movimenti bruschi o innaturali che portano a una distensione o lesione dei legamenti. Si manifestano con dolore immediato, gonfiore, limitazione del movimento e, in alcuni casi, infiammazione evidente della zona interessata. Nel modello della magnetoterapia, la slogatura viene vista come una condizione di squilibrio locale, in cui [&hellip;]<\/p>\n","protected":false},"author":1,"featured_media":109262,"parent":0,"menu_order":5,"comment_status":"closed","ping_status":"closed","template":"","meta":{"_acf_changed":false,"footnotes":""},"class_list":["post-109263","page","type-page","status-publish","has-post-thumbnail","hentry"],"acf":[],"_links":{"self":[{"href":"https:\/\/www.marah.ch\/it\/wp-json\/wp\/v2\/pages\/109263","targetHints":{"allow":["GET"]}}],"collection":[{"href":"https:\/\/www.marah.ch\/it\/wp-json\/wp\/v2\/pages"}],"about":[{"href":"https:\/\/www.marah.ch\/it\/wp-json\/wp\/v2\/types\/page"}],"author":[{"embeddable":true,"href":"https:\/\/www.marah.ch\/it\/wp-json\/wp\/v2\/users\/1"}],"replies":[{"embeddable":true,"href":"https:\/\/www.marah.ch\/it\/wp-json\/wp\/v2\/comments?post=109263"}],"version-history":[{"count":3,"href":"https:\/\/www.marah.ch\/it\/wp-json\/wp\/v2\/pages\/109263\/revisions"}],"predecessor-version":[{"id":297571,"href":"https:\/\/www.marah.ch\/it\/wp-json\/wp\/v2\/pages\/109263\/revisions\/297571"}],"wp:featuredmedia":[{"embeddable":true,"href":"https:\/\/www.marah.ch\/it\/wp-json\/wp\/v2\/media\/109262"}],"wp:attachment":[{"href":"https:\/\/www.marah.ch\/it\/wp-json\/wp\/v2\/media?parent=109263"}],"curies":[{"name":"wp","href":"https:\/\/api.w.org\/{rel}","templated":true}]}}