{"id":109251,"date":"2015-04-16T16:43:59","date_gmt":"2015-04-16T14:43:59","guid":{"rendered":"https:\/\/www.marah.ch\/emorroidi\/"},"modified":"2026-04-02T22:40:52","modified_gmt":"2026-04-02T20:40:52","slug":"emorroidi","status":"publish","type":"page","link":"https:\/\/www.marah.ch\/it\/emorroidi\/","title":{"rendered":"Emorroidi"},"content":{"rendered":"\t\t<div data-elementor-type=\"wp-page\" data-elementor-id=\"109251\" class=\"elementor elementor-109251\" data-elementor-post-type=\"page\">\n\t\t\t\t\t\t<section class=\"elementor-section elementor-top-section elementor-element elementor-element-580c0527 elementor-section-boxed elementor-section-height-default elementor-section-height-default\" data-id=\"580c0527\" data-element_type=\"section\" data-e-type=\"section\" data-settings=\"{&quot;jet_parallax_layout_list&quot;:[]}\">\n\t\t\t\t\t\t<div class=\"elementor-container elementor-column-gap-default\">\n\t\t\t\t\t<div class=\"elementor-column elementor-col-100 elementor-top-column elementor-element elementor-element-46c45401\" data-id=\"46c45401\" data-element_type=\"column\" data-e-type=\"column\">\n\t\t\t<div class=\"elementor-widget-wrap elementor-element-populated\">\n\t\t\t\t\t\t<div class=\"elementor-element elementor-element-51b2f966 elementor-widget elementor-widget-text-editor\" data-id=\"51b2f966\" data-element_type=\"widget\" data-e-type=\"widget\" data-widget_type=\"text-editor.default\">\n\t\t\t\t<div class=\"elementor-widget-container\">\n\t\t\t\t\t\t\t\t\t<h2 class=\"php-postheader\">Emorroidi<\/h2><div class=\"php-postcontent\"><div class=\"php-article\"><div><p data-start=\"165\" data-end=\"505\">Le emorroidi sono una condizione comune caratterizzata da <a href=\"https:\/\/www.marah.ch\/wp-content\/uploads\/2026\/04\/Untitled-design-15.jpg\"><img fetchpriority=\"high\" decoding=\"async\" class=\"alignleft size-medium wp-image-297585\" src=\"https:\/\/www.marah.ch\/wp-content\/uploads\/2026\/04\/Untitled-design-15-251x300.jpg\" alt=\"\" width=\"251\" height=\"300\" srcset=\"https:\/\/www.marah.ch\/wp-content\/uploads\/2026\/04\/Untitled-design-15-251x300.jpg 251w, https:\/\/www.marah.ch\/wp-content\/uploads\/2026\/04\/Untitled-design-15-300x358.jpg 300w, https:\/\/www.marah.ch\/wp-content\/uploads\/2026\/04\/Untitled-design-15.jpg 618w\" sizes=\"(max-width: 251px) 100vw, 251px\" \/><\/a>un\u2019infiammazione e dilatazione dei vasi sanguigni nella zona rettale e anale. Possono causare dolore, gonfiore, fastidio e, in alcuni casi, sanguinamento. Spesso sono legate a una circolazione rallentata, a una pressione eccessiva nella zona o a uno stato infiammatorio persistente.<\/p><p data-start=\"507\" data-end=\"808\">Nel modello della magnetoterapia, questa condizione viene interpretata come uno squilibrio locale del tessuto, in cui si crea una congestione e un\u2019alterazione della normale circolazione. L\u2019obiettivo dell\u2019intervento \u00e8 quindi favorire un ritorno all\u2019equilibrio, sostenendo i processi naturali del corpo.<\/p><p data-start=\"810\" data-end=\"1247\">Nella fase iniziale, per alleviare dolore e gonfiore, si utilizza il <strong data-start=\"879\" data-end=\"908\">polo negativo del magnete<\/strong>. Un metodo pratico consiste nel posizionare il magnete su una sedia con il lato negativo rivolto verso l\u2019alto e sedersi sopra per circa un\u2019ora, fino a tre volte al giorno. Il polo negativo \u00e8 associato a un\u2019azione calmante e riequilibrante, utile per accompagnare la riduzione dell\u2019infiammazione e della sensazione di pressione nella zona.<\/p><p data-start=\"1249\" data-end=\"1553\">Con il diminuire del gonfiore, \u00e8 possibile introdurre il <strong data-start=\"1306\" data-end=\"1323\">polo positivo<\/strong> per brevi periodi. Nel contesto della magnetoterapia, il polo positivo \u00e8 associato a un\u2019azione stimolante, che pu\u00f2 contribuire a sostenere la tonicit\u00e0 e il rafforzamento dei vasi sanguigni, accompagnando cos\u00ec la fase di recupero.<\/p><p data-start=\"1555\" data-end=\"1848\">A supporto dell\u2019applicazione locale, \u00e8 consigliato bere acqua magnetizzata con polarit\u00e0 negativa e massaggiare delicatamente la zona con olio magnetizzato negativo. Questi accorgimenti vengono utilizzati per accompagnare il riequilibrio generale e favorire una migliore condizione dei tessuti.<\/p><p data-start=\"1850\" data-end=\"2058\">La magnetoterapia si inserisce quindi come un supporto naturale e mirato, che aiuta il corpo a ritrovare il proprio equilibrio, agendo in modo graduale sia sulla fase infiammatoria sia sulla fase di recupero.<a href=\"https:\/\/www.marah.ch\/wp-content\/uploads\/2026\/04\/Immagine-2026-04-02-223649.jpg\"><br \/><\/a><\/p><p data-start=\"1850\" data-end=\"2058\">\u00a0<\/p><\/div><\/div><\/div>\t\t\t\t\t\t\t\t<\/div>\n\t\t\t\t<\/div>\n\t\t\t\t\t<\/div>\n\t\t<\/div>\n\t\t\t\t\t<\/div>\n\t\t<\/section>\n\t\t\t\t<\/div>\n\t\t","protected":false},"excerpt":{"rendered":"<p>Emorroidi Le emorroidi sono una condizione comune caratterizzata da un\u2019infiammazione e dilatazione dei vasi sanguigni nella zona rettale e anale. Possono causare dolore, gonfiore, fastidio e, in alcuni casi, sanguinamento. Spesso sono legate a una circolazione rallentata, a una pressione eccessiva nella zona o a uno stato infiammatorio persistente. Nel modello della magnetoterapia, questa condizione [&hellip;]<\/p>\n","protected":false},"author":1,"featured_media":0,"parent":0,"menu_order":3,"comment_status":"closed","ping_status":"closed","template":"","meta":{"_acf_changed":false,"footnotes":""},"class_list":["post-109251","page","type-page","status-publish","hentry"],"acf":[],"_links":{"self":[{"href":"https:\/\/www.marah.ch\/it\/wp-json\/wp\/v2\/pages\/109251","targetHints":{"allow":["GET"]}}],"collection":[{"href":"https:\/\/www.marah.ch\/it\/wp-json\/wp\/v2\/pages"}],"about":[{"href":"https:\/\/www.marah.ch\/it\/wp-json\/wp\/v2\/types\/page"}],"author":[{"embeddable":true,"href":"https:\/\/www.marah.ch\/it\/wp-json\/wp\/v2\/users\/1"}],"replies":[{"embeddable":true,"href":"https:\/\/www.marah.ch\/it\/wp-json\/wp\/v2\/comments?post=109251"}],"version-history":[{"count":3,"href":"https:\/\/www.marah.ch\/it\/wp-json\/wp\/v2\/pages\/109251\/revisions"}],"predecessor-version":[{"id":297591,"href":"https:\/\/www.marah.ch\/it\/wp-json\/wp\/v2\/pages\/109251\/revisions\/297591"}],"wp:attachment":[{"href":"https:\/\/www.marah.ch\/it\/wp-json\/wp\/v2\/media?parent=109251"}],"curies":[{"name":"wp","href":"https:\/\/api.w.org\/{rel}","templated":true}]}}