{"id":109235,"date":"2015-04-16T16:43:59","date_gmt":"2015-04-16T14:43:59","guid":{"rendered":"https:\/\/www.marah.ch\/ematomi\/"},"modified":"2026-04-02T22:56:55","modified_gmt":"2026-04-02T20:56:55","slug":"ematomi","status":"publish","type":"page","link":"https:\/\/www.marah.ch\/it\/ematomi\/","title":{"rendered":"Ematomi"},"content":{"rendered":"\t\t<div data-elementor-type=\"wp-page\" data-elementor-id=\"109235\" class=\"elementor elementor-109235\" data-elementor-post-type=\"page\">\n\t\t\t\t\t\t<section class=\"elementor-section elementor-top-section elementor-element elementor-element-43c2fa05 elementor-section-boxed elementor-section-height-default elementor-section-height-default\" data-id=\"43c2fa05\" data-element_type=\"section\" data-e-type=\"section\" data-settings=\"{&quot;jet_parallax_layout_list&quot;:[]}\">\n\t\t\t\t\t\t<div class=\"elementor-container elementor-column-gap-default\">\n\t\t\t\t\t<div class=\"elementor-column elementor-col-100 elementor-top-column elementor-element elementor-element-c0403c7\" data-id=\"c0403c7\" data-element_type=\"column\" data-e-type=\"column\">\n\t\t\t<div class=\"elementor-widget-wrap elementor-element-populated\">\n\t\t\t\t\t\t<div class=\"elementor-element elementor-element-1802379f elementor-widget elementor-widget-text-editor\" data-id=\"1802379f\" data-element_type=\"widget\" data-e-type=\"widget\" data-widget_type=\"text-editor.default\">\n\t\t\t\t<div class=\"elementor-widget-container\">\n\t\t\t\t\t\t\t\t\t<h2 style=\"padding-left: 30px\">Ematomi<\/h2><p data-start=\"148\" data-end=\"413\">Gli ematomi sono accumuli di sangue sotto la pelle <a href=\"https:\/\/www.marah.ch\/wp-content\/uploads\/2026\/04\/Untitled-design-16.jpg\"><img decoding=\"async\" class=\"alignleft size-medium wp-image-297593\" src=\"https:\/\/www.marah.ch\/wp-content\/uploads\/2026\/04\/Untitled-design-16-149x300.jpg\" alt=\"\" width=\"149\" height=\"300\" srcset=\"https:\/\/www.marah.ch\/wp-content\/uploads\/2026\/04\/Untitled-design-16-149x300.jpg 149w, https:\/\/www.marah.ch\/wp-content\/uploads\/2026\/04\/Untitled-design-16-300x602.jpg 300w, https:\/\/www.marah.ch\/wp-content\/uploads\/2026\/04\/Untitled-design-16.jpg 437w\" sizes=\"(max-width: 149px) 100vw, 149px\" \/><\/a>causati da un trauma o da una rottura dei piccoli vasi sanguigni. Si manifestano con gonfiore, dolore e una tipica colorazione che varia dal rosso-violaceo fino al giallo, man mano che il corpo riassorbe il sangue.<\/p><p data-start=\"415\" data-end=\"701\">Nel modello della magnetoterapia, l\u2019ematoma viene visto come una condizione di congestione locale, in cui il flusso e l\u2019equilibrio del tessuto sono temporaneamente alterati. L\u2019obiettivo dell\u2019intervento \u00e8 favorire il riassorbimento e accompagnare il tessuto verso uno stato pi\u00f9 armonico.<\/p><p data-start=\"703\" data-end=\"999\">Nella fase iniziale, si utilizza il <strong data-start=\"739\" data-end=\"768\">polo negativo del magnete<\/strong>, applicandolo direttamente sulla zona dolorante. Il polo negativo \u00e8 associato a un\u2019azione riequilibrante e calmante, utile per accompagnare la riduzione del gonfiore e sostenere il naturale processo di riassorbimento dell\u2019ematoma.<\/p><p data-start=\"1001\" data-end=\"1389\">Il magnete pu\u00f2 essere mantenuto in posizione per periodi prolungati, fino a quando l\u2019ematoma inizia a diminuire visibilmente. Nel caso di ematomi estesi, \u00e8 consigliabile utilizzare un magnete con una superficie pi\u00f9 ampia, in modo da coprire meglio la zona interessata. Se si dispone di un magnete pi\u00f9 piccolo, \u00e8 possibile spostarlo regolarmente per trattare progressivamente tutta l\u2019area.<\/p><p data-start=\"1391\" data-end=\"1710\">Quando il colorito della pelle torna verso la normalit\u00e0 e il gonfiore si riduce, si pu\u00f2 passare all\u2019utilizzo del <strong data-start=\"1504\" data-end=\"1521\">polo positivo<\/strong>, massaggiando delicatamente la zona. Il polo positivo, associato a un\u2019azione stimolante, pu\u00f2 contribuire a migliorare la circolazione locale e a sostenere il recupero completo del tessuto.<\/p><p data-start=\"1712\" data-end=\"1903\">La magnetoterapia si inserisce cos\u00ec come un supporto semplice e naturale, utile per accompagnare il corpo nel riassorbimento dell\u2019ematoma e nel ripristino dell\u2019equilibrio della zona trattata.<\/p>\t\t\t\t\t\t\t\t<\/div>\n\t\t\t\t<\/div>\n\t\t\t\t\t<\/div>\n\t\t<\/div>\n\t\t\t\t\t<\/div>\n\t\t<\/section>\n\t\t\t\t<\/div>\n\t\t","protected":false},"excerpt":{"rendered":"<p>Ematomi Gli ematomi sono accumuli di sangue sotto la pelle causati da un trauma o da una rottura dei piccoli vasi sanguigni. Si manifestano con gonfiore, dolore e una tipica colorazione che varia dal rosso-violaceo fino al giallo, man mano che il corpo riassorbe il sangue. Nel modello della magnetoterapia, l\u2019ematoma viene visto come una [&hellip;]<\/p>\n","protected":false},"author":1,"featured_media":109234,"parent":0,"menu_order":2,"comment_status":"closed","ping_status":"closed","template":"","meta":{"_acf_changed":false,"footnotes":""},"class_list":["post-109235","page","type-page","status-publish","has-post-thumbnail","hentry"],"acf":[],"_links":{"self":[{"href":"https:\/\/www.marah.ch\/it\/wp-json\/wp\/v2\/pages\/109235","targetHints":{"allow":["GET"]}}],"collection":[{"href":"https:\/\/www.marah.ch\/it\/wp-json\/wp\/v2\/pages"}],"about":[{"href":"https:\/\/www.marah.ch\/it\/wp-json\/wp\/v2\/types\/page"}],"author":[{"embeddable":true,"href":"https:\/\/www.marah.ch\/it\/wp-json\/wp\/v2\/users\/1"}],"replies":[{"embeddable":true,"href":"https:\/\/www.marah.ch\/it\/wp-json\/wp\/v2\/comments?post=109235"}],"version-history":[{"count":3,"href":"https:\/\/www.marah.ch\/it\/wp-json\/wp\/v2\/pages\/109235\/revisions"}],"predecessor-version":[{"id":297599,"href":"https:\/\/www.marah.ch\/it\/wp-json\/wp\/v2\/pages\/109235\/revisions\/297599"}],"wp:featuredmedia":[{"embeddable":true,"href":"https:\/\/www.marah.ch\/it\/wp-json\/wp\/v2\/media\/109234"}],"wp:attachment":[{"href":"https:\/\/www.marah.ch\/it\/wp-json\/wp\/v2\/media?parent=109235"}],"curies":[{"name":"wp","href":"https:\/\/api.w.org\/{rel}","templated":true}]}}