{"id":108913,"date":"2015-04-16T16:43:59","date_gmt":"2015-04-16T14:43:59","guid":{"rendered":"https:\/\/www.marah.ch\/applicazioni-nella-magnetoterapia\/"},"modified":"2015-04-16T16:43:59","modified_gmt":"2015-04-16T14:43:59","slug":"applicazioni-nella-magnetoterapia","status":"publish","type":"page","link":"https:\/\/www.marah.ch\/it\/applicazioni-nella-magnetoterapia\/","title":{"rendered":"Applicazioni nella Magnetoterapia"},"content":{"rendered":"<h2 class=\"php-postheader\"><span style=\"color:#010101;\">Applicazioni nella Magnetoterapia<\/span><\/h2>\n<div class=\"php-postcontent\">\n<div class=\"php-article\">\n<p><span style=\"color:#010101;\"><img decoding=\"async\" class=\" size-full wp-image-108912\" src=\"https:\/\/www.marah.ch\/wp-content\/uploads\/2015\/04\/caviglia-collage2.jpg\" alt=\"collage2\" width=\"200\" border=\"0\" height=\"120\" \/><\/span><\/p>\n<p><span style=\"color:#010101;\">La magnetoterapia consiste nel trattamento di una zona o un organo debilitati tramite un\u00a0<strong>magnete<\/strong>\u00a0(chiamato impropriamente anche calamita).<\/span><\/p>\n<p><span style=\"color:#010101;\">L&#8217;applicazione viene effettuata posando il\u00a0<strong>magnete<\/strong>\u00a0con il polo idoneo al caso rivolto verso la pelle e fissato con un cerotto. Per non irritare la pelle mettendo e togliendo il cerotto, potete fissare il magnete direttamente all&#8217;indumento in modo che una volta indossato vada a trattare il punto leso.<\/span><\/p>\n<p><span style=\"color:#010101;\">Nel caso in cui il vostro problema fosse un&#8217;infiammazione o un forte dolore si user\u00e0 il\u00a0<strong>polo negativo<\/strong>\u00a0(il meno &#8211; ) del magnete.<\/span><\/p>\n<p><span style=\"color:#010101;\">Mentre se desiderate stimolare o attivare un organo debilitato si utilizzer\u00e0 il\u00a0<strong>polo positivo<\/strong>\u00a0(il pi\u00f9 +) del magnete.<\/span><\/p>\n<p><span style=\"color:#010101;\">I dolori possono derivare da differenti origini patologiche:<\/span><\/p>\n<p><span style=\"color:#010101;\"><strong>Traumatici<\/strong>, come le fratture, tendiniti, slogature ecc.<\/span><\/p>\n<p><span style=\"color:#010101;\"><strong>Reumatici<\/strong>, come dolori articolari, cervicali, di spalle, alle ginocchia, alle anche e lombari<\/span><\/p>\n<p><span style=\"color:#010101;\"><strong>Climatici<\/strong>, come l&#8217;umidit\u00e0, colpi di freddo, colpi di vento, o da aria condizionata<\/span><\/p>\n<p><span style=\"color:#010101;\"><strong>Cronici<\/strong>, come i casi di artrosi, dove il dolore \u00e9 ridotto ma pu\u00f2 tornare<\/span><\/p>\n<p><span style=\"color:#010101;\"><strong>Dolori ai denti<\/strong><\/span><\/p>\n<p><span style=\"color:#010101;\">Tenete in posa il magnete sulla zona dolorante fino alla sparizione del dolore. In molti casi l&#8217;effetto \u00e9 immediato. Se il dolore si sposta, cosa che succede spesso nei dolori da reumatismo, potete utilizzare un secondo magnete o spostare il primo sul nuovo punto dolorante.<\/span><\/p>\n<p><span style=\"color:#010101;\"><strong>Questo sistema di utilizzo dei magneti Marah \u00e9 il pi\u00f9 semplice e il pi\u00f9 diffuso.<\/strong><\/span><\/p>\n<\/p><\/div>\n<\/p><\/div>\n","protected":false},"excerpt":{"rendered":"<p>Applicazioni nella Magnetoterapia La magnetoterapia consiste nel trattamento di una zona o un organo debilitati tramite un\u00a0magnete\u00a0(chiamato impropriamente anche calamita). L&#8217;applicazione viene effettuata posando il\u00a0magnete\u00a0con il polo idoneo al caso rivolto verso la pelle e fissato con un cerotto. Per non irritare la pelle mettendo e togliendo il cerotto, potete fissare il magnete direttamente all&#8217;indumento [&hellip;]<\/p>\n","protected":false},"author":1,"featured_media":108912,"parent":0,"menu_order":0,"comment_status":"closed","ping_status":"closed","template":"","meta":{"_acf_changed":false,"footnotes":""},"class_list":["post-108913","page","type-page","status-publish","has-post-thumbnail","hentry"],"acf":[],"_links":{"self":[{"href":"https:\/\/www.marah.ch\/it\/wp-json\/wp\/v2\/pages\/108913","targetHints":{"allow":["GET"]}}],"collection":[{"href":"https:\/\/www.marah.ch\/it\/wp-json\/wp\/v2\/pages"}],"about":[{"href":"https:\/\/www.marah.ch\/it\/wp-json\/wp\/v2\/types\/page"}],"author":[{"embeddable":true,"href":"https:\/\/www.marah.ch\/it\/wp-json\/wp\/v2\/users\/1"}],"replies":[{"embeddable":true,"href":"https:\/\/www.marah.ch\/it\/wp-json\/wp\/v2\/comments?post=108913"}],"version-history":[{"count":0,"href":"https:\/\/www.marah.ch\/it\/wp-json\/wp\/v2\/pages\/108913\/revisions"}],"wp:featuredmedia":[{"embeddable":true,"href":"https:\/\/www.marah.ch\/it\/wp-json\/wp\/v2\/media\/108912"}],"wp:attachment":[{"href":"https:\/\/www.marah.ch\/it\/wp-json\/wp\/v2\/media?parent=108913"}],"curies":[{"name":"wp","href":"https:\/\/api.w.org\/{rel}","templated":true}]}}