{"id":99986,"date":"2015-04-28T07:05:44","date_gmt":"2015-04-28T05:05:44","guid":{"rendered":"https:\/\/www.marah.ch\/prodotto\/biomagnet-set\/"},"modified":"2021-05-27T00:47:08","modified_gmt":"2021-05-26T22:47:08","slug":"biomagnet-set","status":"publish","type":"product","link":"https:\/\/www.marah.ch\/fr\/produit\/biomagnet-set\/","title":{"rendered":"Biomagnet Set"},"content":{"rendered":"<p><img decoding=\"async\" src=\"http:\/\/marah.ch\/img\/cms\/set%20scatola%20chiusa.jpg\" alt=\"\" width=\"174\" height=\"136\"><\/p>\n<p>2 D-05\u00a0<img decoding=\"async\" src=\"https:\/\/www.marah.ch\/images\/stories\/1.jpg\" alt=\"1.jpg\" width=\"150\" height=\"48\" border=\"0\" \/><\/p>\n<p><strong>PREPARATION DE L\u2019EAU AIMANT\u00c9E MIXTE<\/strong> :<\/p>\n<p>Il suffit de glisser un aimant D-05 pendant 4 (minimum) heures, dans une bouteille de verre (de pr\u00e9f\u00e9rence) de poser la bouteille sur le sous-bouteille mixte. Ne gardez pas l\u2019eau magn\u00e9tis\u00e9e au frigo, les boissons froides \u00e9puisent votre \u00e9nergie. Il est conseill\u00e9 de boire deux verres d\u2019eau le matin \u00e0 jeun.<\/p>\n<p>En buvant de l\u2019eau aimant\u00e9e mixte, on peut agir sur de nombreuses maladies gr\u00e2ce aux propri\u00e9t\u00e9s que l\u2019\u00e9nergie magn\u00e9tique conf\u00e8re \u00e0 l\u2019eau. Les champs magn\u00e9tiques permettent d\u2019agir au plus profond du corps par l\u2019interm\u00e9diaire des boissons. On conna\u00eet des utilisations internes ainsi que des applications externes. L\u2019eau aimant\u00e9e est diur\u00e9tique, l\u00e9g\u00e8re, min\u00e9ralis\u00e9e et tr\u00e8s d\u00e9purative. Boire un litre d\u2019eau aimant\u00e9e par jour permet d\u2019offrir \u00e0 l\u2019organisme la quantit\u00e9 d\u2019\u00e9nergie biomagn\u00e9tique n\u00e9cessaire pour d\u00e9sintoxiquer et activer le fonctionnement des reins et de la v\u00e9sicule biliaire. Les applications externes aident dans le traitement local des plaies, ecz\u00e9mas, enflures, yeux irrit\u00e9s ou gonfl\u00e9s. On peut utiliser l\u2019eau aimant\u00e9e en lavement, en gargarismes (pour gencives, maux de dents), compresses et gouttes.<\/p>\n<p>2 D-25\u00a0\u00a0\u00a0\u00a0\u00a0\u00a0\u00a0 <img decoding=\"async\" src=\"https:\/\/www.marah.ch\/images\/stories\/D25.png\" alt=\"D25.png\" width=\"64\" height=\"80\" border=\"0\" \/><\/p>\n<p>On l\u2019utilise en application sur une douleur, une blessure, une cicatrice ou pour faire un massage \u00e9nerg\u00e9tique de l\u2019aura ou des m\u00e9ridiens.<br \/>\nMais aussi pour magn\u00e9tiser les boissons, les aliments, les cr\u00e8mes et huiles de massage sur le p\u00f4le n\u00e9gatif pour calmer, sur le positif pour tonifier.<\/p>\n<p>Le Bio-aimant D-25 est un aimant en ferrite magn\u00e9tis\u00e9 en saturation \u00e0 2500 Gauss, avec 750 Gauss mesurables en surface, recouvert par une coque en plastique ABS.<br \/>\nC\u00f4t\u00e9 blanc = p\u00f4le nord, n\u00e9gatif (-).<br \/>\nC\u00f4t\u00e9 noir = p\u00f4le sud, positif (+).<br \/>\nDimensions du D-25: 60 x 25 x 10 mm<\/p>\n<p>Applications:<br \/>\nA appliquer directement sur l\u2019endroit int\u00e9ress\u00e9 avec un sparadrap.<br \/>\nLe p\u00f4le n\u00e9gatif ( \u2013 c\u00f4t\u00e9 blanc) a un effet s\u00e9datif, calmant, anti-inflammatoire.<br \/>\nLe p\u00f4le positif (+ c\u00f4t\u00e9 noir) a un effet tonifiant et activant.<\/p>\n<p>La forme et la grandeur de cet aimant permet de l\u2019utiliser pour effectuer des massages \u00e9nerg\u00e9tiques des m\u00e9ridiens ou pour l\u2019application sur des blessures, cicatrices ou douleurs \u00e9tendues.<br \/>\nOn utilise \u00e9galement le D-25 pour calmer les \u00e9tats d\u2019anxi\u00e9t\u00e9 ou de stress (les femmes le glissent dans le soutien-gorge entre les seins, les hommes le suspendent avec une chainette ou un cordon).<br \/>\nEn cas d\u2019insomnie on pose le p\u00f4le n\u00e9gatif sur le front.<\/p>\n<p><img loading=\"lazy\" decoding=\"async\" src=\"http:\/\/marah.ch\/img\/cms\/bchlein.png\" alt=\"\" width=\"134\" height=\"150\"> La brochure que vous trouvez dans le set est un extrait du livre \u00ab\u00a0Magn\u00e9tisme dans la th\u00e9rapie\u00a0\u00bb du Dr. Ing. Walter Stark.<\/p>\n<p><span style=\"color: #d0121a;\">Comme tous les produits magn\u00e9tiques, les aimants sont d\u00e9conseill\u00e9s aux porteurs de Pacemaker ou de stimulateurs.<\/span><\/p>\n","protected":false},"excerpt":{"rendered":"<p>Dans le coffret\u00a0<strong>Biomagnet Set<\/strong>\u00a0vous avez 2 bio-aimants D-25 et 2 bio-aimants D-05 plus un petit livre (extrait du livre du Dr. Walter Stark \u00ab\u00a0Magnetismus in der Therapie\u00a0\u00bb.<\/p>\n","protected":false},"featured_media":99959,"comment_status":"open","ping_status":"closed","template":"","meta":{"_acf_changed":false},"product_brand":[],"product_cat":[219],"product_tag":[],"class_list":{"0":"post-99986","1":"product","2":"type-product","3":"status-publish","4":"has-post-thumbnail","6":"product_cat-biomagnets-marah","7":"product_shipping_class-pacco","9":"first","10":"instock","11":"shipping-taxable","12":"purchasable","13":"product-type-simple"},"acf":[],"_links":{"self":[{"href":"https:\/\/www.marah.ch\/fr\/wp-json\/wp\/v2\/product\/99986","targetHints":{"allow":["GET"]}}],"collection":[{"href":"https:\/\/www.marah.ch\/fr\/wp-json\/wp\/v2\/product"}],"about":[{"href":"https:\/\/www.marah.ch\/fr\/wp-json\/wp\/v2\/types\/product"}],"replies":[{"embeddable":true,"href":"https:\/\/www.marah.ch\/fr\/wp-json\/wp\/v2\/comments?post=99986"}],"wp:featuredmedia":[{"embeddable":true,"href":"https:\/\/www.marah.ch\/fr\/wp-json\/wp\/v2\/media\/99959"}],"wp:attachment":[{"href":"https:\/\/www.marah.ch\/fr\/wp-json\/wp\/v2\/media?parent=99986"}],"wp:term":[{"taxonomy":"product_brand","embeddable":true,"href":"https:\/\/www.marah.ch\/fr\/wp-json\/wp\/v2\/product_brand?post=99986"},{"taxonomy":"product_cat","embeddable":true,"href":"https:\/\/www.marah.ch\/fr\/wp-json\/wp\/v2\/product_cat?post=99986"},{"taxonomy":"product_tag","embeddable":true,"href":"https:\/\/www.marah.ch\/fr\/wp-json\/wp\/v2\/product_tag?post=99986"}],"curies":[{"name":"wp","href":"https:\/\/api.w.org\/{rel}","templated":true}]}}