{"id":99743,"date":"2015-04-28T07:03:19","date_gmt":"2015-04-28T05:03:19","guid":{"rendered":"https:\/\/www.marah.ch\/prodotto\/bracciale-elastico-elegante-con-brillanti-2\/"},"modified":"2020-01-11T17:10:19","modified_gmt":"2020-01-11T16:10:19","slug":"bracciale-elastico-elegante-con-brillanti-2","status":"publish","type":"product","link":"https:\/\/www.marah.ch\/fr\/produit\/bracciale-elastico-elegante-con-brillanti-2\/","title":{"rendered":"Bracelet flexible en acier et zircons"},"content":{"rendered":"<p>Ce bracelet souple est unique par l\u2019alliance de ses maillons en acier poli et de cristaux Swarovski\u00ae scintillants. Son design sobre, d\u00e9licatement scintillant, exprime une \u00e9l\u00e9gance classique et permet de le marier \u00e0 de nombreux autres bijoux.<\/p>\n","protected":false},"excerpt":{"rendered":"<p>Bracelet flexible: Mat\u00e9riel:Acier, Cuivre, Cristal<br \/>Nombre d&rsquo;aimants:2<\/p>\n<p>Fin s\u00e9rie, derni\u00e8re mesureXXL<\/p>\n","protected":false},"featured_media":99739,"comment_status":"open","ping_status":"closed","template":"","meta":{"_acf_changed":false},"product_brand":[],"product_cat":[239],"product_tag":[],"class_list":{"0":"post-99743","1":"product","2":"type-product","3":"status-publish","4":"has-post-thumbnail","6":"product_cat-bijoux-magnetiques","7":"pa_sceglilatuamisura-9f-l16_18cm-fr","9":"first","10":"instock","11":"shipping-taxable","12":"purchasable","13":"product-type-variable"},"acf":[],"_links":{"self":[{"href":"https:\/\/www.marah.ch\/fr\/wp-json\/wp\/v2\/product\/99743","targetHints":{"allow":["GET"]}}],"collection":[{"href":"https:\/\/www.marah.ch\/fr\/wp-json\/wp\/v2\/product"}],"about":[{"href":"https:\/\/www.marah.ch\/fr\/wp-json\/wp\/v2\/types\/product"}],"replies":[{"embeddable":true,"href":"https:\/\/www.marah.ch\/fr\/wp-json\/wp\/v2\/comments?post=99743"}],"wp:featuredmedia":[{"embeddable":true,"href":"https:\/\/www.marah.ch\/fr\/wp-json\/wp\/v2\/media\/99739"}],"wp:attachment":[{"href":"https:\/\/www.marah.ch\/fr\/wp-json\/wp\/v2\/media?parent=99743"}],"wp:term":[{"taxonomy":"product_brand","embeddable":true,"href":"https:\/\/www.marah.ch\/fr\/wp-json\/wp\/v2\/product_brand?post=99743"},{"taxonomy":"product_cat","embeddable":true,"href":"https:\/\/www.marah.ch\/fr\/wp-json\/wp\/v2\/product_cat?post=99743"},{"taxonomy":"product_tag","embeddable":true,"href":"https:\/\/www.marah.ch\/fr\/wp-json\/wp\/v2\/product_tag?post=99743"}],"curies":[{"name":"wp","href":"https:\/\/api.w.org\/{rel}","templated":true}]}}