{"id":99442,"date":"2015-04-28T07:03:19","date_gmt":"2015-04-28T05:03:19","guid":{"rendered":"https:\/\/www.marah.ch\/prodotto\/tini-brush-ricarica\/"},"modified":"2021-04-25T23:27:23","modified_gmt":"2021-04-25T21:27:23","slug":"tini-brush-ricarica","status":"publish","type":"product","link":"https:\/\/www.marah.ch\/fr\/produit\/tini-brush-ricarica\/","title":{"rendered":"Recharge pour la brosse Tini"},"content":{"rendered":"<p style=\"text-align: justify;\"><span style=\"font-size: 10pt;\"><img decoding=\"async\" style=\"margin: 5px; float: left;\" src=\"https:\/\/www.marah.ch\/images\/stories\/3testine.jpg\" alt=\"3testine\" width=\"150\" height=\"82\" border=\"0\" \/><\/span><\/p>\n<p>La brosse \u00e0 dents TINI BRUSH est compos\u00e9e d\u2019une \u00a0t\u00eate magn\u00e9tique avec 5 aimants permanents plaqu\u00e9s or de 1200 Gauss chacun.<\/p>\n<p>La brosse \u00e0 dents TINI BRUSH n\u2019a donc pas \u00e9t\u00e9 con\u00e7ue uniquement pour l\u2019hygi\u00e8ne dentaire. Elle aide \u00e9galement \u00e0 combattre la plaque bact\u00e9rienne et pr\u00e9vient les caries et en favorisant une meilleures circulation sanguine dans les muqueuses elle pr\u00e9vient de nombreux disfonctionnements organiques.<\/p>\n<p style=\"text-align: justify;\">\n","protected":false},"excerpt":{"rendered":"<p>Bo\u00eete de trois t\u00eates de rechange<\/p>\n","protected":false},"featured_media":99431,"comment_status":"open","ping_status":"closed","template":"","meta":{"_acf_changed":false},"product_brand":[],"product_cat":[223],"product_tag":[],"class_list":{"0":"post-99442","1":"product","2":"type-product","3":"status-publish","4":"has-post-thumbnail","6":"product_cat-produits-avec-aimants","8":"first","9":"instock","10":"shipping-taxable","11":"purchasable","12":"product-type-simple"},"acf":[],"_links":{"self":[{"href":"https:\/\/www.marah.ch\/fr\/wp-json\/wp\/v2\/product\/99442","targetHints":{"allow":["GET"]}}],"collection":[{"href":"https:\/\/www.marah.ch\/fr\/wp-json\/wp\/v2\/product"}],"about":[{"href":"https:\/\/www.marah.ch\/fr\/wp-json\/wp\/v2\/types\/product"}],"replies":[{"embeddable":true,"href":"https:\/\/www.marah.ch\/fr\/wp-json\/wp\/v2\/comments?post=99442"}],"wp:featuredmedia":[{"embeddable":true,"href":"https:\/\/www.marah.ch\/fr\/wp-json\/wp\/v2\/media\/99431"}],"wp:attachment":[{"href":"https:\/\/www.marah.ch\/fr\/wp-json\/wp\/v2\/media?parent=99442"}],"wp:term":[{"taxonomy":"product_brand","embeddable":true,"href":"https:\/\/www.marah.ch\/fr\/wp-json\/wp\/v2\/product_brand?post=99442"},{"taxonomy":"product_cat","embeddable":true,"href":"https:\/\/www.marah.ch\/fr\/wp-json\/wp\/v2\/product_cat?post=99442"},{"taxonomy":"product_tag","embeddable":true,"href":"https:\/\/www.marah.ch\/fr\/wp-json\/wp\/v2\/product_tag?post=99442"}],"curies":[{"name":"wp","href":"https:\/\/api.w.org\/{rel}","templated":true}]}}