{"id":99418,"date":"2015-04-28T07:03:19","date_gmt":"2015-04-28T05:03:19","guid":{"rendered":"https:\/\/www.marah.ch\/prodotto\/tini-brush\/"},"modified":"2021-08-08T13:58:35","modified_gmt":"2021-08-08T11:58:35","slug":"tini-brush","status":"publish","type":"product","link":"https:\/\/www.marah.ch\/fr\/produit\/tini-brush\/","title":{"rendered":"Brosse \u00e0 dents Tini Brush"},"content":{"rendered":"<div>La brosse \u00e0 dents TINI BRUSH est compos\u00e9e d\u2019une \u00a0t\u00eate magn\u00e9tique avec 5 aimants permanents plaqu\u00e9s or de 1200 Gauss chacun.<\/div>\n<div><\/div>\n<div>Le champ magn\u00e9tique de la brosse \u00e0 dents TINI BRUSH permet une th\u00e9rapie de la cavit\u00e9 buccale. Sur la muqueuse interne de la bouche se trouvent divers points d\u00e9finis par la M\u00e9decine Traditionnelle Chinoise, qui correspondent aux principaux organes internes du corps humain. Les dents et les points mentionn\u00e9s interagissent donc avec l\u2019organisme.<\/div>\n<div><\/div>\n<div>La brosse \u00e0 dents TINI BRUSH n\u2019a donc pas \u00e9t\u00e9 con\u00e7ue uniquement pour l\u2019hygi\u00e8ne dentaire. Elle aide \u00e9galement \u00e0 combattre la plaque bact\u00e9rienne et pr\u00e9vient les caries et en favorisant une meilleures circulation sanguine dans les muqueuses elle pr\u00e9vient de nombreux\u00a0disfonctionnements organiques.<\/div>\n<div><\/div>\n<div><\/div>\n<div>APPLICATIONS PRINCIPALES :<\/div>\n<div>dans la cavit\u00e9 buccale : parodontose, inflammation des muqueuses, gingivites, l\u00e9sions, abc\u00e8s, aphtes, infections, grincements de dents.<\/div>\n<div><\/div>\n<div>APPLICATIONS SECONDAIRES :<\/div>\n<div>maladies internes et cycles de la m\u00e9decines Traditionnelle Chinoise par le microsyst\u00e8me \u00ab bouche \u00bb.<\/div>\n<p>Le petit disque biad\u00e9sif vous permettra de fixer la brosse au miroir au lieux du normal verre pour les brosses \u00e0 dents.<\/p>\n<p style=\"text-align: justify;\"><span style=\"font-size: 10pt;\"><span style=\"font-family: verdana, geneva;\"><img decoding=\"async\" style=\"margin: 5px; float: left;\" src=\"https:\/\/www.marah.ch\/images\/stories\/tini_appeso.jpg\" alt=\"tini_appeso\" width=\"93\" height=\"150\" border=\"0\" \/><\/span><\/span><\/p>\n","protected":false},"excerpt":{"rendered":"<p>La brosse \u00e0 dent Tini Brush a une t\u00eate avec 5 aimants dor\u00e9s \u00e0 1200 gauss chaqu&rsquo;un.<\/p>\n","protected":false},"featured_media":99407,"comment_status":"open","ping_status":"closed","template":"","meta":{"_acf_changed":false},"product_brand":[],"product_cat":[223],"product_tag":[],"class_list":{"0":"post-99418","1":"product","2":"type-product","3":"status-publish","4":"has-post-thumbnail","6":"product_cat-produits-avec-aimants","8":"first","9":"instock","10":"shipping-taxable","11":"purchasable","12":"product-type-simple"},"acf":[],"_links":{"self":[{"href":"https:\/\/www.marah.ch\/fr\/wp-json\/wp\/v2\/product\/99418","targetHints":{"allow":["GET"]}}],"collection":[{"href":"https:\/\/www.marah.ch\/fr\/wp-json\/wp\/v2\/product"}],"about":[{"href":"https:\/\/www.marah.ch\/fr\/wp-json\/wp\/v2\/types\/product"}],"replies":[{"embeddable":true,"href":"https:\/\/www.marah.ch\/fr\/wp-json\/wp\/v2\/comments?post=99418"}],"wp:featuredmedia":[{"embeddable":true,"href":"https:\/\/www.marah.ch\/fr\/wp-json\/wp\/v2\/media\/99407"}],"wp:attachment":[{"href":"https:\/\/www.marah.ch\/fr\/wp-json\/wp\/v2\/media?parent=99418"}],"wp:term":[{"taxonomy":"product_brand","embeddable":true,"href":"https:\/\/www.marah.ch\/fr\/wp-json\/wp\/v2\/product_brand?post=99418"},{"taxonomy":"product_cat","embeddable":true,"href":"https:\/\/www.marah.ch\/fr\/wp-json\/wp\/v2\/product_cat?post=99418"},{"taxonomy":"product_tag","embeddable":true,"href":"https:\/\/www.marah.ch\/fr\/wp-json\/wp\/v2\/product_tag?post=99418"}],"curies":[{"name":"wp","href":"https:\/\/api.w.org\/{rel}","templated":true}]}}