{"id":295783,"date":"2022-02-01T11:58:50","date_gmt":"2022-02-01T10:58:50","guid":{"rendered":"https:\/\/www.marah.ch\/?post_type=product&#038;p=295783"},"modified":"2022-02-25T20:19:56","modified_gmt":"2022-02-25T19:19:56","slug":"mymat-equinox","status":"publish","type":"product","link":"https:\/\/www.marah.ch\/fr\/produit\/mymat-equinox\/","title":{"rendered":"MyMat EQUINOX"},"content":{"rendered":"<p>Couverture portable \u00e0 usage \u00e9quin et pour d&rsquo;autres esp\u00e8ces de grande taille. Elle est fabriqu\u00e9e avec du vinyle \u00e0 l&rsquo;ext\u00e9rieur et un tissu perm\u00e9able plus doux \u00e0 l&rsquo;int\u00e9rieur.<\/p>\n<p>MyMat EQUINOX est un moyen efficace, sans fil, sans m\u00e9dicament et non invasif de traiter les maux des chevaux et autres grands animaux. Il n&rsquo;est pas douloureux, ne n\u00e9cessite pas de s\u00e9dation, r\u00e9duit l&rsquo;anxi\u00e9t\u00e9 et n&rsquo;a pas d&rsquo;effets secondaires nocifs. Chaque s\u00e9ance dure moins de 25 minutes. Lorsqu&rsquo;elle est combin\u00e9e \u00e0 d&rsquo;autres th\u00e9rapies, elle amplifie l&rsquo;efficacit\u00e9 de ces th\u00e9rapies.<\/p>\n<p>Gr\u00e2ce \u00e0 la technologie PEMF, le MyMat EQUINOX cr\u00e9e un champ \u00e9lectromagn\u00e9tique puls\u00e9 qui restaure la sant\u00e9 au niveau cellulaire en stimulant l&rsquo;oxyg\u00e9nation, le m\u00e9tabolisme et la d\u00e9sintoxication des cellules. Il fournit de l&rsquo;\u00e9nergie et de l&rsquo;information pour restaurer les processus naturels et les fonctions des organes, des tissus et des syst\u00e8mes du corps et, en tant que tel, il favorise la gu\u00e9rison et augmente les performances.<\/p>\n<p>Des centaines d&rsquo;\u00e9tudes scientifiques sur les CEMP ont \u00e9t\u00e9 publi\u00e9es et confirment l&rsquo;efficacit\u00e9 des CEMP sur les chevaux et autres animaux pour traiter de nombreuses pathologies.<\/p>\n<p>Les CEMP ont des effets b\u00e9n\u00e9fiques prouv\u00e9s sur le plan neurologique, physiologique et psychologique. Quelques exemples sont \u00e9num\u00e9r\u00e9s ici :<\/p>\n<p>Elle am\u00e9liore :<br \/>\nLa circulation sanguine<br \/>\nLes niveaux et le flux d&rsquo;\u00e9nergie<br \/>\nLa r\u00e9g\u00e9n\u00e9ration au niveau cellulaire<br \/>\nLa gu\u00e9rison des os, des articulations et des tissus mous<br \/>\nLes conditions neurologiques<br \/>\nAmplitude de mouvement<br \/>\nMuscles<br \/>\nSyst\u00e8me digestif<br \/>\nAbsorption des nutriments<br \/>\nSyst\u00e8me immunitaire<br \/>\nPerformance<\/p>\n<p>Il r\u00e9duit :<br \/>\nle stress<br \/>\nLa douleur<br \/>\nRaideur<br \/>\nInflammation<\/p>\n<p>Tous les appareils MyMat\u00ae\ufe0f (<a href=\"https:\/\/www.marah.ch\/fr\/produit\/micro-mat-2\/\" target=\"_blank\" rel=\"noopener\">MyMat<\/a>, <a href=\"https:\/\/www.marah.ch\/fr\/prodotto\/mymat-\/\" target=\"_blank\" rel=\"noopener\">MyMat PRO<\/a>, <a href=\"https:\/\/www.marah.ch\/fr\/prodotto\/mymat-clinic\/\" target=\"_blank\" rel=\"noopener\">MyMat CLINIC<\/a>, <a href=\"https:\/\/www.marah.ch\/fr\/prodotto\/mymat-equinox\/\" target=\"_blank\" rel=\"noopener\">MyMat EQUINOX<\/a>) sont contr\u00f4l\u00e9s par une application facile \u00e0 utiliser sur votre t\u00e9l\u00e9phone portable.<\/p>\n<p>Le MyMat EQUINOX est facile \u00e0 utiliser, \u00e0 nettoyer et \u00e0 transporter. Il est livr\u00e9 avec un manuel contenant la description des programmes. En outre, Healing House Ltda. fait des mises \u00e0 jour r\u00e9guli\u00e8res concernant l&rsquo;utilisation des programmes pour des conditions sp\u00e9cifiques. Ces recommandations sont soigneusement \u00e9valu\u00e9es et fournies par notre r\u00e9seau de v\u00e9t\u00e9rinaires affili\u00e9s.<\/p>\n<p>Veuillez nous contacter pour toute information suppl\u00e9mentaire, formation ou soutien \u00e0 <a href=\"mailto:support@marah.ch\">support@marah.ch<\/a><\/p>\n<p>MyMat\u00ae\ufe0f Informations g\u00e9n\u00e9rales<\/p>\n<p>MyMat a 85 programmes int\u00e9gr\u00e9s dans son application facile \u00e0 utiliser, avec chaque programme sp\u00e9cial con\u00e7u pour aider la sant\u00e9 et la gu\u00e9rison d&rsquo;une mani\u00e8re cibl\u00e9e et il est disponible dans une gamme de tailles afin que vous puissiez trouver la solution parfaite pour vos besoins individuels.<\/p>\n<p>MyMat propose \u00e9galement une approche int\u00e9grative et holistique, qui int\u00e8gre l&rsquo;\u00e9quilibrage des 7 chakras, des 12 m\u00e9ridiens et des cinq \u00e9l\u00e9ments, comme le pratiquent l&rsquo;Ayurveda, la m\u00e9decine traditionnelle chinoise et la m\u00e9decine tib\u00e9taine.<\/p>\n<p>La th\u00e9rapie PEMF est un moyen s\u00fbr et non invasif de favoriser la gu\u00e9rison et de r\u00e9duire la douleur et le stress.<\/p>\n<p>La th\u00e9rapie PEMF utilise des fr\u00e9quences \u00e9lectromagn\u00e9tiques puls\u00e9es pour \u00ab\u00a0r\u00e9initialiser\u00a0\u00bb les cellules du corps, comme pour recharger une batterie. Les cellules fatigu\u00e9es ou endommag\u00e9es re\u00e7oivent une onde \u00e9lectromagn\u00e9tique qui stimule la circulation, l&rsquo;oxyg\u00e9nation et l&rsquo;hydratation et aide \u00e0 \u00e9liminer les toxines des cellules.<\/p>\n<p>R\u00e9\u00e9quilibrer et reconstruire notre corps au niveau cellulaire peut stimuler l&rsquo;auto-gu\u00e9rison et aider notre corps \u00e0 se r\u00e9tablir et \u00e0 gu\u00e9rir.<\/p>\n<p>La maladie est caus\u00e9e par un blocage dans le flux d&rsquo;informations. Avec le MyMat, l&rsquo;information manquante peut \u00eatre offerte en g\u00e9n\u00e9rant la fr\u00e9quence \u00e9lectromagn\u00e9tique correcte et ainsi reconnecter le lien manquant dans la communication cellulaire. Une petite quantit\u00e9 d&rsquo;informations \u00e9lectromagn\u00e9tiques peut suffire \u00e0 stimuler l&rsquo;auto-gu\u00e9rison. Lorsqu&rsquo;elle est combin\u00e9e \u00e0 d&rsquo;autres th\u00e9rapies, elle amplifie l&rsquo;efficacit\u00e9 de ces th\u00e9rapies.<\/p>\n<p>MyMat\u00ae\ufe0f offre non seulement la sant\u00e9 et le bien-\u00eatre mais aussi la s\u00e9curit\u00e9, la qualit\u00e9 et le design avec une garantie de 2 ans.<\/p>\n<p>&nbsp;<\/p>\n<h2>FICHE TECHNIQUE Healing House<\/h2>\n<ul>\n<li>Type of device: Blanket for equine use and large species<\/li>\n<li>Materials: Vinyl on the outside and soft permeable fabric on the inside<\/li>\n<li>Principle of operation: Generation of Pulsed Electromagnetic Fields (PEMF) of low frequency and low intensity<\/li>\n<li>Technology known as: Pulsed electromagnetic fields (PEMF), bio-magnetism, bio-resonance, PEMF<\/li>\n<li>Product classification: Energy therapy, vibrational therapy<\/li>\n<li>Wireless communication system: Wi-Fi<\/li>\n<li>Frequency range: 1HZ to 200 KHZ<\/li>\n<li>Emitted signal: Square wave electromagnetic signals.<\/li>\n<li>Maximum intensity of the magnetic field on the surface of the device:<br \/>\n5 milligauss x 24 channels<\/li>\n<li>Number of antennas: 24 flexible flat coils.<\/li>\n<li>Programming: 85 rehabilitation, fitness, physical and emotional relaxation programs.<\/li>\n<li>Control system: Programmable App for Android and IOS mobile devices with 11 categories, 93 pre-set combinations and 85 individual programs.<\/li>\n<li>Uses: veterinary medicine, fitness, physical therapy, physical and emotional relaxation, wellness, preventive and holistic medicine.<\/li>\n<li>Power supply: 2 Rechargeable 3.7 volt DC batteries, 3000 Milliamp Hour.<\/li>\n<li>Safety: Active short-circuit protection, Over Current and Over Voltage Protection. Passive protection with SMT technology fuses.<\/li>\n<li>Temperature range for operation: + 5 \u00b0 to + 45 \u00b0<\/li>\n<li>Device measurements: 170x150x2 cm.<\/li>\n<li>Bag measurements: 78x58x12 cm.<\/li>\n<li>Measures of the packing box: 87 X 67 X 17 cm.<\/li>\n<li>Warranty: 2 years.<\/li>\n<\/ul>\n","protected":false},"excerpt":{"rendered":"<p>Couverture portable \u00e0 usage \u00e9quin et pour d&rsquo;autres esp\u00e8ces de grande taille. Elle est fabriqu\u00e9e avec du vinyle \u00e0 l&rsquo;ext\u00e9rieur et un tissu perm\u00e9able plus doux \u00e0 l&rsquo;int\u00e9rieur. MyMat EQUINOX est un moyen efficace, sans fil, sans m\u00e9dicament et non invasif de traiter les maux des chevaux et autres grands animaux. Il n&rsquo;est pas douloureux, [&hellip;]<\/p>\n","protected":false},"featured_media":295786,"comment_status":"open","ping_status":"closed","template":"","meta":{"_acf_changed":false},"product_brand":[],"product_cat":[231],"product_tag":[],"class_list":{"0":"post-295783","1":"product","2":"type-product","3":"status-publish","4":"has-post-thumbnail","6":"product_cat-appareils-pour-votre-sante","7":"product_shipping_class-pacco","9":"first","10":"instock","11":"shipping-taxable","12":"purchasable","13":"product-type-simple"},"acf":[],"_links":{"self":[{"href":"https:\/\/www.marah.ch\/fr\/wp-json\/wp\/v2\/product\/295783","targetHints":{"allow":["GET"]}}],"collection":[{"href":"https:\/\/www.marah.ch\/fr\/wp-json\/wp\/v2\/product"}],"about":[{"href":"https:\/\/www.marah.ch\/fr\/wp-json\/wp\/v2\/types\/product"}],"replies":[{"embeddable":true,"href":"https:\/\/www.marah.ch\/fr\/wp-json\/wp\/v2\/comments?post=295783"}],"wp:featuredmedia":[{"embeddable":true,"href":"https:\/\/www.marah.ch\/fr\/wp-json\/wp\/v2\/media\/295786"}],"wp:attachment":[{"href":"https:\/\/www.marah.ch\/fr\/wp-json\/wp\/v2\/media?parent=295783"}],"wp:term":[{"taxonomy":"product_brand","embeddable":true,"href":"https:\/\/www.marah.ch\/fr\/wp-json\/wp\/v2\/product_brand?post=295783"},{"taxonomy":"product_cat","embeddable":true,"href":"https:\/\/www.marah.ch\/fr\/wp-json\/wp\/v2\/product_cat?post=295783"},{"taxonomy":"product_tag","embeddable":true,"href":"https:\/\/www.marah.ch\/fr\/wp-json\/wp\/v2\/product_tag?post=295783"}],"curies":[{"name":"wp","href":"https:\/\/api.w.org\/{rel}","templated":true}]}}