{"id":295731,"date":"2022-02-01T11:18:31","date_gmt":"2022-02-01T10:18:31","guid":{"rendered":"https:\/\/www.marah.ch\/?post_type=product&#038;p=295731"},"modified":"2022-02-25T20:20:37","modified_gmt":"2022-02-25T19:20:37","slug":"mymat-clinic","status":"publish","type":"product","link":"https:\/\/www.marah.ch\/fr\/produit\/mymat-clinic\/","title":{"rendered":"MyMat CLINIC"},"content":{"rendered":"<p>Le MyMat CLINIC est con\u00e7u pour \u00eatre utilis\u00e9 dans les cliniques et autres milieux professionnels et s&rsquo;adapte \u00e0 une table de massage. Bien qu&rsquo;il ait \u00e9t\u00e9 con\u00e7u pour les professionnels de la sant\u00e9 et du bien-\u00eatre, de nombreuses personnes aimant le PEMF et soucieuses de leur sant\u00e9 ne peuvent r\u00e9sister \u00e0 l&rsquo;envie d&rsquo;en acheter un pour l&rsquo;utiliser chez elles.<\/p>\n<p>Ce tapis portable pour tout le corps a un tissu en vinyle facile \u00e0 nettoyer, antibact\u00e9rien, antifongique, ignifuge et avec une protection UV. Gr\u00e2ce \u00e0 sa grande taille, les fr\u00e9quences \u00e9lectromagn\u00e9tiques puls\u00e9es de MyMat CLINIC&rsquo; peuvent atteindre le corps entier, m\u00eame avec des implants m\u00e9talliques.<\/p>\n<p>Tous les appareils MyMat\u00ae\ufe0f (<a href=\"https:\/\/www.marah.ch\/fr\/produit\/micro-mat-2\/\" target=\"_blank\" rel=\"noopener\">MyMat<\/a>, <a href=\"https:\/\/www.marah.ch\/fr\/prodotto\/mymat-\/\" target=\"_blank\" rel=\"noopener\">MyMat PRO<\/a>, <a href=\"https:\/\/www.marah.ch\/fr\/prodotto\/mymat-clinic\/\" target=\"_blank\" rel=\"noopener\">MyMat CLINIC<\/a>, <a href=\"https:\/\/www.marah.ch\/fr\/prodotto\/mymat-equinox\/\" target=\"_blank\" rel=\"noopener\">MyMat EQUINOX<\/a>) sont contr\u00f4l\u00e9s par une application facile \u00e0 utiliser sur votre t\u00e9l\u00e9phone portable.<\/p>\n<p>Le MyMat CLINIC est facile \u00e0 utiliser, \u00e0 nettoyer et \u00e0 transporter. Il est livr\u00e9 avec un manuel contenant la description des programmes. En outre, Healing House Ltda. fait des mises \u00e0 jour r\u00e9guli\u00e8res concernant l&rsquo;utilisation des programmes pour des conditions sp\u00e9cifiques. Ces recommandations sont soigneusement \u00e9valu\u00e9es et fournies par notre r\u00e9seau de professionnels de la sant\u00e9 et du bien-\u00eatre affili\u00e9s.<\/p>\n<p>Veuillez nous contacter pour toute information compl\u00e9mentaire, formation ou soutien \u00e0 <a href=\"mailto:support@marah.ch\">support@marah.ch<\/a><\/p>\n<p>MyMat\u00ae\ufe0f Informations g\u00e9n\u00e9rales<\/p>\n<p>MyMat dispose de 85 programmes int\u00e9gr\u00e9s dans son application facile \u00e0 utiliser, chaque programme sp\u00e9cial \u00e9tant con\u00e7u pour favoriser la sant\u00e9 et la gu\u00e9rison de mani\u00e8re cibl\u00e9e. Il est disponible en plusieurs tailles afin que vous puissiez trouver la solution parfaite pour vos besoins individuels.<\/p>\n<p>MyMat propose \u00e9galement une approche int\u00e9grative et holistique, qui int\u00e8gre l&rsquo;\u00e9quilibrage des 7 chakras, des 12 m\u00e9ridiens et des cinq \u00e9l\u00e9ments, comme le pratiquent l&rsquo;Ayurveda, la m\u00e9decine traditionnelle chinoise et la m\u00e9decine tib\u00e9taine.<\/p>\n<p>La th\u00e9rapie PEMF est un moyen s\u00fbr et non invasif de favoriser la gu\u00e9rison et de r\u00e9duire la douleur et le stress.<\/p>\n<p>La th\u00e9rapie PEMF utilise des fr\u00e9quences \u00e9lectromagn\u00e9tiques puls\u00e9es pour \u00ab\u00a0r\u00e9initialiser\u00a0\u00bb les cellules du corps, comme pour recharger une batterie. Les cellules fatigu\u00e9es ou endommag\u00e9es re\u00e7oivent une onde \u00e9lectromagn\u00e9tique qui stimule la circulation, l&rsquo;oxyg\u00e9nation et l&rsquo;hydratation et aide \u00e0 \u00e9liminer les toxines des cellules.<\/p>\n<p>R\u00e9\u00e9quilibrer et reconstruire notre corps au niveau cellulaire peut stimuler l&rsquo;auto-gu\u00e9rison et aider notre corps \u00e0 se r\u00e9tablir et \u00e0 gu\u00e9rir.<\/p>\n<p>La maladie est caus\u00e9e par un blocage dans le flux d&rsquo;informations. Avec le MyMat, l&rsquo;information manquante peut \u00eatre offerte en g\u00e9n\u00e9rant la fr\u00e9quence \u00e9lectromagn\u00e9tique correcte et ainsi reconnecter le lien manquant dans la communication cellulaire. Une petite quantit\u00e9 d&rsquo;informations \u00e9lectromagn\u00e9tiques peut suffire \u00e0 stimuler l&rsquo;auto-gu\u00e9rison. Lorsqu&rsquo;elle est combin\u00e9e \u00e0 d&rsquo;autres th\u00e9rapies, elle amplifie l&rsquo;efficacit\u00e9 de ces th\u00e9rapies.<\/p>\n<p>MyMat\u00ae\ufe0f offre non seulement la sant\u00e9 et le bien-\u00eatre mais aussi la s\u00e9curit\u00e9, la qualit\u00e9 et le design avec une garantie de 2 ans.<\/p>\n<h2><\/h2>\n<h2>FICHE TECHNIQUE Healing House<\/h2>\n<ul>\n<li>Type d&rsquo;appareil : Tapis portable pour tout le corps avec connectivit\u00e9 sans fil Wi-Fi et batterie rechargeable.<\/li>\n<li>Mat\u00e9riaux : Vinyle, antibact\u00e9rien, antifongique, ignifuge, protection contre les UV.<\/li>\n<li>Principe de fonctionnement : G\u00e9n\u00e9ration de champs \u00e9lectromagn\u00e9tiques puls\u00e9s (PEMF) de basse fr\u00e9quence et de faible intensit\u00e9.<\/li>\n<li>Technologie connue sous le nom de : Champs \u00e9lectromagn\u00e9tiques puls\u00e9s (PEMF), bio-magn\u00e9tisme, bio-r\u00e9sonance, PEMF.<\/li>\n<li>Classification des produits : Th\u00e9rapie \u00e9nerg\u00e9tique, th\u00e9rapie vibratoire.<\/li>\n<li>Syst\u00e8me de communication sans fil : Wi-Fi<\/li>\n<li>Gamme de fr\u00e9quences : 1HZ \u00e0 200 KHZ<\/li>\n<li>Signal \u00e9mis : Signaux \u00e9lectromagn\u00e9tiques \u00e0 ondes carr\u00e9es.<\/li>\n<li>Intensit\u00e9 maximale du champ magn\u00e9tique \u00e0 la surface de l&rsquo;appareil : 5 milligauss x 16 canaux.<\/li>\n<li>Nombre d&rsquo;antennes : 16 bobines plates flexibles.<\/li>\n<li>Programmation : 85 programmes, de r\u00e9\u00e9ducation, de remise en forme, de relaxation physique et \u00e9motionnelle.<\/li>\n<li>Syst\u00e8me de contr\u00f4le : App programmable pour les appareils mobiles Android et IOS avec 11 cat\u00e9gories, 93 combinaisons pr\u00e9\u00e9tablies et 85 programmes individuels.<\/li>\n<li>Utilisations : R\u00e9habilitation, remise en forme, relaxation physique et \u00e9motionnelle, m\u00e9decine pr\u00e9ventive et holistique, physioth\u00e9rapie, bien-\u00eatre, m\u00e9ditation, esth\u00e9tique, m\u00e9decine v\u00e9t\u00e9rinaire.<\/li>\n<li>Alimentation \u00e9lectrique : 2 piles rechargeables de 3,7 volts CC, 3000 milliamp\u00e8res-heure.<\/li>\n<li>S\u00e9curit\u00e9 : Protection active contre les courts-circuits, protection contre les surintensit\u00e9s et les surtensions. Protection passive avec des fusibles de technologie SMT.<\/li>\n<li>Plage de temp\u00e9rature de fonctionnement : + 5 \u00b0 \u00e0 + 45 \u00b0.<\/li>\n<li>Dimensions de l&rsquo;appareil : 63x170x2,5 cm.<\/li>\n<li>Mesures du sac : 65x65x12 cm.<\/li>\n<li>Mesures de la bo\u00eete d&#8217;emballage : 69x69x17 cm.<\/li>\n<li>Garantie : 2 ans.<\/li>\n<\/ul>\n","protected":false},"excerpt":{"rendered":"<p>Le MyMat CLINIC est con\u00e7u pour \u00eatre utilis\u00e9 dans les cliniques et autres milieux professionnels et s&rsquo;adapte \u00e0 une table de massage. Bien qu&rsquo;il ait \u00e9t\u00e9 con\u00e7u pour les professionnels de la sant\u00e9 et du bien-\u00eatre, de nombreuses personnes aimant le PEMF et soucieuses de leur sant\u00e9 ne peuvent r\u00e9sister \u00e0 l&rsquo;envie d&rsquo;en acheter un [&hellip;]<\/p>\n","protected":false},"featured_media":295734,"comment_status":"open","ping_status":"closed","template":"","meta":{"_acf_changed":false},"product_brand":[],"product_cat":[231],"product_tag":[],"class_list":{"0":"post-295731","1":"product","2":"type-product","3":"status-publish","4":"has-post-thumbnail","6":"product_cat-appareils-pour-votre-sante","7":"product_shipping_class-pacco","9":"first","10":"instock","11":"shipping-taxable","12":"purchasable","13":"product-type-simple"},"acf":[],"_links":{"self":[{"href":"https:\/\/www.marah.ch\/fr\/wp-json\/wp\/v2\/product\/295731","targetHints":{"allow":["GET"]}}],"collection":[{"href":"https:\/\/www.marah.ch\/fr\/wp-json\/wp\/v2\/product"}],"about":[{"href":"https:\/\/www.marah.ch\/fr\/wp-json\/wp\/v2\/types\/product"}],"replies":[{"embeddable":true,"href":"https:\/\/www.marah.ch\/fr\/wp-json\/wp\/v2\/comments?post=295731"}],"wp:featuredmedia":[{"embeddable":true,"href":"https:\/\/www.marah.ch\/fr\/wp-json\/wp\/v2\/media\/295734"}],"wp:attachment":[{"href":"https:\/\/www.marah.ch\/fr\/wp-json\/wp\/v2\/media?parent=295731"}],"wp:term":[{"taxonomy":"product_brand","embeddable":true,"href":"https:\/\/www.marah.ch\/fr\/wp-json\/wp\/v2\/product_brand?post=295731"},{"taxonomy":"product_cat","embeddable":true,"href":"https:\/\/www.marah.ch\/fr\/wp-json\/wp\/v2\/product_cat?post=295731"},{"taxonomy":"product_tag","embeddable":true,"href":"https:\/\/www.marah.ch\/fr\/wp-json\/wp\/v2\/product_tag?post=295731"}],"curies":[{"name":"wp","href":"https:\/\/api.w.org\/{rel}","templated":true}]}}