{"id":295338,"date":"2021-08-25T08:59:25","date_gmt":"2021-08-25T06:59:29","guid":{"rendered":"https:\/\/www.marah.ch\/?post_type=product&#038;p=295338"},"modified":"2021-08-25T09:04:00","modified_gmt":"2021-08-25T07:04:00","slug":"bracciale-elastico-rodiato-e-mat-a-dischi","status":"publish","type":"product","link":"https:\/\/www.marah.ch\/fr\/produit\/bracciale-elastico-rodiato-e-mat-a-dischi\/","title":{"rendered":"Bracelets souples"},"content":{"rendered":"<p>Les bracelets souples Casual Flex d&rsquo;ENERGETIX sont tr\u00e8s appr\u00e9ci\u00e9s partout dans le monde. Outre ses aimants n\u00e9odymes, ce bracelet souple poss\u00e8de une partie en cuivre sur sa face int\u00e9rieure. Son design graphique alternant surfaces mates et polies fait de ce bijou un objet \u00e0 la fois classique et moderne que vous pouvez porter avec les tenues les plus diverses !<\/p>\n","protected":false},"excerpt":{"rendered":"<p>Tr\u00e8s joli bracelet en acier rodi\u00e9 et mat avec 2 aimants et du cuivre.<\/p>\n","protected":false},"featured_media":101403,"comment_status":"open","ping_status":"closed","template":"","meta":{"_acf_changed":false},"product_brand":[],"product_cat":[239],"product_tag":[],"class_list":{"0":"post-295338","1":"product","2":"type-product","3":"status-publish","4":"has-post-thumbnail","6":"product_cat-bijoux-magnetiques","7":"pa_sceglilatuamisura-9f-l16_18cm-fr","8":"pa_sceglilatuamisura-9f-l16_18cm-de","9":"pa_sceglilatuamisura-8f-m15_16cm-de","10":"pa_sceglilatuamisura-8f-m15_16cm-fr","11":"pa_sceglilatuamisura-67-xl18_20cm-fr","12":"pa_sceglilatuamisura-67-xl18_20cm-de","13":"pa_sceglilatuamisura-57-xxl20_22cm-fr","14":"pa_sceglilatuamisura-57-xxl20_22cm-de","16":"first","17":"instock","18":"shipping-taxable","19":"purchasable","20":"product-type-variable"},"acf":[],"_links":{"self":[{"href":"https:\/\/www.marah.ch\/fr\/wp-json\/wp\/v2\/product\/295338","targetHints":{"allow":["GET"]}}],"collection":[{"href":"https:\/\/www.marah.ch\/fr\/wp-json\/wp\/v2\/product"}],"about":[{"href":"https:\/\/www.marah.ch\/fr\/wp-json\/wp\/v2\/types\/product"}],"replies":[{"embeddable":true,"href":"https:\/\/www.marah.ch\/fr\/wp-json\/wp\/v2\/comments?post=295338"}],"wp:featuredmedia":[{"embeddable":true,"href":"https:\/\/www.marah.ch\/fr\/wp-json\/wp\/v2\/media\/101403"}],"wp:attachment":[{"href":"https:\/\/www.marah.ch\/fr\/wp-json\/wp\/v2\/media?parent=295338"}],"wp:term":[{"taxonomy":"product_brand","embeddable":true,"href":"https:\/\/www.marah.ch\/fr\/wp-json\/wp\/v2\/product_brand?post=295338"},{"taxonomy":"product_cat","embeddable":true,"href":"https:\/\/www.marah.ch\/fr\/wp-json\/wp\/v2\/product_cat?post=295338"},{"taxonomy":"product_tag","embeddable":true,"href":"https:\/\/www.marah.ch\/fr\/wp-json\/wp\/v2\/product_tag?post=295338"}],"curies":[{"name":"wp","href":"https:\/\/api.w.org\/{rel}","templated":true}]}}