{"id":295189,"date":"2021-06-16T21:10:11","date_gmt":"2021-06-16T19:10:15","guid":{"rendered":"https:\/\/www.marah.ch\/?post_type=product&#038;p=295189"},"modified":"2021-06-16T21:16:58","modified_gmt":"2021-06-16T19:16:58","slug":"bracciale-classic-elastico-in-acciaio","status":"publish","type":"product","link":"https:\/\/www.marah.ch\/fr\/produit\/bracciale-classic-elastico-in-acciaio\/","title":{"rendered":"Bracelet classic flexible en acier rodi\u00e9"},"content":{"rendered":"","protected":false},"excerpt":{"rendered":"<p>Bracelet flexible<\/p>\n<p>0,00 x 6,00 x 0,00 mm<br \/>\nNombre d&rsquo;aimants:2<br \/>\nPuissance de l&rsquo;aimant:0,12 T<br \/>\nMat\u00e9riel:Acier<br \/>\nFinition de surface:poli, bross\u00e9<br \/>\nAutres propri\u00e9t\u00e9s:Peut \u00eatre grav\u00e9<br \/>\nUtilit\u00e9 pratique:Simple<br \/>\nCouleurs:couleur acier<\/p>\n","protected":false},"featured_media":99635,"comment_status":"open","ping_status":"closed","template":"","meta":{"_acf_changed":false},"product_brand":[],"product_cat":[239],"product_tag":[],"class_list":{"0":"post-295189","1":"product","2":"type-product","3":"status-publish","4":"has-post-thumbnail","6":"product_cat-bijoux-magnetiques","7":"pa_sceglilatuamisura-9f-l16_18cm-fr","8":"pa_sceglilatuamisura-8f-m15_16cm-fr","9":"pa_sceglilatuamisura-67-xl18_20cm-fr","10":"pa_sceglilatuamisura-57-xxl20_22cm-fr","12":"first","13":"instock","14":"shipping-taxable","15":"purchasable","16":"product-type-variable","17":"has-default-attributes"},"acf":[],"_links":{"self":[{"href":"https:\/\/www.marah.ch\/fr\/wp-json\/wp\/v2\/product\/295189","targetHints":{"allow":["GET"]}}],"collection":[{"href":"https:\/\/www.marah.ch\/fr\/wp-json\/wp\/v2\/product"}],"about":[{"href":"https:\/\/www.marah.ch\/fr\/wp-json\/wp\/v2\/types\/product"}],"replies":[{"embeddable":true,"href":"https:\/\/www.marah.ch\/fr\/wp-json\/wp\/v2\/comments?post=295189"}],"wp:featuredmedia":[{"embeddable":true,"href":"https:\/\/www.marah.ch\/fr\/wp-json\/wp\/v2\/media\/99635"}],"wp:attachment":[{"href":"https:\/\/www.marah.ch\/fr\/wp-json\/wp\/v2\/media?parent=295189"}],"wp:term":[{"taxonomy":"product_brand","embeddable":true,"href":"https:\/\/www.marah.ch\/fr\/wp-json\/wp\/v2\/product_brand?post=295189"},{"taxonomy":"product_cat","embeddable":true,"href":"https:\/\/www.marah.ch\/fr\/wp-json\/wp\/v2\/product_cat?post=295189"},{"taxonomy":"product_tag","embeddable":true,"href":"https:\/\/www.marah.ch\/fr\/wp-json\/wp\/v2\/product_tag?post=295189"}],"curies":[{"name":"wp","href":"https:\/\/api.w.org\/{rel}","templated":true}]}}