{"id":294311,"date":"2020-06-23T11:16:00","date_gmt":"2020-06-23T09:16:01","guid":{"rendered":"https:\/\/www.marah.ch\/?post_type=product&#038;p=294311"},"modified":"2020-06-23T11:23:14","modified_gmt":"2020-06-23T09:23:14","slug":"goldchip-disc","status":"publish","type":"product","link":"https:\/\/www.marah.ch\/fr\/produit\/goldchip-disc\/","title":{"rendered":"GOLD*CHIP Disc"},"content":{"rendered":"<p><strong>Un investissement judicieux avec un effet \u00e9tonnant !<\/strong><\/p>\n<p>Le GOLD*CHIP Disc est l\u00e0 pour repolariser le rayonnement \u00e9lectromagn\u00e9tique qui p\u00e9n\u00e8tre dans les b\u00e2timents depuis l&rsquo;ext\u00e9rieur :<\/p>\n<ul>\n<li>lignes ferroviaires<\/li>\n<li>antennes de t\u00e9l\u00e9phonie mobile<\/li>\n<li>lignes \u00e0 haute tension<\/li>\n<li>antennes paraboliques \/ antennes paraboliques<\/li>\n<li>lignes de train, de tramway et de trolleybus<\/li>\n<\/ul>\n<p>Afin de vous prot\u00e9ger contre les influences mentionn\u00e9es ci-dessus, le GOLD*CHIP Disc (silicium cristallin pur, \u00d8 17cm) est plac\u00e9 \u00e0 l&rsquo;int\u00e9rieur de l&rsquo;habitation ou du poste de travail (sur le mur ou la fen\u00eatre faisant face \u00e0 la source d&rsquo;interf\u00e9rence).<\/p>\n<p>Non seulement les entreprises agricoles perturb\u00e9es par les rayonnements des lignes \u00e0 haute tension et antennes de la t\u00e9l\u00e9phonie mobile se font un plaisir de confirmer les effets extr\u00eamement positifs de ce \u00ab\u00a0disque\u00a0\u00bb. En particulier en ce qui concerne le changement du comportement des animaux concern\u00e9s tels que les vaches, les porcs, les poulets, etc.<\/p>\n<p>Avant l&rsquo;installation du GOLD*CHIP Disc \u2026<\/p>\n<p>a) plus de fausses couches se produisaient \u2026<br \/>\nb) la plupart des vaches soufraient d\u2019inflammations \u2026<br \/>\nc) les performances individuelles des vaches laiti\u00e8res diminuaient \u2026<br \/>\nd) la qualit\u00e9 du lait (teneurs en mati\u00e8res grasses) diminuait \u2026<br \/>\ne) des grandes difficult\u00e9s d\u2019\u00eatre en gestation se manifestaient \u2026<\/p>\n<p>* * *<\/p>\n<p>\u00c0 la mi-avril 2020 (en plein milieu de la pand\u00e9mie corona), nous avons re\u00e7u ce feedback d&rsquo;un agriculteur qui avait d\u00e9j\u00e0 eu de tr\u00e8s bonnes exp\u00e9riences avec le PHAROS II :<\/p>\n<p>Ma m\u00e8re a \u00e9t\u00e9 emmen\u00e9e dans un h\u00f4pital cantonal (en Suisse) il y a quelques jours. D\u00e8s le deuxi\u00e8me jour, elle s&rsquo;est plainte de probl\u00e8mes de sommeil et d&rsquo;autres probl\u00e8mes qu&rsquo;elle n&rsquo;avait jamais eus auparavant. Je me suis dit : maintenant, je dois chercher une aiguille dans une botte de foin ! Lorsque j&rsquo;ai regard\u00e9 en dehors de sa chambre lors de ma prochaine visite, j&rsquo;ai \u00ab\u00a0d\u00e9couvert\u00a0\u00bb une antenne de la t\u00e9l\u00e9phonie mobile plac\u00e9 \u00e0 quelques dizaines de m\u00e8tres sur un autre b\u00e2timent de ce immense h\u00f4pital. Sur demande, la direction m&rsquo;a inform\u00e9 qu&rsquo;il s&rsquo;agissait d&rsquo;une nouvelle antenne 5G, qui a \u00e9t\u00e9 \u00ab\u00a0r\u00e9cemment\u00a0\u00bb install\u00e9e et mise en service.<\/p>\n<p>J&rsquo;ai alors contact\u00e9 une de mes connaissances, qui travaille avec la bior\u00e9sonance depuis plus de 30 ans et qui conna\u00eet tr\u00e8s bien le sujet de l&rsquo;\u00e9lectrosmog. Elle a ensuite essay\u00e9 d&rsquo;harmoniser la chambre de ma m\u00e8re avec des symboles et divers produits : malheureusement sans succ\u00e8s !<\/p>\n<p>Puis elle m&rsquo;a envoy\u00e9 son GOLD*CHIP Disc (lequel elle-m\u00eame avait re\u00e7u il y a quelques jours seulement). Je l&rsquo;ai accroch\u00e9 dans la chambre, face \u00e0 l&rsquo;antenne. Ma m\u00e8re, qui a maintenant 85 ans, m&rsquo;a dit peu apr\u00e8s : \u00ab\u00a0Je me sens d\u00e9j\u00e0 beaucoup mieux. A la fois couch\u00e9 dans le lit et assis sur la chaise !<\/p>\n<p>* * *<\/p>\n<p>Nous avons publi\u00e9 des informations d\u00e9taill\u00e9es en ce qui concerne l&rsquo;\u00e9lectrosmog <a href=\"https:\/\/www.biotac.ch\/f\/electro-line\/electrosmog\/index.html\" target=\"_blank\" rel=\"noopener noreferrer\">sous ce lien<\/a>.<\/p>\n<p>* * *<\/p>\n<p>Pour nous personnellement, c&rsquo;est un plaisir de constater que de plus en plus d&rsquo;entreprises de service comme p.ex. banques et compagnies d&rsquo;assurance sont tr\u00e8s satisfaits par les effets de nos produits BIOTAC Line\u00a9 \u2026 et qu&rsquo;ils les int\u00e8grent pour le bien-\u00eatre de leurs employ\u00e9s.<\/p>\n<p>Le GOLD*CHIP Disc n&rsquo;est pas un simple morceau de \u00ab\u00a0verre normal\u00a0\u00bb. Chaque GOLD*CHIP Disc est soigneusement et individuellement fabriqu\u00e9 \u00e0 la main par une \u00e9quipe exp\u00e9riment\u00e9e d&rsquo;une verrerie traditionnelle du sud de l&rsquo;Allemagne.<\/p>\n<p>Les rainures soigneusement appliqu\u00e9es sur le disque correspondent \u00e0 la s\u00e9quence de Fibonacci, qui sert entre autres \u00e0 manifester un champ tachyon harmonieux et protecteur.<\/p>\n<p>* * *<\/p>\n<p>En raison des nombreuses r\u00e9actions que nous avons re\u00e7ues depuis l&rsquo;introduction de nos produits en 1995, l&rsquo;effet du GOLD*CHIP Disc peut \u00eatre d\u00e9crit comme extraordinaire, sans exag\u00e9rer. D&rsquo;autant plus qu&rsquo;il y a un GOLD*CHIP au milieu de ce disque de silicium, dont l&rsquo;effet extraordinaire a \u00e9t\u00e9 prouv\u00e9 par plusieurs \u00e9tudes scientifiques et bio-\u00e9nerg\u00e9tiques.<\/p>\n<p>Afin que vous puissiez vous informer sur l&rsquo;efficacit\u00e9 du GOLD*CHIP, vous trouverez les \u00e9tudes publi\u00e9es <a href=\"https:\/\/gold-chip.com\/f\/analyses\/index.html\" target=\"_blank\" rel=\"noopener noreferrer\">sous ce lien<\/a>.<\/p>\n","protected":false},"excerpt":{"rendered":"<p>Un investissement judicieux avec un effet \u00e9tonnant ! Le GOLD*CHIP Disc est l\u00e0 pour repolariser le rayonnement \u00e9lectromagn\u00e9tique qui p\u00e9n\u00e8tre dans les b\u00e2timents depuis l&rsquo;ext\u00e9rieur : lignes ferroviaires antennes de t\u00e9l\u00e9phonie mobile lignes \u00e0 haute tension antennes paraboliques \/ antennes paraboliques lignes de train, de tramway et de trolleybus Afin de vous prot\u00e9ger contre les [&hellip;]<\/p>\n","protected":false},"featured_media":294291,"comment_status":"open","ping_status":"closed","template":"","meta":{"_acf_changed":false},"product_brand":[],"product_cat":[704],"product_tag":[],"class_list":{"0":"post-294311","1":"product","2":"type-product","3":"status-publish","4":"has-post-thumbnail","6":"product_cat-electrosmog","7":"product_shipping_class-pacco","9":"first","10":"instock","11":"shipping-taxable","12":"purchasable","13":"product-type-simple"},"acf":[],"_links":{"self":[{"href":"https:\/\/www.marah.ch\/fr\/wp-json\/wp\/v2\/product\/294311","targetHints":{"allow":["GET"]}}],"collection":[{"href":"https:\/\/www.marah.ch\/fr\/wp-json\/wp\/v2\/product"}],"about":[{"href":"https:\/\/www.marah.ch\/fr\/wp-json\/wp\/v2\/types\/product"}],"replies":[{"embeddable":true,"href":"https:\/\/www.marah.ch\/fr\/wp-json\/wp\/v2\/comments?post=294311"}],"wp:featuredmedia":[{"embeddable":true,"href":"https:\/\/www.marah.ch\/fr\/wp-json\/wp\/v2\/media\/294291"}],"wp:attachment":[{"href":"https:\/\/www.marah.ch\/fr\/wp-json\/wp\/v2\/media?parent=294311"}],"wp:term":[{"taxonomy":"product_brand","embeddable":true,"href":"https:\/\/www.marah.ch\/fr\/wp-json\/wp\/v2\/product_brand?post=294311"},{"taxonomy":"product_cat","embeddable":true,"href":"https:\/\/www.marah.ch\/fr\/wp-json\/wp\/v2\/product_cat?post=294311"},{"taxonomy":"product_tag","embeddable":true,"href":"https:\/\/www.marah.ch\/fr\/wp-json\/wp\/v2\/product_tag?post=294311"}],"curies":[{"name":"wp","href":"https:\/\/api.w.org\/{rel}","templated":true}]}}