{"id":294307,"date":"2020-06-23T10:45:17","date_gmt":"2020-06-23T08:45:18","guid":{"rendered":"https:\/\/www.marah.ch\/?post_type=product&#038;p=294307"},"modified":"2020-06-23T11:05:42","modified_gmt":"2020-06-23T09:05:42","slug":"goldchip-pendentif","status":"publish","type":"product","link":"https:\/\/www.marah.ch\/fr\/produit\/goldchip-pendentif\/","title":{"rendered":"GOLD*CHIP pendentif"},"content":{"rendered":"<p><strong>Protection efficace contre les rayonnements \u00e9lectromagn\u00e9tiques<\/strong><\/p>\n<ul>\n<li><strong>id\u00e9al pour les personnes \u00e9lectrosensibles<\/strong><\/li>\n<li><strong>id\u00e9al pour ceux qui font beaucoup de travail \u00e0 l&rsquo;\u00e9cran<\/strong><\/li>\n<\/ul>\n<p>Avec le pendentif GOLD*CHIP, nous proposons un pendentif tachyon, qui est la mise en \u0153uvre coh\u00e9rente de notre <a href=\"https:\/\/www.marah.ch\/fr\/produit\/goldchip\/\">GOLD*CHIP<\/a>.<\/p>\n<p>Outre le fait que le pendentif GOLD*CHIP est une protection efficace contre l&rsquo;\u00e9lectrosmog, pratiquement tous les gens qui portent ce pendentif, ressentent plus d&rsquo;\u00e9nergie, peuvent travailler de mani\u00e8re plus d\u00e9tendue et concentr\u00e9e &#8230; et se sentent moins stress\u00e9s. Logique; l&rsquo;influence de l&rsquo;\u00e9lectrosmog ne doit pas \u00eatre sous-estim\u00e9e.<\/p>\n<p>* * *<\/p>\n<p><strong>Autres caract\u00e9ristiques:<\/strong> Comme ce pendentif est fait de laiton plaqu\u00e9 or 24 carats et qu&rsquo;il est enrob\u00e9 de silicium pur, on peut lui attribuer &#8211; d&rsquo;un point de vue hom\u00e9opathique &#8211; des propri\u00e9t\u00e9s calmantes qui aident \u00e0 s&rsquo;enraciner.<\/p>\n<p>* * *<\/p>\n<p><strong>Fabrication:<\/strong> Le pendentif GOLD*CHIP est fabriqu\u00e9 individuellement \u00e0 la main avec du silicium cristallin pur dans nos ateliers en Allemagne et en Suisse. L&rsquo;\u0153illet est en argent sterling (925).<\/p>\n","protected":false},"excerpt":{"rendered":"<p>Protection efficace contre les rayonnements \u00e9lectromagn\u00e9tiques id\u00e9al pour les personnes \u00e9lectrosensibles id\u00e9al pour ceux qui font beaucoup de travail \u00e0 l&rsquo;\u00e9cran Avec le pendentif GOLD*CHIP, nous proposons un pendentif tachyon, qui est la mise en \u0153uvre coh\u00e9rente de notre GOLD*CHIP. Outre le fait que le pendentif GOLD*CHIP est une protection efficace contre l&rsquo;\u00e9lectrosmog, pratiquement tous [&hellip;]<\/p>\n","protected":false},"featured_media":294283,"comment_status":"open","ping_status":"closed","template":"","meta":{"_acf_changed":false},"product_brand":[],"product_cat":[704],"product_tag":[],"class_list":{"0":"post-294307","1":"product","2":"type-product","3":"status-publish","4":"has-post-thumbnail","6":"product_cat-electrosmog","8":"first","9":"instock","10":"shipping-taxable","11":"purchasable","12":"product-type-simple"},"acf":[],"_links":{"self":[{"href":"https:\/\/www.marah.ch\/fr\/wp-json\/wp\/v2\/product\/294307","targetHints":{"allow":["GET"]}}],"collection":[{"href":"https:\/\/www.marah.ch\/fr\/wp-json\/wp\/v2\/product"}],"about":[{"href":"https:\/\/www.marah.ch\/fr\/wp-json\/wp\/v2\/types\/product"}],"replies":[{"embeddable":true,"href":"https:\/\/www.marah.ch\/fr\/wp-json\/wp\/v2\/comments?post=294307"}],"wp:featuredmedia":[{"embeddable":true,"href":"https:\/\/www.marah.ch\/fr\/wp-json\/wp\/v2\/media\/294283"}],"wp:attachment":[{"href":"https:\/\/www.marah.ch\/fr\/wp-json\/wp\/v2\/media?parent=294307"}],"wp:term":[{"taxonomy":"product_brand","embeddable":true,"href":"https:\/\/www.marah.ch\/fr\/wp-json\/wp\/v2\/product_brand?post=294307"},{"taxonomy":"product_cat","embeddable":true,"href":"https:\/\/www.marah.ch\/fr\/wp-json\/wp\/v2\/product_cat?post=294307"},{"taxonomy":"product_tag","embeddable":true,"href":"https:\/\/www.marah.ch\/fr\/wp-json\/wp\/v2\/product_tag?post=294307"}],"curies":[{"name":"wp","href":"https:\/\/api.w.org\/{rel}","templated":true}]}}