{"id":294301,"date":"2020-06-23T10:30:52","date_gmt":"2020-06-23T08:30:52","guid":{"rendered":"https:\/\/www.marah.ch\/prodotto\/goldchip\/"},"modified":"2020-06-23T15:29:51","modified_gmt":"2020-06-23T13:29:51","slug":"goldchip","status":"publish","type":"product","link":"https:\/\/www.marah.ch\/fr\/produit\/goldchip\/","title":{"rendered":"GOLD*CHIP"},"content":{"rendered":"<p><strong>Protection fiable de l&rsquo;\u00e9lectrosmog. Depuis 1997.<\/strong><br \/>\n<strong>Garanti !<\/strong><\/p>\n<p>Avec le GOLD*CHIP, nous proposons toujours le produit le plus s\u00fbr au monde pour se prot\u00e9ger des rayonnements des appareils produisant de l&rsquo;\u00e9lectrosmog. Toutes les analyses scientifiques et biophysiques effectu\u00e9es avec le GOLD*CHIP prouvent son potentiel de mani\u00e8re impressionnante !<\/p>\n<ul>\n<li>smartphones, tablettes, iPads<\/li>\n<li>ordinateurs portables, \u00e9crans<\/li>\n<li>t\u00e9l\u00e9phones sans fil<\/li>\n<li>routeur WiFi<\/li>\n<\/ul>\n<p><strong>Facile \u00e0 utiliser :<\/strong> Vous pouvez coller le GOLD*CHIP \u00e0 l&rsquo;arri\u00e8re de votre smartphone &#8230; ou simplement le placer entre l&rsquo;\u00e9tui et votre smartphone.<\/p>\n","protected":false},"excerpt":{"rendered":"<p>Protection fiable de l&rsquo;\u00e9lectrosmog. Depuis 1997. Garanti ! Avec le GOLD*CHIP, nous proposons toujours le produit le plus s\u00fbr au monde pour se prot\u00e9ger des rayonnements des appareils produisant de l&rsquo;\u00e9lectrosmog. Toutes les analyses scientifiques et biophysiques effectu\u00e9es avec le GOLD*CHIP prouvent son potentiel de mani\u00e8re impressionnante ! smartphones, tablettes, iPads ordinateurs portables, \u00e9crans t\u00e9l\u00e9phones [&hellip;]<\/p>\n","protected":false},"featured_media":294279,"comment_status":"open","ping_status":"closed","template":"","meta":{"_acf_changed":false},"product_brand":[],"product_cat":[704],"product_tag":[],"class_list":{"0":"post-294301","1":"product","2":"type-product","3":"status-publish","4":"has-post-thumbnail","6":"product_cat-electrosmog","8":"first","9":"instock","10":"shipping-taxable","11":"purchasable","12":"product-type-simple"},"acf":[],"_links":{"self":[{"href":"https:\/\/www.marah.ch\/fr\/wp-json\/wp\/v2\/product\/294301","targetHints":{"allow":["GET"]}}],"collection":[{"href":"https:\/\/www.marah.ch\/fr\/wp-json\/wp\/v2\/product"}],"about":[{"href":"https:\/\/www.marah.ch\/fr\/wp-json\/wp\/v2\/types\/product"}],"replies":[{"embeddable":true,"href":"https:\/\/www.marah.ch\/fr\/wp-json\/wp\/v2\/comments?post=294301"}],"wp:featuredmedia":[{"embeddable":true,"href":"https:\/\/www.marah.ch\/fr\/wp-json\/wp\/v2\/media\/294279"}],"wp:attachment":[{"href":"https:\/\/www.marah.ch\/fr\/wp-json\/wp\/v2\/media?parent=294301"}],"wp:term":[{"taxonomy":"product_brand","embeddable":true,"href":"https:\/\/www.marah.ch\/fr\/wp-json\/wp\/v2\/product_brand?post=294301"},{"taxonomy":"product_cat","embeddable":true,"href":"https:\/\/www.marah.ch\/fr\/wp-json\/wp\/v2\/product_cat?post=294301"},{"taxonomy":"product_tag","embeddable":true,"href":"https:\/\/www.marah.ch\/fr\/wp-json\/wp\/v2\/product_tag?post=294301"}],"curies":[{"name":"wp","href":"https:\/\/api.w.org\/{rel}","templated":true}]}}