{"id":101946,"date":"2021-10-12T16:20:21","date_gmt":"2022-03-08T07:36:38","guid":{"rendered":"https:\/\/www.marah.ch\/?post_type=product&#038;p=101946"},"modified":"2022-03-08T08:36:38","modified_gmt":"2022-03-08T07:36:38","slug":"bracciale-elastico-magnetico-laccato-nero-e-acciaio","status":"publish","type":"product","link":"https:\/\/www.marah.ch\/fr\/produit\/bracciale-elastico-magnetico-laccato-nero-e-acciaio\/","title":{"rendered":"Bracelet magn\u00e9tique \u00e9lastique noir et acier"},"content":{"rendered":"<p>Ce bracelet souple \u00e0 chevrons avec du cuivre \u00e0 l\u2019int\u00e9rieur est depuis des ann\u00e9es un best-seller de notre marque, son design bicolore le rend \u00e0 la fois classique et \u00e9l\u00e9gant.<br \/>\nGr\u00e2ce \u00e0 sa surface en acier surfin poli, il b\u00e9n\u00e9ficie d&rsquo;un \u00e9clat discret. Un bijou \u00e0 porter tous les jours et qui sera aussi styl\u00e9 en journ\u00e9e que sur une robe de soir\u00e9e.<\/p>\n","protected":false},"excerpt":{"rendered":"<p>Ce bracelet souple \u00e0 chevrons avec du cuivre \u00e0 l\u2019int\u00e9rieur est depuis des ann\u00e9es un best-seller de notre marque, son design bicolore le rend \u00e0 la fois classique et \u00e9l\u00e9gant.<\/p>\n","protected":false},"featured_media":101939,"comment_status":"open","ping_status":"closed","template":"","meta":{"_acf_changed":false},"product_brand":[],"product_cat":[239],"product_tag":[],"class_list":{"0":"post-101946","1":"product","2":"type-product","3":"status-publish","4":"has-post-thumbnail","6":"product_cat-bijoux-magnetiques","7":"pa_sceglilatuamisura-9f-l16_18cm-fr","8":"pa_sceglilatuamisura-8f-m15_16cm-fr","9":"pa_sceglilatuamisura-67-xl18_20cm-fr","10":"pa_sceglilatuamisura-57-xxl20_22cm-fr","12":"first","13":"instock","14":"shipping-taxable","15":"purchasable","16":"product-type-variable","17":"has-default-attributes"},"acf":[],"_links":{"self":[{"href":"https:\/\/www.marah.ch\/fr\/wp-json\/wp\/v2\/product\/101946","targetHints":{"allow":["GET"]}}],"collection":[{"href":"https:\/\/www.marah.ch\/fr\/wp-json\/wp\/v2\/product"}],"about":[{"href":"https:\/\/www.marah.ch\/fr\/wp-json\/wp\/v2\/types\/product"}],"replies":[{"embeddable":true,"href":"https:\/\/www.marah.ch\/fr\/wp-json\/wp\/v2\/comments?post=101946"}],"wp:featuredmedia":[{"embeddable":true,"href":"https:\/\/www.marah.ch\/fr\/wp-json\/wp\/v2\/media\/101939"}],"wp:attachment":[{"href":"https:\/\/www.marah.ch\/fr\/wp-json\/wp\/v2\/media?parent=101946"}],"wp:term":[{"taxonomy":"product_brand","embeddable":true,"href":"https:\/\/www.marah.ch\/fr\/wp-json\/wp\/v2\/product_brand?post=101946"},{"taxonomy":"product_cat","embeddable":true,"href":"https:\/\/www.marah.ch\/fr\/wp-json\/wp\/v2\/product_cat?post=101946"},{"taxonomy":"product_tag","embeddable":true,"href":"https:\/\/www.marah.ch\/fr\/wp-json\/wp\/v2\/product_tag?post=101946"}],"curies":[{"name":"wp","href":"https:\/\/api.w.org\/{rel}","templated":true}]}}