{"id":101394,"date":"2016-01-19T15:42:03","date_gmt":"2016-01-19T14:42:03","guid":{"rendered":"https:\/\/www.marah.ch\/prodotto\/cosam\/"},"modified":"2021-10-02T01:21:52","modified_gmt":"2021-10-01T23:21:52","slug":"cosam","status":"publish","type":"product","link":"https:\/\/www.marah.ch\/fr\/produit\/cosam\/","title":{"rendered":"Cosam"},"content":{"rendered":"<div class=\"tw-ta-container tw-nfl\" id=\"tw-target-text-container\">\n<p class=\"tw-data-text tw-ta tw-text-small\" id=\"tw-target-text\" style=\"text-align:left;\" dir=\"ltr\"><span xml:lang=\"fr\" lang=\"fr\">Cet aimant carr\u00e9 a \u00e9t\u00e9 le premier \u00e0 arriver chez les Marah. <\/span><\/p>\n<p class=\"tw-data-text tw-ta tw-text-small\" style=\"text-align:left;\" dir=\"ltr\"><span xml:lang=\"fr\" lang=\"fr\">Son utilisation est la m\u00eame que pour les autres aimants: <\/span><\/p>\n<p class=\"tw-data-text tw-ta tw-text-small\" style=\"text-align:left;\" dir=\"ltr\"><span style=\"color:#218e53;\" xml:lang=\"fr\" lang=\"fr\">le c\u00f4t\u00e9 vert est le p\u00f4le n\u00e9gatif de l&rsquo;aimant <\/span><\/p>\n<p class=\"tw-data-text tw-ta tw-text-small\" style=\"text-align:left;\" dir=\"ltr\"><span style=\"color:#d0121a;\" xml:lang=\"fr\" lang=\"fr\">le c\u00f4t\u00e9 rouge est le p\u00f4le positif. <\/span><\/p>\n<p class=\"tw-data-text tw-ta tw-text-small\" style=\"text-align:left;\" dir=\"ltr\"><span style=\"color:#218e53;\" xml:lang=\"fr\" lang=\"fr\">Le p\u00f4le n\u00e9gatif est apaisant, s\u00e9datif et anti-inflammatoire <\/span><\/p>\n<p class=\"tw-data-text tw-ta tw-text-small\" style=\"text-align:left;\" dir=\"ltr\"><span style=\"color:#d0121a;\" xml:lang=\"fr\" lang=\"fr\">Le p\u00f4le positif est activant, vivifiant et excitant. <\/span><\/p>\n<p class=\"tw-data-text tw-ta tw-text-small\" style=\"text-align:left;\" dir=\"ltr\"><span xml:lang=\"fr\" lang=\"fr\">Nous le recommandons \u00e0 ceux qui, apr\u00e8s avoir trait\u00e9 la douleur aigu\u00eb, souhaitent continuer avec un aimant plus l\u00e9ger pour maintenir l&rsquo;effet. Il peut donc \u00eatre utilis\u00e9 m\u00eame pendant une journ\u00e9e enti\u00e8re. <\/span><\/p>\n<p class=\"tw-data-text tw-ta tw-text-small\" style=\"text-align:left;\" dir=\"ltr\"><span xml:lang=\"fr\" lang=\"fr\">Recommand\u00e9 pour les petits enfants et les b\u00e9b\u00e9s.<\/span><\/p>\n<pre class=\"tw-ta tw-text-small\" xml:lang=\"fr\" lang=\"fr\"><span><\/span><\/pre>\n<\/p><\/div>\n<pre class=\"tw-data-placeholder tw-ta tw-text-small\" id=\"tw-target-rmn\" style=\"text-align:left;\" dir=\"ltr\"><span> <\/span><\/pre>\n","protected":false},"excerpt":{"rendered":"<p>1 Cosam carr\u00e9,\u00a0 600 Gauss, utilisation fr\u00e9quente, petit, commode, l\u00e9ger.<\/p>\n<p>Dimension: 1 cm x 1 cm, \u00e9paisseur 3 mm<\/p><\/p>\n","protected":false},"featured_media":101387,"comment_status":"open","ping_status":"closed","template":"","meta":{"_acf_changed":false},"product_brand":[],"product_cat":[219],"product_tag":[],"class_list":{"0":"post-101394","1":"product","2":"type-product","3":"status-publish","4":"has-post-thumbnail","6":"product_cat-biomagnets-marah","8":"first","9":"instock","10":"shipping-taxable","11":"purchasable","12":"product-type-simple"},"acf":[],"_links":{"self":[{"href":"https:\/\/www.marah.ch\/fr\/wp-json\/wp\/v2\/product\/101394","targetHints":{"allow":["GET"]}}],"collection":[{"href":"https:\/\/www.marah.ch\/fr\/wp-json\/wp\/v2\/product"}],"about":[{"href":"https:\/\/www.marah.ch\/fr\/wp-json\/wp\/v2\/types\/product"}],"replies":[{"embeddable":true,"href":"https:\/\/www.marah.ch\/fr\/wp-json\/wp\/v2\/comments?post=101394"}],"wp:featuredmedia":[{"embeddable":true,"href":"https:\/\/www.marah.ch\/fr\/wp-json\/wp\/v2\/media\/101387"}],"wp:attachment":[{"href":"https:\/\/www.marah.ch\/fr\/wp-json\/wp\/v2\/media?parent=101394"}],"wp:term":[{"taxonomy":"product_brand","embeddable":true,"href":"https:\/\/www.marah.ch\/fr\/wp-json\/wp\/v2\/product_brand?post=101394"},{"taxonomy":"product_cat","embeddable":true,"href":"https:\/\/www.marah.ch\/fr\/wp-json\/wp\/v2\/product_cat?post=101394"},{"taxonomy":"product_tag","embeddable":true,"href":"https:\/\/www.marah.ch\/fr\/wp-json\/wp\/v2\/product_tag?post=101394"}],"curies":[{"name":"wp","href":"https:\/\/api.w.org\/{rel}","templated":true}]}}