{"id":101178,"date":"2015-07-17T10:55:16","date_gmt":"2015-07-17T08:55:16","guid":{"rendered":"https:\/\/www.marah.ch\/prodotto\/le-manuel-de-sante\/"},"modified":"2024-01-30T10:12:02","modified_gmt":"2024-01-30T09:12:02","slug":"le-manuel-de-sante","status":"publish","type":"product","link":"https:\/\/www.marah.ch\/fr\/produit\/le-manuel-de-sante\/","title":{"rendered":"Le manuel de sant\u00e9"},"content":{"rendered":"<p>Ce livre est le r\u00e9sultat d&rsquo;une longue exp\u00e9rience m\u00e9dicale de trente-sept ans au service de tous.<\/p>\n<p>Les principaux chapitres d\u00e9velopp\u00e9s:<\/p>\n<p>&#8211; argent collo\u00efdal et or collo\u00efdal<\/p>\n<p>&#8211; magn\u00e9toth\u00e9rapie: utilisations des aimants m\u00e9dicaux et de l&rsquo;eau aimant\u00e9e<\/p>\n<p>&#8211; chlorure de magn\u00e9sium<\/p>\n<p>&#8211; plantes pour le bien-\u00eatre<\/p>\n<p>&#8211; citron, miel, argile, ail, oignon, chou et vinaigre<\/p>\n","protected":false},"excerpt":{"rendered":"<p>Les savoirs d&rsquo;une gu\u00e9risseuse<\/p>\n<p>Pr\u00e9vention et gu\u00e9rison par d&rsquo;antiques recettes naturelles<\/p>\n","protected":false},"featured_media":101175,"comment_status":"open","ping_status":"closed","template":"","meta":{"_acf_changed":false},"product_brand":[],"product_cat":[243],"product_tag":[],"class_list":{"0":"post-101178","1":"product","2":"type-product","3":"status-publish","4":"has-post-thumbnail","6":"product_cat-livres","8":"first","9":"instock","10":"shipping-taxable","11":"purchasable","12":"product-type-simple"},"acf":[],"_links":{"self":[{"href":"https:\/\/www.marah.ch\/fr\/wp-json\/wp\/v2\/product\/101178","targetHints":{"allow":["GET"]}}],"collection":[{"href":"https:\/\/www.marah.ch\/fr\/wp-json\/wp\/v2\/product"}],"about":[{"href":"https:\/\/www.marah.ch\/fr\/wp-json\/wp\/v2\/types\/product"}],"replies":[{"embeddable":true,"href":"https:\/\/www.marah.ch\/fr\/wp-json\/wp\/v2\/comments?post=101178"}],"wp:featuredmedia":[{"embeddable":true,"href":"https:\/\/www.marah.ch\/fr\/wp-json\/wp\/v2\/media\/101175"}],"wp:attachment":[{"href":"https:\/\/www.marah.ch\/fr\/wp-json\/wp\/v2\/media?parent=101178"}],"wp:term":[{"taxonomy":"product_brand","embeddable":true,"href":"https:\/\/www.marah.ch\/fr\/wp-json\/wp\/v2\/product_brand?post=101178"},{"taxonomy":"product_cat","embeddable":true,"href":"https:\/\/www.marah.ch\/fr\/wp-json\/wp\/v2\/product_cat?post=101178"},{"taxonomy":"product_tag","embeddable":true,"href":"https:\/\/www.marah.ch\/fr\/wp-json\/wp\/v2\/product_tag?post=101178"}],"curies":[{"name":"wp","href":"https:\/\/api.w.org\/{rel}","templated":true}]}}