{"id":101162,"date":"2015-04-28T07:06:34","date_gmt":"2015-04-28T05:06:34","guid":{"rendered":"https:\/\/www.marah.ch\/prodotto\/harmonisation-du-corps-par-les-bioaimants\/"},"modified":"2021-07-21T12:11:44","modified_gmt":"2021-07-21T10:11:44","slug":"harmonisation-du-corps-par-les-bioaimants","status":"publish","type":"product","link":"https:\/\/www.marah.ch\/fr\/produit\/harmonisation-du-corps-par-les-bioaimants\/","title":{"rendered":"Harmonisation du corps par les bioaimants"},"content":{"rendered":"<p>Mme Marga Vianu est une des plus anciennes disiples europ\u00e9ennes qui a commenc\u00e9 \u00e0 \u00e9tudier le Tao Curatif aux Etats-Unis, en 1985, et a obtenu son dipl\u00f4me de professeur de Tao Curatif en 1987. Elle a continu\u00e9 depuis ce temps \u00e0 \u00e9tudier avec moi et aujourd&rsquo;hui elle est parmi les premiers professeurs seniors de cet enseignement. Quoique de formation ing\u00e9nieur chimiste dipl\u00f4m\u00e9e, travaillant pendant de nombreuses ann\u00e9es chez Du Pont de Nemours- la plus grande compagnie chimique du monde &#8211; elle a commenc\u00e9 \u00e0 s&rsquo;orienter vers diff\u00e9rentes philosophies \u00e9sot\u00e9riques; parmi d&rsquo;autres pholosophies \u00e9soth\u00e9riques et des m\u00e9thodes permettant dese prendre en charge pour entretenir sa sant\u00e9, elle s&rsquo;est int\u00e9ress\u00e9e \u00e0 l&rsquo;application th\u00e9rapeutique des bioaimants permanents.<\/p>\n<p>L&rsquo;utilisation des bioaimants pour r\u00e9duire les douleurs est connue depuis tr\u00e8s \u00a0longtemps et permet par l&rsquo;applications d&rsquo;un champ magn\u00e9tique externe de r\u00e9tablier les fr\u00e9quences vibratoires des cellules. Le Tao permet d&rsquo;harmoniser les deux polarit\u00e9s, le Yin et le Yang, dans le corps en vue de maintenir la sant\u00e9.<\/p>\n<p>Marga Vianu ayant pratiqu\u00e9 la magn\u00e9toth\u00e9rapie ainsi que le Tao Curatif est arriv\u00e9e \u00e0 la conclusion que beaucoup de similitudes existent entre ces deux anciennes pratiques, ce qu&rsquo;elle rel\u00e8ve dans son livre.<\/p>\n<p>La pratique de la magn\u00e9toth\u00e9rapie d\u00e8s 1975 et la pratique du Tao Curatif d\u00e8s 1985 lui ont fait r\u00e9aliser que les deux syst\u00e8mes fournissent les possibilit\u00e9s d&rsquo;activer et d&rsquo;harmoniser notre \u00e9nergie afin de nous permettre de mieux vivre.<\/p>\n<p>Ces similitudes, entre la magn\u00e9toth\u00e9rapie et le Tao Curatif, n&rsquo;ont pas \u00e9t\u00e9 r\u00e9v\u00e9l\u00e9es jusqu&rsquo;\u00e0 pr\u00e9sent.<\/p>\n<p>Ce livre cite et explique certains des ph\u00e9nom\u00e8nes de gu\u00e9rison, en apportant une richesse d&rsquo;informations sur les possibilit\u00e9s de s&rsquo;aider soi-m\u00eame et de se prendre en charge.<\/p>\n","protected":false},"excerpt":{"rendered":"<p>Le livre de Mme Marga Vianu est fortement recommand\u00e9 \u00e0 tous ceux qui veulent approfondir l&rsquo;argument Magn\u00e9toth\u00e9rapie<\/p>\n","protected":false},"featured_media":101159,"comment_status":"open","ping_status":"closed","template":"","meta":{"_acf_changed":false},"product_brand":[],"product_cat":[243],"product_tag":[],"class_list":{"0":"post-101162","1":"product","2":"type-product","3":"status-publish","4":"has-post-thumbnail","6":"product_cat-livres","7":"product_shipping_class-pacco","9":"first","10":"instock","11":"shipping-taxable","12":"purchasable","13":"product-type-simple"},"acf":[],"_links":{"self":[{"href":"https:\/\/www.marah.ch\/fr\/wp-json\/wp\/v2\/product\/101162","targetHints":{"allow":["GET"]}}],"collection":[{"href":"https:\/\/www.marah.ch\/fr\/wp-json\/wp\/v2\/product"}],"about":[{"href":"https:\/\/www.marah.ch\/fr\/wp-json\/wp\/v2\/types\/product"}],"replies":[{"embeddable":true,"href":"https:\/\/www.marah.ch\/fr\/wp-json\/wp\/v2\/comments?post=101162"}],"wp:featuredmedia":[{"embeddable":true,"href":"https:\/\/www.marah.ch\/fr\/wp-json\/wp\/v2\/media\/101159"}],"wp:attachment":[{"href":"https:\/\/www.marah.ch\/fr\/wp-json\/wp\/v2\/media?parent=101162"}],"wp:term":[{"taxonomy":"product_brand","embeddable":true,"href":"https:\/\/www.marah.ch\/fr\/wp-json\/wp\/v2\/product_brand?post=101162"},{"taxonomy":"product_cat","embeddable":true,"href":"https:\/\/www.marah.ch\/fr\/wp-json\/wp\/v2\/product_cat?post=101162"},{"taxonomy":"product_tag","embeddable":true,"href":"https:\/\/www.marah.ch\/fr\/wp-json\/wp\/v2\/product_tag?post=101162"}],"curies":[{"name":"wp","href":"https:\/\/api.w.org\/{rel}","templated":true}]}}