{"id":100902,"date":"2015-04-28T07:06:34","date_gmt":"2015-04-28T05:06:34","guid":{"rendered":"https:\/\/www.marah.ch\/prodotto\/set-sottobottiglia\/"},"modified":"2021-09-22T14:00:02","modified_gmt":"2021-09-22T12:00:02","slug":"set-sottobottiglia","status":"publish","type":"product","link":"https:\/\/www.marah.ch\/fr\/produit\/set-sottobottiglia\/","title":{"rendered":"3 sous-bouteilles"},"content":{"rendered":"<h2 class=\"php-postheader\">Eau aimant\u00e9e<\/h2>\n<div>\n<table style=\"height: 333px;\" width=\"1010\">\n<tbody>\n<tr>\n<td><img fetchpriority=\"high\" decoding=\"async\" src=\"http:\/\/marah.ch\/img\/cms\/_mg_2636.jpg\" alt=\"\" width=\"200\" height=\"300\"><\/td>\n<td>\n<div>En buvant de l\u2019<strong>eau<\/strong>\u00a0<strong>aimant\u00e9e<\/strong>, on peut agir sur de nombreuses maladies gr\u00e2ce aux propri\u00e9t\u00e9s que l\u2019<strong>\u00e9nergie<\/strong><strong> magn\u00e9tique<\/strong>\u00a0conf\u00e8re \u00e0 l\u2019eau. Les champs magn\u00e9tiques permettent d\u2019agir au plus profond du corps par l\u2019interm\u00e9diaire des boissons.<\/div>\n<div>On conna\u00eet des utilisations internes ainsi que des applications externes.<\/div>\n<div>L\u2019eau aimant\u00e9e est\u00a0<strong>diur\u00e9tique, l\u00e9g\u00e8re, min\u00e9ralis\u00e9e et tr\u00e8s d\u00e9purative<\/strong>.<br \/>\nBoire un litre d\u2019eau aimant\u00e9e par jour permet d\u2019offrir \u00e0 l\u2019organisme la quantit\u00e9 d\u2019\u00e9nergie biomagn\u00e9tique n\u00e9cessaire pour\u00a0<strong>d\u00e9sintoxiquer<\/strong>\u00a0et\u00a0<strong>activer<\/strong>\u00a0le f<strong>onctionnement des reins et de la v\u00e9sicule biliaire.<\/strong><\/div>\n<div>Les applications externes aident dans le traitement local des plaies, ecz\u00e9mas, enflures, yeux irrit\u00e9s ou gonfl\u00e9s.<br \/>\nOn peut utiliser l\u2019eau aimant\u00e9e en lavement, en gargarismes (pour gencives, maux de dents), compresses et gouttes.<\/div>\n<\/td>\n<\/tr>\n<\/tbody>\n<\/table>\n<\/div>\n<div><\/div>\n<div>\n<div><span style=\"color: #2c9ffd;\"><strong>EFFETS THERAPEUTIQUES de l&rsquo;eau aimant\u00e9e mixte (- et +):<\/strong><\/span><\/div>\n<p><strong>Action sur le foie et la v\u00e9sicule biliaire :<\/strong>\u00a0on peut remarquer une rapide diminution du volume du foie. L\u2019action la plus spectaculaire de l\u2019eau aimant\u00e9e consiste dans la dissolution possible des calculs r\u00e9naux ou biliaires car l\u2019eau aimant\u00e9e agit au plus profond du corps et favorise l\u2019\u00e9limination des calculs par les voies naturelles. Pour activer l\u2019\u00e9limination des calculs, boire 2 litres d\u2019eau aimant\u00e9e par jour.<\/p>\n<p><strong>Actions sur les reins :<\/strong>\u00a0l\u2019augmentation de production d\u2019urine agit autant sur leur volume que sur les r\u00e9sidus organiques et min\u00e9raux. Les calculs r\u00e9naux sont dissous rapidement, la rapidit\u00e9 d\u00e9pend de leur taille.\u00a0 Si l\u2019\u00e9vacuation des calculs est douloureuse on peut aider avec l\u2019hom\u00e9opathie ou l\u2019acupuncture.<\/p>\n<p><strong>Action sur les m\u00e9tabolismes (ur\u00e9e, cholest\u00e9rol, sucre) :<\/strong>\u00a0cette indication est mise en \u00e9vidence par des examens effectu\u00e9s avant, pendant et apr\u00e8s une cure d\u2019eau aimant\u00e9e. Dans plusieurs cas, on a constat\u00e9 que les niveaux des taux de cholest\u00e9rol et d\u2019ur\u00e9e \u00e9taient revenus dans les normes.<\/p>\n<p><strong>Action sur la peau :<\/strong>\u00a0on peut constater une r\u00e9gression des dermatoses, ce qui indique une d\u00e9sintoxication de l\u2019organisme et une meilleure \u00e9limination des substances naturelles.<\/p>\n<p><strong>Action sur le syst\u00e8me digestif :<\/strong>\u00a0on observe une augmentation des mouvements p\u00e9ristaltiques de l\u2019intestin en relation avec les effets de l\u2019eau aimant\u00e9e sur la bile. On obtient d\u2019excellents r\u00e9sultats sur les probl\u00e8mes digestifs tels que : naus\u00e9e,\u00a0 vomissements, dilatation de l\u2019estomac, flatulences, constipation, etc.<\/p>\n<p><strong>Action sur la r\u00e9gulation neuro-hormonale :<\/strong>\u00a0on constate une am\u00e9lioration du tonus et de l\u2019\u00e9lasticit\u00e9 du syst\u00e8me neuro-sympathique au niveau des poumons et de l\u2019estomac, ainsi qu\u2019une r\u00e9gularisation progressive et permanente de la pression art\u00e9rielle et du syst\u00e8me hormonal.<\/p>\n<p><strong>Action sur le sang et la lymphe :<\/strong>\u00a0l\u2019eau aimant\u00e9e contribue \u00e0 l\u2019\u00e9limination de la cellulite et de l\u2019ob\u00e9sit\u00e9. Les effets sont visibles apr\u00e8s\u00a0 2 \u00e0 3 mois. L\u2019action diur\u00e9tique de l\u2019eau aimant\u00e9e est la raison principale de la r\u00e9duction des oed\u00e8mes internes et externes. Le r\u00e9tablissement dus \u00e0 l\u2019eau aimant\u00e9e \u00e9quivaut \u00e0 une d\u00e9puration g\u00e9n\u00e9rale de l\u2019organisme qui devient plus r\u00e9sistant et plus r\u00e9ceptif aux autres th\u00e9rapies douces comme l\u2019hom\u00e9opathie, par exemple.<\/p>\n<p><strong>POSOLOGIE :<\/strong><br \/>\nCure d\u2019eau aimant\u00e9e : pour conserver une bonne sant\u00e9 il est recommand\u00e9 de boire 1 \u00e0 1,5 litres d\u2019eau aimant\u00e9e, par jour, dont 1 \u00e0 2 verres \u00e0 jeun. Cette cure permet d\u2019\u00e9liminer ou neutraliser les toxines des syst\u00e8mes du corps et fortifie l\u2019organisme. La p\u00e9riode de la lune d\u00e9croissante est tr\u00e8s propice pour une cure de d\u00e9toxication.<br \/>\nLa prise de 2 \u00e0 3 litre d\u2019eau aimant\u00e9e d\u00e9sint\u00e8gre les calculs r\u00e9naux et biliaires en 8 \u2013 10 semaines.<br \/>\nEn cas de r\u00e9tention urinaire il faut boire de 50 a 100 grammes d\u2019eau aimant\u00e9e chaque demi-heure.<br \/>\nLa consommation quotidienne de 2 \u00e0 3 litres d\u2019eau aimant\u00e9e en compl\u00e9ment\u00a0 d\u2019un traitement personnalis\u00e9, a donn\u00e9 d\u2019excellents r\u00e9sultat sur la cellulite et l\u2019ob\u00e9sit\u00e9. Lors de traitements pour l\u2019ob\u00e9sit\u00e9, sur les sujets souffrant de coronarite aig\u00fce on observera une am\u00e9lioration circulatoire (test de Doppler) en buvant quotidiennement 2 litres d\u2019eau aimant\u00e9e pendant plusieurs mois.L\u2019eau aimant\u00e9e associ\u00e9e aux aimants est un rem\u00e8de efficace contre tous les probl\u00e8mes psychosomatiques, angoisses, stress, insomnies et d\u00e9pressions.<\/p>\n<\/div>\n<div><\/div>\n<div>Dans les douleurs rhumatismales, arthrites, lumbago : en associant l\u2019effet ext\u00e9rieur d\u2019aimants permanents, avec l\u2019utilisation interne en buvant de l\u2019eau aimant\u00e9e n\u00e9gative, on arrive \u00e0 soulager les douleurs.<br \/>\nEn cas d\u2019insomnie, une tisane pr\u00e9par\u00e9e avec de l\u2019eau aimant\u00e9e n\u00e9gative ou un simple verre de lait aimant\u00e9 peut \u00eatre plus efficace que le plus puissant des somnif\u00e8res. Il est indispensable d\u2019utiliser un r\u00e9cipient en email pour la pr\u00e9paration de la tisane.<\/div>\n<div><\/div>\n<div><\/div>\n<div><\/div>\n<div><img decoding=\"async\" src=\"http:\/\/marah.ch\/img\/cms\/sottobottiglia%20blu%20e%20verde%20nuovi-3-15.jpg\" alt=\"\" width=\"219\" height=\"120\">Les deux sous-bouteilles pour pr\u00e9parer l&rsquo;eau aimant\u00e9e pour votre bien-\u00eatre quotidien.<\/div>\n<div><\/div>\n","protected":false},"excerpt":{"rendered":"<p>3 sous-bouteilles (\u00e0 votre choix) pour aimanter l&rsquo;eau.<\/p>\n","protected":false},"featured_media":294970,"comment_status":"open","ping_status":"closed","template":"","meta":{"_acf_changed":false},"product_brand":[],"product_cat":[227,247],"product_tag":[],"class_list":{"0":"post-100902","1":"product","2":"type-product","3":"status-publish","4":"has-post-thumbnail","6":"product_cat-eau-magnetisee","7":"product_cat-offres","8":"product_shipping_class-pacco","9":"pa_setsottobottiglia-a2-2azzurrie1verdeerosso-fr","10":"pa_setsottobottiglia-8b-2verdierossie1azzurro-fr","11":"pa_setsottobottiglia-d1-3azzurri-fr","12":"pa_setsottobottiglia-30-3verdierossi-fr","14":"first","15":"instock","16":"sale","17":"shipping-taxable","18":"purchasable","19":"product-type-variable","20":"has-default-attributes"},"acf":[],"_links":{"self":[{"href":"https:\/\/www.marah.ch\/fr\/wp-json\/wp\/v2\/product\/100902","targetHints":{"allow":["GET"]}}],"collection":[{"href":"https:\/\/www.marah.ch\/fr\/wp-json\/wp\/v2\/product"}],"about":[{"href":"https:\/\/www.marah.ch\/fr\/wp-json\/wp\/v2\/types\/product"}],"replies":[{"embeddable":true,"href":"https:\/\/www.marah.ch\/fr\/wp-json\/wp\/v2\/comments?post=100902"}],"wp:featuredmedia":[{"embeddable":true,"href":"https:\/\/www.marah.ch\/fr\/wp-json\/wp\/v2\/media\/294970"}],"wp:attachment":[{"href":"https:\/\/www.marah.ch\/fr\/wp-json\/wp\/v2\/media?parent=100902"}],"wp:term":[{"taxonomy":"product_brand","embeddable":true,"href":"https:\/\/www.marah.ch\/fr\/wp-json\/wp\/v2\/product_brand?post=100902"},{"taxonomy":"product_cat","embeddable":true,"href":"https:\/\/www.marah.ch\/fr\/wp-json\/wp\/v2\/product_cat?post=100902"},{"taxonomy":"product_tag","embeddable":true,"href":"https:\/\/www.marah.ch\/fr\/wp-json\/wp\/v2\/product_tag?post=100902"}],"curies":[{"name":"wp","href":"https:\/\/api.w.org\/{rel}","templated":true}]}}