{"id":100698,"date":"2015-04-28T07:06:34","date_gmt":"2015-04-28T05:06:34","guid":{"rendered":"https:\/\/www.marah.ch\/prodotto\/cosam-plus\/"},"modified":"2024-02-27T10:22:00","modified_gmt":"2024-02-27T09:22:00","slug":"cosam-plus","status":"publish","type":"product","link":"https:\/\/www.marah.ch\/fr\/produit\/cosam-plus\/","title":{"rendered":"Cosam Plus"},"content":{"rendered":"<p><img fetchpriority=\"high\" decoding=\"async\" class=\"caption alignleft size-full wp-image-100696\" src=\"https:\/\/www.marah.ch\/wp-content\/uploads\/2015\/04\/coppia-cosam-plus-3-per-sito-alt.jpg\" alt=\"alt\" width=\"300\" height=\"225\" align=\"left\" border=\"0\" \/><\/p>\n<p>Cosam Plus est un aimant tr\u00e8s fort en N\u00e9odime, coquille en plastique.<\/p>\n<p>C\u00f4t\u00e9 bleu = p\u00f4le n\u00e9gatif, a un effet calmant, s\u00e9datif<\/p>\n<p>C\u00f4t\u00e9 rouge = p\u00f4le positif, a un effet tonifiant, activant<\/p>\n<p>Grandeur: diam\u00e8tre mm 40, \u00a0 hauteur mm 6,5<\/p>\n<p>Gauss mesur\u00e9s sur la surface: 2500<\/p>\n<p>Applications:<\/p>\n<p>Poser sur l&rsquo;endroit int\u00e9ress\u00e9, ne laissez pas l&rsquo;aimant pour un temp sup\u00e9rieur \u00e0 45 minutes.<\/p>\n<p>R\u00e9p\u00e9ter l&rsquo;op\u00e9ration plusieurs fois pendant la journ\u00e9e si n\u00e9cessaire.<\/p>\n<p><strong><span style=\"color: #d0121a;\">Les cosam Plus ne sont pas conseill\u00e9s pour les porteurs de stimulatuer cardiaque et les femmes enceintes.<\/span><\/strong><\/p>\n","protected":false},"excerpt":{"rendered":"<p>Aimant tr\u00e8s puissant, douleurs aigues. Diam\u00e8tre mm 40 x mm 6,5<\/p>\n<p>On mesure 2500 Gauss sur la surface<\/p>\n<table class=\"std table-product-discounts\" style=\"height: 101px;\" width=\"225\">\n<tbody>\n<tr>\n<td><span style=\"color: #9b9b9b;\"><strong>Rabais du 10% depuis 3 pi\u00e8ces<br \/>\n<\/strong><\/span><\/td>\n<\/tr>\n<tr>\n<td><span style=\"color: #9b9b9b;\"><strong><strong>Rabais du <\/strong>\u00a015%\u00a0<strong>depuis<\/strong> 6 <strong>pi\u00e8ces <\/strong><br \/>\n<\/strong><\/span><\/td>\n<\/tr>\n<tr>\n<td><span style=\"color: #9b9b9b;\"><strong><strong>Rabais du <\/strong>20%\u00a0<strong><strong>depuis<\/strong> 11 <strong>pi\u00e8ces <\/strong><br \/>\n<\/strong><\/strong><\/span><\/td>\n<\/tr>\n<tr>\n<td><span style=\"color: #9b9b9b;\"><strong><strong>Rabais du <\/strong>\u00a030%\u00a0<strong><strong>depuis<\/strong> 20 <strong>pi\u00e8ces <\/strong><br \/>\n<\/strong><\/strong><\/span><\/td>\n<\/tr>\n<\/tbody>\n<\/table>\n","protected":false},"featured_media":100687,"comment_status":"open","ping_status":"closed","template":"","meta":{"_acf_changed":false},"product_brand":[],"product_cat":[219],"product_tag":[],"class_list":{"0":"post-100698","1":"product","2":"type-product","3":"status-publish","4":"has-post-thumbnail","6":"product_cat-biomagnets-marah","8":"first","9":"instock","10":"shipping-taxable","11":"purchasable","12":"product-type-simple"},"acf":[],"_links":{"self":[{"href":"https:\/\/www.marah.ch\/fr\/wp-json\/wp\/v2\/product\/100698","targetHints":{"allow":["GET"]}}],"collection":[{"href":"https:\/\/www.marah.ch\/fr\/wp-json\/wp\/v2\/product"}],"about":[{"href":"https:\/\/www.marah.ch\/fr\/wp-json\/wp\/v2\/types\/product"}],"replies":[{"embeddable":true,"href":"https:\/\/www.marah.ch\/fr\/wp-json\/wp\/v2\/comments?post=100698"}],"wp:featuredmedia":[{"embeddable":true,"href":"https:\/\/www.marah.ch\/fr\/wp-json\/wp\/v2\/media\/100687"}],"wp:attachment":[{"href":"https:\/\/www.marah.ch\/fr\/wp-json\/wp\/v2\/media?parent=100698"}],"wp:term":[{"taxonomy":"product_brand","embeddable":true,"href":"https:\/\/www.marah.ch\/fr\/wp-json\/wp\/v2\/product_brand?post=100698"},{"taxonomy":"product_cat","embeddable":true,"href":"https:\/\/www.marah.ch\/fr\/wp-json\/wp\/v2\/product_cat?post=100698"},{"taxonomy":"product_tag","embeddable":true,"href":"https:\/\/www.marah.ch\/fr\/wp-json\/wp\/v2\/product_tag?post=100698"}],"curies":[{"name":"wp","href":"https:\/\/api.w.org\/{rel}","templated":true}]}}