{"id":100602,"date":"2015-04-28T07:05:44","date_gmt":"2015-04-28T05:05:44","guid":{"rendered":"https:\/\/www.marah.ch\/prodotto\/cosam-8000\/"},"modified":"2021-10-03T08:41:44","modified_gmt":"2021-10-03T06:41:44","slug":"cosam-8000","status":"publish","type":"product","link":"https:\/\/www.marah.ch\/fr\/produit\/cosam-8000\/","title":{"rendered":"Cosam 8000"},"content":{"rendered":"<p>Aimant en N\u00e9odyme, enferm\u00e9 dans une coque en plastique ABS.<\/p>\n<div style=\"text-align:justify;\">\n<div><span style=\"color:#d0121a;\">C\u00f4t\u00e9 rouge = P\u00f4le positif.<\/span><\/div>\n<div>Tonifiant, acidifiant et stimulant jusqu\u2019\u00e0 l\u2019inflammation, yang. <\/p>\n<p>Les maladies li\u00e9es \u00e0 des carences de vitamines, pertes d\u2019\u00e9nergie et fonctionnalit\u00e9 r\u00e9duite, doivent \u00eatre trait\u00e9es par le p\u00f4le positif (+) de fa\u00e7on \u00e0 favoriser l\u2019harmonisation.<\/p>\n<p>Ce p\u00f4le stimulant peut causer de nombreux probl\u00e8mes s\u2019il n\u2019est pas utilis\u00e9 correctement. Il augmente les ions positifs et provoque la diminution de l\u2019oxyg\u00e8ne pr\u00e9sent dans les cellules, avec la tendance \u00e0 acidifier.<\/p>\n<p>Utilis\u00e9 correctement, il peut aider et am\u00e9liorer le travail du p\u00f4le n\u00e9gatif, en particulier dans l\u2019application sur les tissus mou.<\/p>\n<p>Le p\u00f4le positif peut am\u00e9liorer les conditions <strong>h<\/strong><strong>ypo et yin<\/strong> de la plupart des organes. Il r\u00e9duit, par exemple, les \u0153d\u00e8mes des chevilles et des articulations inf\u00e9rieures. Il est aussi utile pour soigner des petites blessures avec des h\u00e9matome ou les inflammations des tissus mous proches des articulations.<\/p>\n<p>Il est absolument contre-indiqu\u00e9 si les blessures et les inflammations sont associ\u00e9es \u00e0 des infections.<\/p>\n<p><strong>Les infections doivent toujours \u00eatre trait\u00e9e avec le p\u00f4le n\u00e9gatif de l\u2019aimant, car le p\u00f4le positif peut accentuer la diffusion des micro-organismes.<\/strong><\/p>\n<\/p><\/div>\n<div><\/div>\n<div><span style=\"color:#218e53;\">C\u00f4t\u00e9 vert = P\u00f4le n\u00e9gatif.<\/span><\/div>\n<div>S\u00e9datif, alcalinisant, reconstituant l\u2019int\u00e9grit\u00e9 cellulaire et indirectement oxyg\u00e9nant, yin. <\/p>\n<p>Les maladies \u00e0 caract\u00e8re inflammatoire,\u00a0 violentes et actives, doivent \u00eatre trait\u00e9e avec la polarit\u00e9 n\u00e9gative (-) qui soulage les douleurs et favorise l\u2019\u00e9tat de calme, le froid, l\u2019inhibition de l\u2019inflammation.\u00a0<\/p>\n<p>Il augmente la teneur en ions n\u00e9gatifs et en oxyg\u00e8ne dans les cellules, tendant \u00e0 r\u00e9duire l\u2019acidit\u00e9 (r\u00e9\u00e9quilibre le PH). Il est possible d\u2019affirmer qu\u2019il offre tous les b\u00e9n\u00e9fices th\u00e9rapeutiques disponibles par l\u2019application des aimants, tant pour l\u2019homme que l\u2019animal.<\/p>\n<p>Il produit des effets int\u00e9ressants comme inhibiteur de la douleur, m\u00eame chronique. Id\u00e9al pour combattre les infections et favoriser un sommeil tranquille, gr\u00e2ce \u00e0 l\u2019augmentation de la production endog\u00e8ne de m\u00e9latonine.\u00a0\u00a0<\/p>\n<p>Cette polarit\u00e9 r\u00e9\u00e9quilibre les conditions <strong>hyper<\/strong> ou <strong>Yang<\/strong> de la plupart\u00a0 des organes. Elle\u00a0 stimule la croissance de certaines hormones, surtout au travers de la stimulation de l\u2019hypophyse, et elle poss\u00e8de un r\u00f4le important dans le syst\u00e8me de pr\u00e9vention.<\/p>\n<p>Les conditions <strong>hypo<\/strong> ou <strong>Yin <\/strong>des organes en b\u00e9n\u00e9ficient aussi, bien que plus lentement qu\u2019avec l\u2019application du p\u00f4le positif. En g\u00e9n\u00e9ral il est pr\u00e9f\u00e9rable d\u2019utiliser le p\u00f4le n\u00e9gatif de l\u2019aimant si celui-ci \u00e0 une puissance au-dessus de 600-850 Gauss.<\/p>\n<\/p><\/div>\n<div><\/div>\n<div>Applications:<\/div>\n<div><\/div>\n<div>Appliquez l&rsquo;aimant cosam 8000 sur la zone affect\u00e9e avec un sparadrap. On conseille d&rsquo;appliquer l&rsquo;aimant une demie heure\/une heure plusieurs fois par jour.<\/div>\n<div><\/div>\n<div><span style=\"color:#d0121a;\">Le cosam 8000 n&rsquo;est pas conseill\u00e9 au porteur de pace-maker<\/span><\/div>\n<\/p><\/div>\n","protected":false},"excerpt":{"rendered":"<p>Un aimant puissant, id\u00e9al pour soulager la douleur aigu\u00eb et chronique. Diam\u00e8tre 2 cm x 3 mm<\/p>\n<p>On mesure\u00a0 2500 Gauss sur la surface<\/p>\n<\/p>\n<table class=\"std table-product-discounts\" style=\"height:86px;\" width=\"229\">\n<tbody>\n<tr>\n<td><span style=\"color:#9b9b9b;\"><strong>Ranais du 10% depuis 3 pi\u00e8ces<\/strong><\/span><\/td>\n<\/tr>\n<tr>\n<td><span style=\"color:#9b9b9b;\"><strong><span style=\"color:#9b9b9b;\"><strong>Ranais du<\/strong><\/span>\u00a020%<span style=\"color:#9b9b9b;\"><strong> depuis<\/strong><\/span> 6<span style=\"color:#9b9b9b;\"><strong> pi\u00e8ces<\/strong><\/span>\u00a0<\/strong><\/span><\/td>\n<\/tr>\n<tr>\n<td><span style=\"color:#9b9b9b;\"><strong><span style=\"color:#9b9b9b;\"><strong>Ranais du<\/strong><\/span>\u00a025% <strong><span style=\"color:#9b9b9b;\"><strong>depuis<\/strong><\/span> 11 <span style=\"color:#9b9b9b;\"><strong>pi\u00e8ces<\/strong><\/span><br \/><\/strong><\/strong><\/span><\/td>\n<\/tr>\n<tr>\n<td><span style=\"color:#9b9b9b;\"><strong><span style=\"color:#9b9b9b;\"><strong>Ranais du<\/strong><\/span>\u00a030%\u00a0<strong><span style=\"color:#9b9b9b;\"><strong>depuis<\/strong><\/span>\u00a0 20\u00a0<span style=\"color:#9b9b9b;\"><strong>pi\u00e8ces<\/strong><\/span><\/strong><\/strong><\/span><\/td>\n<\/tr>\n<\/tbody>\n<\/table>\n","protected":false},"featured_media":100599,"comment_status":"open","ping_status":"closed","template":"","meta":{"_acf_changed":false},"product_brand":[],"product_cat":[219],"product_tag":[],"class_list":{"0":"post-100602","1":"product","2":"type-product","3":"status-publish","4":"has-post-thumbnail","6":"product_cat-biomagnets-marah","8":"first","9":"instock","10":"shipping-taxable","11":"purchasable","12":"product-type-simple"},"acf":[],"_links":{"self":[{"href":"https:\/\/www.marah.ch\/fr\/wp-json\/wp\/v2\/product\/100602","targetHints":{"allow":["GET"]}}],"collection":[{"href":"https:\/\/www.marah.ch\/fr\/wp-json\/wp\/v2\/product"}],"about":[{"href":"https:\/\/www.marah.ch\/fr\/wp-json\/wp\/v2\/types\/product"}],"replies":[{"embeddable":true,"href":"https:\/\/www.marah.ch\/fr\/wp-json\/wp\/v2\/comments?post=100602"}],"wp:featuredmedia":[{"embeddable":true,"href":"https:\/\/www.marah.ch\/fr\/wp-json\/wp\/v2\/media\/100599"}],"wp:attachment":[{"href":"https:\/\/www.marah.ch\/fr\/wp-json\/wp\/v2\/media?parent=100602"}],"wp:term":[{"taxonomy":"product_brand","embeddable":true,"href":"https:\/\/www.marah.ch\/fr\/wp-json\/wp\/v2\/product_brand?post=100602"},{"taxonomy":"product_cat","embeddable":true,"href":"https:\/\/www.marah.ch\/fr\/wp-json\/wp\/v2\/product_cat?post=100602"},{"taxonomy":"product_tag","embeddable":true,"href":"https:\/\/www.marah.ch\/fr\/wp-json\/wp\/v2\/product_tag?post=100602"}],"curies":[{"name":"wp","href":"https:\/\/api.w.org\/{rel}","templated":true}]}}