{"id":100398,"date":"2015-04-28T07:05:44","date_gmt":"2015-04-28T05:05:44","guid":{"rendered":"https:\/\/www.marah.ch\/prodotto\/mini-set\/"},"modified":"2022-03-29T14:27:27","modified_gmt":"2022-03-29T12:27:27","slug":"mini-set","status":"publish","type":"product","link":"https:\/\/www.marah.ch\/fr\/produit\/mini-set\/","title":{"rendered":"Set magn\u00e9topucture 10 aimants"},"content":{"rendered":"<p style=\"text-align: justify;\"><span style=\"font-size: 10pt;\"><span style=\"font-family: verdana, geneva;\"><img decoding=\"async\" class=\" size-full wp-image-100392\" src=\"https:\/\/www.marah.ch\/wp-content\/uploads\/2015\/04\/cerottomaggrande-cerottomaggrande.png.png\" alt=\"cerottomaggrande.png\" width=\"77\" height=\"75\" border=\"0\" \/><\/span><\/span><\/p>\n<p>Cette enveloppe avec les 10 aimants dor\u00e9s peut \u00eatre utile \u00e0 compl\u00e9ter le set de reflexologie du visage (n\u00e9cessit\u00e9 d&rsquo;avoir plus d&rsquo;aimants), ou, pour traiter les zones o\u00f9 un aimant normale ne serait pas confortable \u00e0 porter.<\/p>\n<p>Exemple<\/p>\n<p><img fetchpriority=\"high\" decoding=\"async\" class=\" size-full wp-image-100396\" src=\"https:\/\/www.marah.ch\/wp-content\/uploads\/2015\/04\/mascheraocchiconmagneti.jpg\" alt=\"\" width=\"300\" height=\"168\" srcset=\"https:\/\/www.marah.ch\/wp-content\/uploads\/2015\/04\/mascheraocchiconmagneti.jpg 300w, https:\/\/www.marah.ch\/wp-content\/uploads\/2015\/04\/mascheraocchiconmagneti-20x11.jpg 20w\" sizes=\"(max-width: 300px) 100vw, 300px\" \/><\/p>\n<p style=\"text-align: justify;\">\n","protected":false},"excerpt":{"rendered":"<p>Enveloppe avec 10 petits aimants dor\u00e9s pour la reflexologie (du visage, des pieds, des mains ou des oreilles)<\/p>\n","protected":false},"featured_media":100383,"comment_status":"open","ping_status":"closed","template":"","meta":{"_acf_changed":false},"product_brand":[],"product_cat":[219,223],"product_tag":[],"class_list":{"0":"post-100398","1":"product","2":"type-product","3":"status-publish","4":"has-post-thumbnail","6":"product_cat-biomagnets-marah","7":"product_cat-produits-avec-aimants","8":"product_shipping_class-pacco","10":"first","11":"instock","12":"shipping-taxable","13":"purchasable","14":"product-type-simple"},"acf":[],"_links":{"self":[{"href":"https:\/\/www.marah.ch\/fr\/wp-json\/wp\/v2\/product\/100398","targetHints":{"allow":["GET"]}}],"collection":[{"href":"https:\/\/www.marah.ch\/fr\/wp-json\/wp\/v2\/product"}],"about":[{"href":"https:\/\/www.marah.ch\/fr\/wp-json\/wp\/v2\/types\/product"}],"replies":[{"embeddable":true,"href":"https:\/\/www.marah.ch\/fr\/wp-json\/wp\/v2\/comments?post=100398"}],"wp:featuredmedia":[{"embeddable":true,"href":"https:\/\/www.marah.ch\/fr\/wp-json\/wp\/v2\/media\/100383"}],"wp:attachment":[{"href":"https:\/\/www.marah.ch\/fr\/wp-json\/wp\/v2\/media?parent=100398"}],"wp:term":[{"taxonomy":"product_brand","embeddable":true,"href":"https:\/\/www.marah.ch\/fr\/wp-json\/wp\/v2\/product_brand?post=100398"},{"taxonomy":"product_cat","embeddable":true,"href":"https:\/\/www.marah.ch\/fr\/wp-json\/wp\/v2\/product_cat?post=100398"},{"taxonomy":"product_tag","embeddable":true,"href":"https:\/\/www.marah.ch\/fr\/wp-json\/wp\/v2\/product_tag?post=100398"}],"curies":[{"name":"wp","href":"https:\/\/api.w.org\/{rel}","templated":true}]}}