{"id":100366,"date":"2015-04-28T07:05:44","date_gmt":"2015-04-28T05:05:44","guid":{"rendered":"https:\/\/www.marah.ch\/prodotto\/maschera-occhi\/"},"modified":"2020-04-10T19:35:27","modified_gmt":"2020-04-10T17:35:27","slug":"maschera-occhi","status":"publish","type":"product","link":"https:\/\/www.marah.ch\/fr\/produit\/maschera-occhi\/","title":{"rendered":"Masque pour les yeux (sans aimants)"},"content":{"rendered":"<p style=\"text-align:justify;\">Pour am\u00e9liorer la vue:<\/p>\n<p style=\"text-align:justify;\"><img decoding=\"async\" class=\" size-full wp-image-100360\" src=\"https:\/\/www.marah.ch\/wp-content\/uploads\/2015\/04\/maschera_occhi.jpg\" alt=\"\" width=\"160\" height=\"65\" srcset=\"https:\/\/www.marah.ch\/wp-content\/uploads\/2015\/04\/maschera_occhi.jpg 160w, https:\/\/www.marah.ch\/wp-content\/uploads\/2015\/04\/maschera_occhi-20x8.jpg 20w\" sizes=\"(max-width: 160px) 100vw, 160px\" \/><\/p>\n<p style=\"text-align:justify;\">\n<p>Fixez les aimants sur le masque en suivant le sc\u00e9ma cons\u00e9ill\u00e9.<\/p>\n<p>Appliquer le masque pour les yeux avec les aimants sur les yeux pendant 10 min. 2 fois par jours.<\/p>\n<p>Cliquer ici si vous voulez acheter le\u00a0<a href=\"https:\/\/www.marah.ch\/index.php?page=shop.product_details&amp;flypage=flypage.tpl&amp;product_id=22&amp;category_id=10&amp;option=com_virtuemart&amp;Itemid=41%E2%8C%A9=it\">mini set\u00a0<\/a>avec 10 aimants dor\u00e9s.<\/p>\n<p><img fetchpriority=\"high\" decoding=\"async\" class=\" size-full wp-image-100364\" style=\"float:left;margin:5px;\" src=\"https:\/\/www.marah.ch\/wp-content\/uploads\/2015\/04\/vista-vista.jpg\" alt=\"vista\" width=\"300\" height=\"391\" border=\"0\" srcset=\"https:\/\/www.marah.ch\/wp-content\/uploads\/2015\/04\/vista-vista.jpg 345w, https:\/\/www.marah.ch\/wp-content\/uploads\/2015\/04\/vista-vista-300x391.jpg 300w\" sizes=\"(max-width: 300px) 100vw, 300px\" \/><\/p>\n","protected":false},"excerpt":{"rendered":"<p>Ce masque pour les yeux a \u00e9t\u00e9 con\u00e7u pour que l&rsquo;aimant puisse se fixer facilement pour vous faire profiter de ses avantages en mati\u00e8re de confort<\/p>\n","protected":false},"featured_media":100347,"comment_status":"open","ping_status":"closed","template":"","meta":{"_acf_changed":false},"product_brand":[],"product_cat":[223],"product_tag":[],"class_list":{"0":"post-100366","1":"product","2":"type-product","3":"status-publish","4":"has-post-thumbnail","6":"product_cat-produits-avec-aimants","8":"first","9":"instock","10":"shipping-taxable","11":"purchasable","12":"product-type-simple"},"acf":[],"_links":{"self":[{"href":"https:\/\/www.marah.ch\/fr\/wp-json\/wp\/v2\/product\/100366","targetHints":{"allow":["GET"]}}],"collection":[{"href":"https:\/\/www.marah.ch\/fr\/wp-json\/wp\/v2\/product"}],"about":[{"href":"https:\/\/www.marah.ch\/fr\/wp-json\/wp\/v2\/types\/product"}],"replies":[{"embeddable":true,"href":"https:\/\/www.marah.ch\/fr\/wp-json\/wp\/v2\/comments?post=100366"}],"wp:featuredmedia":[{"embeddable":true,"href":"https:\/\/www.marah.ch\/fr\/wp-json\/wp\/v2\/media\/100347"}],"wp:attachment":[{"href":"https:\/\/www.marah.ch\/fr\/wp-json\/wp\/v2\/media?parent=100366"}],"wp:term":[{"taxonomy":"product_brand","embeddable":true,"href":"https:\/\/www.marah.ch\/fr\/wp-json\/wp\/v2\/product_brand?post=100366"},{"taxonomy":"product_cat","embeddable":true,"href":"https:\/\/www.marah.ch\/fr\/wp-json\/wp\/v2\/product_cat?post=100366"},{"taxonomy":"product_tag","embeddable":true,"href":"https:\/\/www.marah.ch\/fr\/wp-json\/wp\/v2\/product_tag?post=100366"}],"curies":[{"name":"wp","href":"https:\/\/api.w.org\/{rel}","templated":true}]}}