{"id":100106,"date":"2015-04-28T07:05:44","date_gmt":"2015-04-28T05:05:44","guid":{"rendered":"https:\/\/www.marah.ch\/prodotto\/water-set\/"},"modified":"2021-08-25T09:13:51","modified_gmt":"2021-08-25T07:13:51","slug":"water-set","status":"publish","type":"product","link":"https:\/\/www.marah.ch\/fr\/produit\/water-set\/","title":{"rendered":"Water Set"},"content":{"rendered":"<p><img decoding=\"async\" src=\"http:\/\/marah.ch\/img\/cms\/set%20scatola%20chiusa.jpg\" alt=\"\" width=\"122\" height=\"95\">\u00a0Voil\u00e0 un set complet pour aimanter l&rsquo;eau pour la famille.<\/p>\n<p>2 bioaimants D-05<img decoding=\"async\" src=\"https:\/\/www.marah.ch\/images\/stories\/1.jpg\" alt=\"1.jpg\" width=\"119\" height=\"38\" border=\"0\" \/><\/p>\n<p>1 sous-bouteille bleu pour l&rsquo;eau mixte, la plus conseill\u00e9e.<img decoding=\"async\" src=\"https:\/\/www.marah.ch\/images\/stories\/marah\/_mg_2613.jpg\" alt=\"_mg_2613.jpg\" width=\"132\" height=\"87\" border=\"0\" \/><img loading=\"lazy\" decoding=\"async\" src=\"https:\/\/www.marah.ch\/images\/stories\/marah\/_mg_2636.jpg\" alt=\"_mg_2636.jpg\" width=\"173\" height=\"257\" border=\"0\" \/><\/p>\n<p>1 sous-bouteille rouge et vert, pour activer et traiter les inflammations depuis l&rsquo;int\u00e9rieur\u00a0<img loading=\"lazy\" decoding=\"async\" src=\"https:\/\/www.marah.ch\/images\/stories\/marah\/_mg_2603.jpg\" alt=\"_mg_2603.jpg\" width=\"74\" height=\"49\" border=\"0\" \/><img loading=\"lazy\" decoding=\"async\" src=\"https:\/\/www.marah.ch\/images\/stories\/marah\/_mg_2638.jpg\" alt=\"_mg_2638.jpg\" width=\"123\" height=\"154\" border=\"0\" \/><\/p>\n","protected":false},"excerpt":{"rendered":"<p>Dans le coffret\u00a0<strong>Water Set<\/strong> vous avez 2 bio-aimants D-05, 2 Sous-bouteilles: 1 bleu pour pr\u00e9parer de l&rsquo;eau mixte et l&rsquo;autre rouge et vert pour pr\u00e9parer l&rsquo;eau positive ou n\u00e9gative.<\/p>\n","protected":false},"featured_media":100055,"comment_status":"open","ping_status":"closed","template":"","meta":{"_acf_changed":false},"product_brand":[],"product_cat":[219,227],"product_tag":[],"class_list":{"0":"post-100106","1":"product","2":"type-product","3":"status-publish","4":"has-post-thumbnail","6":"product_cat-biomagnets-marah","7":"product_cat-eau-magnetisee","8":"product_shipping_class-pacco","10":"first","11":"instock","12":"shipping-taxable","13":"purchasable","14":"product-type-simple"},"acf":[],"_links":{"self":[{"href":"https:\/\/www.marah.ch\/fr\/wp-json\/wp\/v2\/product\/100106","targetHints":{"allow":["GET"]}}],"collection":[{"href":"https:\/\/www.marah.ch\/fr\/wp-json\/wp\/v2\/product"}],"about":[{"href":"https:\/\/www.marah.ch\/fr\/wp-json\/wp\/v2\/types\/product"}],"replies":[{"embeddable":true,"href":"https:\/\/www.marah.ch\/fr\/wp-json\/wp\/v2\/comments?post=100106"}],"wp:featuredmedia":[{"embeddable":true,"href":"https:\/\/www.marah.ch\/fr\/wp-json\/wp\/v2\/media\/100055"}],"wp:attachment":[{"href":"https:\/\/www.marah.ch\/fr\/wp-json\/wp\/v2\/media?parent=100106"}],"wp:term":[{"taxonomy":"product_brand","embeddable":true,"href":"https:\/\/www.marah.ch\/fr\/wp-json\/wp\/v2\/product_brand?post=100106"},{"taxonomy":"product_cat","embeddable":true,"href":"https:\/\/www.marah.ch\/fr\/wp-json\/wp\/v2\/product_cat?post=100106"},{"taxonomy":"product_tag","embeddable":true,"href":"https:\/\/www.marah.ch\/fr\/wp-json\/wp\/v2\/product_tag?post=100106"}],"curies":[{"name":"wp","href":"https:\/\/api.w.org\/{rel}","templated":true}]}}