{"id":294106,"date":"2019-04-03T16:31:04","date_gmt":"2019-04-03T16:31:04","guid":{"rendered":"https:\/\/www.marah.ch\/blog\/"},"modified":"2026-04-01T10:24:08","modified_gmt":"2026-04-01T08:24:08","slug":"blog","status":"publish","type":"page","link":"https:\/\/www.marah.ch\/fr\/blog\/","title":{"rendered":"Blog"},"content":{"rendered":"\t\t<div data-elementor-type=\"wp-post\" data-elementor-id=\"294106\" class=\"elementor elementor-294106 elementor-14\" data-elementor-post-type=\"page\">\n\t\t\t\t\t\t<section class=\"elementor-section elementor-top-section elementor-element elementor-element-e1bedcf elementor-section-boxed elementor-section-height-default elementor-section-height-default\" data-id=\"e1bedcf\" data-element_type=\"section\" data-e-type=\"section\" data-settings=\"{&quot;jet_parallax_layout_list&quot;:[]}\">\n\t\t\t\t\t\t<div class=\"elementor-container elementor-column-gap-default\">\n\t\t\t\t\t<div class=\"elementor-column elementor-col-33 elementor-top-column elementor-element elementor-element-74b5508\" data-id=\"74b5508\" data-element_type=\"column\" data-e-type=\"column\">\n\t\t\t<div class=\"elementor-widget-wrap elementor-element-populated\">\n\t\t\t\t\t\t<div class=\"elementor-element elementor-element-0feedd3 elementor-widget elementor-widget-heading\" data-id=\"0feedd3\" data-element_type=\"widget\" data-e-type=\"widget\" data-widget_type=\"heading.default\">\n\t\t\t\t<div class=\"elementor-widget-container\">\n\t\t\t\t\t<h2 class=\"elementor-heading-title elementor-size-default\">Blog<br><\/h2>\t\t\t\t<\/div>\n\t\t\t\t<\/div>\n\t\t\t\t\t<\/div>\n\t\t<\/div>\n\t\t\t\t<div class=\"elementor-column elementor-col-66 elementor-top-column elementor-element elementor-element-af5d7d0\" data-id=\"af5d7d0\" data-element_type=\"column\" data-e-type=\"column\">\n\t\t\t<div class=\"elementor-widget-wrap\">\n\t\t\t\t\t\t\t<\/div>\n\t\t<\/div>\n\t\t\t\t\t<\/div>\n\t\t<\/section>\n\t\t\t\t<section class=\"elementor-section elementor-top-section elementor-element elementor-element-48c8246 elementor-section-boxed elementor-section-height-default elementor-section-height-default\" data-id=\"48c8246\" data-element_type=\"section\" data-e-type=\"section\" data-settings=\"{&quot;jet_parallax_layout_list&quot;:[]}\">\n\t\t\t\t\t\t<div class=\"elementor-container elementor-column-gap-default\">\n\t\t\t\t\t<div class=\"elementor-column elementor-col-100 elementor-top-column elementor-element elementor-element-5f837ce\" data-id=\"5f837ce\" data-element_type=\"column\" data-e-type=\"column\">\n\t\t\t<div class=\"elementor-widget-wrap elementor-element-populated\">\n\t\t\t\t\t\t<div class=\"elementor-element elementor-element-6e56b0a elementor-widget elementor-widget-text-editor\" data-id=\"6e56b0a\" data-element_type=\"widget\" data-e-type=\"widget\" data-widget_type=\"text-editor.default\">\n\t\t\t\t<div class=\"elementor-widget-container\">\n\t\t\t\t\t\t\t\t\t<h2 style=\"color: #000000\" data-section-id=\"1c8ajcq\" data-start=\"148\" data-end=\"177\"><span role=\"text\"><strong data-start=\"155\" data-end=\"177\">La magn\u00e9toth\u00e9rapie<\/strong><\/span><\/h2><p style=\"color: #000000;font-size: medium\" data-start=\"179\" data-end=\"620\">Le magn\u00e9tisme ou l\u2019aimant est connu de beaucoup comme un objet d\u00e9coratif que l\u2019on accroche sur le r\u00e9frig\u00e9rateur ou comme un support pour maintenir des papiers sur un tableau magn\u00e9tique. En r\u00e9alit\u00e9, peu de personnes savent que les aimants (avec des puissances sp\u00e9cifiques) sont utilis\u00e9s pour soulager les douleurs et contribuer au bien-\u00eatre. En effet, ils ont \u00e9t\u00e9 utilis\u00e9s par diff\u00e9rentes cultures \u00e0 travers les si\u00e8cles comme rem\u00e8de apaisant.<\/p><p style=\"color: #000000;font-size: medium\" data-start=\"622\" data-end=\"1482\">Dans l\u2019Antiquit\u00e9, la magn\u00e9toth\u00e9rapie \u00e9tait utilis\u00e9e comme m\u00e9thode de gu\u00e9rison par les \u00c9gyptiens, les Chinois et les Indiens. Il existe des t\u00e9moignages remontant \u00e0 2000 av. J.-C., tandis qu\u2019en Occident, au XVIIe si\u00e8cle, <span class=\"hover:entity-accent entity-underline inline cursor-pointer align-baseline\">Paracelse<\/span> contribua \u00e0 diffuser l\u2019utilisation des aimants dans diff\u00e9rentes th\u00e9rapies. Plus tard, en 1879, lors de son travail de doctorat, le physicien <span class=\"hover:entity-accent entity-underline inline cursor-pointer align-baseline\">Edwin Hall<\/span> recr\u00e9a artificiellement un champ magn\u00e9tique terrestre. Il d\u00e9montra les propri\u00e9t\u00e9s b\u00e9n\u00e9fiques, antidouleur et cicatrisantes des aimants, ainsi que leur capacit\u00e9 \u00e0 am\u00e9liorer le m\u00e9tabolisme des cellules dans la zone concern\u00e9e, ce qui lui permit d\u2019obtenir une chaire de professeur \u00e0 Harvard, aux \u00c9tats-Unis. Aujourd\u2019hui, la magn\u00e9toth\u00e9rapie est reconnue en Suisse comme une th\u00e9rapie holistique dans le domaine de la naturopathie.<\/p><p style=\"color: #000000;font-size: medium\" data-start=\"1484\" data-end=\"1902\">L\u2019aimant se pr\u00e9sente sous forme de pi\u00e8ce ou de plaquette. Autrefois, il \u00e9tait compos\u00e9 de magn\u00e9tite, un min\u00e9ral constitu\u00e9 \u00e0 72 % de ferrite, capable de stocker le champ magn\u00e9tique terrestre et de devenir lui-m\u00eame un aimant. Aujourd\u2019hui, les aimants utilis\u00e9s \u00e0 des fins th\u00e9rapeutiques sont compos\u00e9s de diff\u00e9rentes alliages m\u00e9talliques et charg\u00e9s avec une force magn\u00e9tique d\u00e9termin\u00e9e, dont l\u2019unit\u00e9 de mesure est le Gauss.<\/p><p style=\"color: #000000;font-size: medium\" data-start=\"1904\" data-end=\"2394\">La Terre est consid\u00e9r\u00e9e comme une gigantesque aimant, dot\u00e9e d\u2019un champ magn\u00e9tique relativement faible et de deux p\u00f4les, positif et n\u00e9gatif, correspondant respectivement au Nord et au Sud. L\u2019intensit\u00e9 de ce champ varie entre 0,3 et 0,47 Gauss \u00e0 la surface. Le magn\u00e9tisme terrestre \u00e9volue en fonction des variations du champ magn\u00e9tique solaire, qui diff\u00e8re selon les zones g\u00e9ographiques, les moments de la journ\u00e9e et les saisons. Ces variations peuvent \u00eatre multipli\u00e9es jusqu\u2019\u00e0 quarante fois.<\/p><p style=\"color: #000000;font-size: medium\" data-start=\"2396\" data-end=\"3058\">Le champ magn\u00e9tique terrestre est l\u2019un des \u00e9l\u00e9ments naturels qui rendent la vie sur Terre possible. Pour illustrer cette n\u00e9cessit\u00e9, on peut citer certaines missions spatiales lors desquelles des cosmonautes, \u00e0 leur retour sur Terre, ont souffert de troubles psychiques, de probl\u00e8mes d\u2019assimilation du calcium et de divers d\u00e9sordres physiologiques. En effet, des recherches men\u00e9es par la <span class=\"hover:entity-accent entity-underline inline cursor-pointer align-baseline\">NASA<\/span> ont montr\u00e9 que des astronautes priv\u00e9s du champ magn\u00e9tique terrestre avaient d\u00e9velopp\u00e9 de s\u00e9rieux probl\u00e8mes de sant\u00e9, qui auraient pu \u00eatre \u00e9vit\u00e9s gr\u00e2ce \u00e0 l\u2019application d\u2019un champ magn\u00e9tique artificiel \u00e0 l\u2019int\u00e9rieur des navettes spatiales.<\/p><h2 style=\"color: #000000\" data-section-id=\"1depa15\" data-start=\"3060\" data-end=\"3100\">En quoi consiste la magn\u00e9toth\u00e9rapie ?<\/h2><p style=\"color: #000000;font-size: medium\" data-start=\"3102\" data-end=\"3202\">La magn\u00e9toth\u00e9rapie est une pratique qui utilise les polarit\u00e9s de l\u2019aimant \u00e0 des fins th\u00e9rapeutiques.<\/p><p style=\"color: #000000;font-size: medium\" data-start=\"3204\" data-end=\"3700\">La maladie correspond \u00e0 une alt\u00e9ration de l\u2019\u00e9tat du corps, dans laquelle le biorhythm des organes est perturb\u00e9. Le champ magn\u00e9tique utilis\u00e9 en magn\u00e9toth\u00e9rapie n\u2019\u00e9limine pas directement les sympt\u00f4mes, mais vise plut\u00f4t \u00e0 augmenter la vitalit\u00e9 des atomes, des enzymes, des cellules et, par cons\u00e9quent, des organes. Il est admis que de nombreuses dysfonctions apparaissent lorsqu\u2019un d\u00e9s\u00e9quilibre du champ magn\u00e9tique se produit. L\u2019application d\u2019un biomagn\u00e9t permanent permet de r\u00e9tablir cet \u00e9quilibre.<\/p><p style=\"color: #000000;font-size: medium\" data-start=\"3702\" data-end=\"4080\">Par exemple, un manque d\u2019oxyg\u00e9nation du sang peut entra\u00eener des dysfonctionnements per\u00e7us comme des douleurs. L\u2019augmentation de l\u2019oxyg\u00e9nation gr\u00e2ce aux biomagnets peut contribuer \u00e0 att\u00e9nuer la douleur, favoriser l\u2019\u00e9limination des toxines, am\u00e9liorer le m\u00e9tabolisme, soutenir la reconstruction des tissus et activer les cellules, les nerfs, les glandes et bien d\u2019autres processus.<\/p><h2 style=\"color: #000000\" data-section-id=\"1yozdo4\" data-start=\"4082\" data-end=\"4113\">Les p\u00f4les positif et n\u00e9gatif<\/h2><p style=\"color: #000000;font-size: medium\" data-start=\"4115\" data-end=\"4436\">Le p\u00f4le n\u00e9gatif, \u00e9galement appel\u00e9 Yin ou p\u00f4le Sud, augmente la concentration d\u2019ions n\u00e9gatifs et d\u2019oxyg\u00e8ne dans les cellules, r\u00e9duisant ainsi l\u2019acidit\u00e9. Il favorise la production endog\u00e8ne de m\u00e9latonine, agit comme inhibiteur de la douleur, m\u00eame chronique, aide \u00e0 combattre les infections et favorise un sommeil r\u00e9parateur.<\/p><p style=\"color: #000000;font-size: medium\" data-start=\"4438\" data-end=\"4925\">Le p\u00f4le positif, quant \u00e0 lui, appel\u00e9 Yang ou p\u00f4le Nord, augmente le nombre d\u2019ions positifs et diminue indirectement l\u2019oxyg\u00e8ne dans les cellules, ce qui tend \u00e0 acidifier le milieu. Utilis\u00e9 dans le cadre d\u2019une th\u00e9rapie adapt\u00e9e, il peut renforcer l\u2019action du p\u00f4le n\u00e9gatif. Il favorise la tonification de la peau et des muscles. Des applications de courte dur\u00e9e peuvent \u00e9galement contribuer \u00e0 r\u00e9duire les inflammations et les \u0153d\u00e8mes r\u00e9cents caus\u00e9s par des entorses ou de petits traumatismes.<\/p><h2 style=\"color: #000000\" data-section-id=\"owe2kk\" data-start=\"4927\" data-end=\"4958\">La magn\u00e9toth\u00e9rapie en Suisse<\/h2><p style=\"color: #000000;font-size: medium\" data-start=\"4960\" data-end=\"5481\">Le Dr <span class=\"hover:entity-accent entity-underline inline cursor-pointer align-baseline\">Walter Stark<\/span> \u00e9tait un ing\u00e9nieur chimiste titulaire d\u2019un doctorat en sciences naturelles de l\u2019\u00c9cole polytechnique de Zurich. Apr\u00e8s ses \u00e9tudes, il consacra sa vie \u00e0 la recherche, cherchant \u00e0 d\u00e9montrer des pratiques alternatives de mesure et de soin fond\u00e9es scientifiquement, notamment la magn\u00e9toth\u00e9rapie. En 1970, il fonda l\u2019entreprise Marah \u00e0 Magliaso (Tessin), une entreprise familiale sp\u00e9cialis\u00e9e dans la promotion, la production et la vente d\u2019aimants et d\u2019autres dispositifs de bien-\u00eatre.<\/p><p style=\"color: #000000;font-size: medium\" data-start=\"5483\" data-end=\"5679\">Apr\u00e8s son d\u00e9c\u00e8s, son fils Cedric reprit l\u2019activit\u00e9, avant de la transmettre \u00e0 son \u00e9pouse Rita, qui, depuis plus de vingt ans, s\u2019engage \u00e0 pr\u00e9server et \u00e0 transmettre la valeur de la magn\u00e9toth\u00e9rapie.<\/p><p style=\"color: #000000;font-size: medium\" data-start=\"5681\" data-end=\"6060\">Avec cet article, je vous ai bri\u00e8vement pr\u00e9sent\u00e9 la magn\u00e9toth\u00e9rapie, son histoire ainsi que celle de ma famille. Mon grand-p\u00e8re a initi\u00e9 un projet ambitieux et passionnant. Aujourd\u2019hui, ma m\u00e8re poursuit cet engagement avec enthousiasme, en contribuant \u00e0 faire conna\u00eetre cette m\u00e9thode simple et efficace, qui aide \u00e0 maintenir un \u00e9quilibre harmonieux entre la Terre et notre corps.<\/p><p style=\"color: #000000;font-size: medium\" data-start=\"6062\" data-end=\"6205\">Si vous souhaitez approfondir ce sujet, vous pouvez visiter notre site web <a class=\"decorated-link\" href=\"https:\/\/www.marah.ch\" target=\"_new\" rel=\"noopener\" data-start=\"6137\" data-end=\"6149\">www.marah.ch<\/a> ou nous contacter par e-mail \u00e0 l\u2019adresse <a class=\"decorated-link cursor-pointer\" rel=\"noopener\" data-start=\"6191\" data-end=\"6204\">info@marah.ch<\/a>.<\/p><p>Autrice: Giada Stark<\/p>\t\t\t\t\t\t\t\t<\/div>\n\t\t\t\t<\/div>\n\t\t\t\t<div class=\"elementor-element elementor-element-53daa11 elementor-widget elementor-widget-image\" data-id=\"53daa11\" data-element_type=\"widget\" data-e-type=\"widget\" data-widget_type=\"image.default\">\n\t\t\t\t<div class=\"elementor-widget-container\">\n\t\t\t\t\t\t\t\t\t\t\t\t\t\t\t<img decoding=\"async\" width=\"150\" height=\"150\" src=\"https:\/\/www.marah.ch\/wp-content\/uploads\/2026\/04\/Walter-150x150.jpg\" class=\"attachment-thumbnail size-thumbnail wp-image-297490\" alt=\"\" srcset=\"https:\/\/www.marah.ch\/wp-content\/uploads\/2026\/04\/Walter-150x150.jpg 150w, https:\/\/www.marah.ch\/wp-content\/uploads\/2026\/04\/Walter-500x500.jpg 500w, https:\/\/www.marah.ch\/wp-content\/uploads\/2026\/04\/Walter-100x100.jpg 100w\" sizes=\"(max-width: 150px) 100vw, 150px\">\t\t\t\t\t\t\t\t\t\t\t\t\t\t\t<\/div>\n\t\t\t\t<\/div>\n\t\t\t\t\t<\/div>\n\t\t<\/div>\n\t\t\t\t\t<\/div>\n\t\t<\/section>\n\t\t\t\t<\/div>\n\t\t","protected":false},"excerpt":{"rendered":"<p>Blog La magn\u00e9toth\u00e9rapie Le magn\u00e9tisme ou l\u2019aimant est connu de beaucoup comme un objet d\u00e9coratif que l\u2019on accroche sur le r\u00e9frig\u00e9rateur ou comme un support pour maintenir des papiers sur un tableau magn\u00e9tique. En r\u00e9alit\u00e9, peu de personnes savent que les aimants (avec des puissances sp\u00e9cifiques) sont utilis\u00e9s pour soulager les douleurs et contribuer au [&hellip;]<\/p>\n","protected":false},"author":1,"featured_media":0,"parent":0,"menu_order":0,"comment_status":"closed","ping_status":"closed","template":"elementor_header_footer","meta":{"_acf_changed":false,"footnotes":""},"class_list":["post-294106","page","type-page","status-publish","hentry"],"acf":[],"_links":{"self":[{"href":"https:\/\/www.marah.ch\/fr\/wp-json\/wp\/v2\/pages\/294106","targetHints":{"allow":["GET"]}}],"collection":[{"href":"https:\/\/www.marah.ch\/fr\/wp-json\/wp\/v2\/pages"}],"about":[{"href":"https:\/\/www.marah.ch\/fr\/wp-json\/wp\/v2\/types\/page"}],"author":[{"embeddable":true,"href":"https:\/\/www.marah.ch\/fr\/wp-json\/wp\/v2\/users\/1"}],"replies":[{"embeddable":true,"href":"https:\/\/www.marah.ch\/fr\/wp-json\/wp\/v2\/comments?post=294106"}],"version-history":[{"count":6,"href":"https:\/\/www.marah.ch\/fr\/wp-json\/wp\/v2\/pages\/294106\/revisions"}],"predecessor-version":[{"id":297503,"href":"https:\/\/www.marah.ch\/fr\/wp-json\/wp\/v2\/pages\/294106\/revisions\/297503"}],"wp:attachment":[{"href":"https:\/\/www.marah.ch\/fr\/wp-json\/wp\/v2\/media?parent=294106"}],"curies":[{"name":"wp","href":"https:\/\/api.w.org\/{rel}","templated":true}]}}