{"id":110157,"date":"2017-09-21T15:46:58","date_gmt":"2017-09-21T13:46:58","guid":{"rendered":"https:\/\/www.marah.ch\/armonizzazione-energetica-degli-ambienti\/"},"modified":"2017-09-21T15:46:58","modified_gmt":"2017-09-21T13:46:58","slug":"armonizzazione-energetica-degli-ambienti","status":"publish","type":"page","link":"https:\/\/www.marah.ch\/fr\/armonizzazione-energetica-degli-ambienti\/","title":{"rendered":"Armonizzazione energetica degli ambienti"},"content":{"rendered":"<p>Pour notre sant\u00e9 et bien-\u00eatre, il est important que nos habitations et lieux professionnels soient sains et \u00e9quilibr\u00e9s.<\/p>\n<p>En effet, une multitude de probl\u00e8mes de sant\u00e9 tels que stress, maux de t\u00eate, insomnie, d\u00e9primes, fatigue chronique, rhumatismes, pourraient \u00eatre caus\u00e9es par des perturbations g\u00e9obiologiques et \u00e9lectromagn\u00e9tiques pr\u00e9sentes dans les lieux o\u00f9 nous passons une grande partie de notre vie.<\/p>\n<p> La g\u00e9obiologie et l\u2019\u00e9lectrobiologie sont les domaines qui \u00e9tudient l\u2019ensemble des influences de l\u2019environnement susceptibles de nuire \u00e0 notre sant\u00e9, bien-\u00eatre, et d\u00e9veloppement harmonieux, et qui mettent en \u0153uvre tous les moyens pour y rem\u00e9dier.<\/p>\n<p> Assurez-vous que cela soit le cas !<\/p>\n<p> Gr\u00e2ce \u00e0 une expertise professionnelle et des techniques innovantes, <strong>B-Energetics<\/strong> vous propose les services suivants :<\/p>\n<ul id=\"services\">\n<li>Mesure et analyse du lieu g\u00e9obiologie.<\/li>\n<li>Mesure avec des appareils professionnels des niveaux des champs \u00e9lectromagn\u00e9tiques pr\u00e9sents dans le lieu et sur les personnes.<\/li>\n<li>Apport de solutions pour r\u00e9duire au maximum les perturbations \u00e9lectromagn\u00e9tiques.<\/li>\n<li>Mise en \u0153uvre des solutions pour \u00e9liminer et harmoniser les perturbations g\u00e9obiologiques tels que les failles, eau souterraine, ondes de forme, les r\u00e9seaux telluriques.<\/li>\n<li>R\u00e9\u00e9quilibrage \u00e9nerg\u00e9tique du lieu afin de le rendre harmonieux.<\/li>\n<\/ul>\n<p>Pour plus de renseignements ou pour un devis, nous restons volontiers \u00e0 votre disposition<\/p>\n<p><strong>Monsieur Alessandro Bicca<\/strong><\/p>\n<p><strong>0041 76 584 40 72<\/strong><\/p>\n<p><strong>Alexbicca@yahoo.com<\/strong><\/p>\n","protected":false},"excerpt":{"rendered":"<p>Pour notre sant\u00e9 et bien-\u00eatre, il est important que nos habitations et lieux professionnels soient sains et \u00e9quilibr\u00e9s. En effet, une multitude de probl\u00e8mes de sant\u00e9 tels que stress, maux de t\u00eate, insomnie, d\u00e9primes, fatigue chronique, rhumatismes, pourraient \u00eatre caus\u00e9es par des perturbations g\u00e9obiologiques et \u00e9lectromagn\u00e9tiques pr\u00e9sentes dans les lieux o\u00f9 nous passons une grande [&hellip;]<\/p>\n","protected":false},"author":1,"featured_media":0,"parent":0,"menu_order":3,"comment_status":"closed","ping_status":"closed","template":"","meta":{"_acf_changed":false,"footnotes":""},"class_list":["post-110157","page","type-page","status-publish","hentry"],"acf":[],"_links":{"self":[{"href":"https:\/\/www.marah.ch\/fr\/wp-json\/wp\/v2\/pages\/110157","targetHints":{"allow":["GET"]}}],"collection":[{"href":"https:\/\/www.marah.ch\/fr\/wp-json\/wp\/v2\/pages"}],"about":[{"href":"https:\/\/www.marah.ch\/fr\/wp-json\/wp\/v2\/types\/page"}],"author":[{"embeddable":true,"href":"https:\/\/www.marah.ch\/fr\/wp-json\/wp\/v2\/users\/1"}],"replies":[{"embeddable":true,"href":"https:\/\/www.marah.ch\/fr\/wp-json\/wp\/v2\/comments?post=110157"}],"version-history":[{"count":0,"href":"https:\/\/www.marah.ch\/fr\/wp-json\/wp\/v2\/pages\/110157\/revisions"}],"wp:attachment":[{"href":"https:\/\/www.marah.ch\/fr\/wp-json\/wp\/v2\/media?parent=110157"}],"curies":[{"name":"wp","href":"https:\/\/api.w.org\/{rel}","templated":true}]}}