{"id":109552,"date":"2015-04-16T17:02:25","date_gmt":"2015-04-16T15:02:25","guid":{"rendered":"https:\/\/www.marah.ch\/riflessologia-della-cavita-orale\/"},"modified":"2015-04-16T17:02:25","modified_gmt":"2015-04-16T15:02:25","slug":"riflessologia-della-cavita-orale","status":"publish","type":"page","link":"https:\/\/www.marah.ch\/fr\/riflessologia-della-cavita-orale\/","title":{"rendered":"Reflexologie de la cavit\u00e9 buccale"},"content":{"rendered":"<h2 class=\"php-postheader\">Reflexologie de la cavit\u00e9 buccale<\/h2>\n<div class=\"php-postcontent\">\n<div class=\"php-article\">\n<div> <\/div>\n<div>La brosse \u00e0 dents TINI BRUSH est compos\u00e9e d\u2019une \u00a0t\u00eate magn\u00e9tique avec 5 aimants permanents plaqu\u00e9s or de 1200 Gauss chacun.<\/div>\n<div> <\/div>\n<div>Le champ magn\u00e9tique de la brosse \u00e0 dents TINI BRUSH permet une th\u00e9rapie de la cavit\u00e9 buccale. Sur la muqueuse interne de la bouche se trouvent divers points d\u00e9finis par la M\u00e9decine Traditionnelle Chinoise, qui correspondent aux principaux organes internes du corps humain. Les dents et les points mentionn\u00e9s interagissent donc avec l\u2019organisme.<\/div>\n<div> <\/div>\n<div>La brosse \u00e0 dents TINI BRUSH n\u2019a donc pas \u00e9t\u00e9 con\u00e7ue uniquement pour l\u2019hygi\u00e8ne dentaire. Elle aide \u00e9galement \u00e0 combattre la plaque bact\u00e9rienne et pr\u00e9vient les caries et en favorisant une meilleures circulation sanguine dans les muqueuses elle pr\u00e9vient de nombreux disfonctionnements organiques.<\/div>\n<div> <\/div>\n<div>APPLICATIONS PRINCIPALES :<\/div>\n<div>dans la cavit\u00e9 buccale : parodontose, inflammation des muqueuses, gingivites, l\u00e9sions, abc\u00e8s, aphtes, infections, grincements de dents.<\/div>\n<div> <\/div>\n<div>APPLICATIONS SECONDAIRES :<\/div>\n<div>maladies internes et cycles de la m\u00e9decines Traditionnelle Chinoise par le microsyst\u00e8me \u00ab bouche \u00bb.<\/div>\n<\/p><\/div>\n<\/p><\/div>\n","protected":false},"excerpt":{"rendered":"<p>Reflexologie de la cavit\u00e9 buccale La brosse \u00e0 dents TINI BRUSH est compos\u00e9e d\u2019une \u00a0t\u00eate magn\u00e9tique avec 5 aimants permanents plaqu\u00e9s or de 1200 Gauss chacun. Le champ magn\u00e9tique de la brosse \u00e0 dents TINI BRUSH permet une th\u00e9rapie de la cavit\u00e9 buccale. Sur la muqueuse interne de la bouche se trouvent divers points d\u00e9finis [&hellip;]<\/p>\n","protected":false},"author":1,"featured_media":0,"parent":0,"menu_order":1,"comment_status":"closed","ping_status":"closed","template":"","meta":{"_acf_changed":false,"footnotes":""},"class_list":["post-109552","page","type-page","status-publish","hentry"],"acf":[],"_links":{"self":[{"href":"https:\/\/www.marah.ch\/fr\/wp-json\/wp\/v2\/pages\/109552","targetHints":{"allow":["GET"]}}],"collection":[{"href":"https:\/\/www.marah.ch\/fr\/wp-json\/wp\/v2\/pages"}],"about":[{"href":"https:\/\/www.marah.ch\/fr\/wp-json\/wp\/v2\/types\/page"}],"author":[{"embeddable":true,"href":"https:\/\/www.marah.ch\/fr\/wp-json\/wp\/v2\/users\/1"}],"replies":[{"embeddable":true,"href":"https:\/\/www.marah.ch\/fr\/wp-json\/wp\/v2\/comments?post=109552"}],"version-history":[{"count":0,"href":"https:\/\/www.marah.ch\/fr\/wp-json\/wp\/v2\/pages\/109552\/revisions"}],"wp:attachment":[{"href":"https:\/\/www.marah.ch\/fr\/wp-json\/wp\/v2\/media?parent=109552"}],"curies":[{"name":"wp","href":"https:\/\/api.w.org\/{rel}","templated":true}]}}