{"id":109500,"date":"2015-04-20T16:43:34","date_gmt":"2015-04-20T14:43:34","guid":{"rendered":"https:\/\/www.marah.ch\/circuito-magnetico\/"},"modified":"2015-04-20T16:43:34","modified_gmt":"2015-04-20T14:43:34","slug":"circuito-magnetico","status":"publish","type":"page","link":"https:\/\/www.marah.ch\/fr\/circuito-magnetico\/","title":{"rendered":"Circuit magn\u00e9tique"},"content":{"rendered":"<h1>Circuit magn\u00e9tique<\/h1>\n<\/p>\n<\/p>\n<h2><\/h2>\n<\/p>\n<p><img decoding=\"async\" class=\" size-full wp-image-109493\" src=\"https:\/\/www.marah.ch\/wp-content\/uploads\/2015\/04\/Piastre_ridotte.png\" alt=\"\" width=\"200\" height=\"169\" srcset=\"https:\/\/www.marah.ch\/wp-content\/uploads\/2015\/04\/Piastre_ridotte.png 356w, https:\/\/www.marah.ch\/wp-content\/uploads\/2015\/04\/Piastre_ridotte-300x253.png 300w\" sizes=\"(max-width: 200px) 100vw, 200px\" \/>\u00a0<img fetchpriority=\"high\" decoding=\"async\" class=\" size-full wp-image-109497\" src=\"https:\/\/www.marah.ch\/wp-content\/uploads\/2015\/04\/trattamento_piastre-trattamento_piastre.jpg\" alt=\"trattamento_piastre\" width=\"238\" height=\"225\" border=\"0\" \/><\/p>\n<\/p>\n<p>\u00a0Les\u00a0\u00a0<strong>plaques<\/strong>\u00a0\u00a0marah sont constitu\u00e9s par un grand\u00a0\u00a0<strong>aimant<\/strong>\u00a0\u00a0ferrite couvert de bois et trait\u00e9 avec la cire d&rsquo;abeille.\u00a0Ils sont fabriqu\u00e9s enti\u00e8rement \u00e0 la main.<\/p>\n<p>Ils ont besoin de restaurer un bon\u00a0\u00a0<strong>\u00e9quilibre<\/strong>\u00a0\u00a0dans le\u00a0\u00a0<strong>circuit\u00a0<\/strong><strong>\u00a0magn\u00e9tique<\/strong>\u00a0\u00a0de notre corps et sont id\u00e9ales pour traiter une vaste zone, les maladies qui attaquent notre m\u00e9tabolisme.<\/p>\n<p>Les plaques magn\u00e9tiques sont utilis\u00e9s pour la pr\u00e9vention aide \u00e0 pr\u00e9server une bonne sant\u00e9 et une bonne \u00e9nergie et de rajeunir.<\/p>\n<p>Il \u00e9tablit un circuit entre les mains et les pieds, ou en diagonale entre une main et le pied oppos\u00e9, en utilisant l&rsquo;aimant 2 p\u00f4les.\u00a0Nous cr\u00e9ons donc une r\u00e9serve d&rsquo;\u00e9nergie et nous rions un \u00e9quilibre \u00e0 la polarit\u00e9 de notre corps.<\/p>\n<p>Avec le p\u00f4le magn\u00e9tique nous traitons un probl\u00e8me avec le p\u00f4le n\u00e9gatif de l&rsquo;aimant \u00e0 la zone touch\u00e9e.<\/p>\n<p>Avec le traitement \u00e0 la place bipolaire<\/p>\n<p>&#8211; Il compl\u00e8te le circuit magn\u00e9tique \u00e0 l&rsquo;int\u00e9rieur du corps<\/p>\n<p>&#8211; Il restaure le circuit de l&rsquo;\u00e9nergie et du m\u00e9tabolisme<\/p>\n<p>&#8211; Je re\u00e7ois un effet favorable sur l&rsquo;acide \/ base<\/p>\n<p>&#8211; Il permet le soudage des os.<\/p>\n<\/p>\n<p>Elle est aussi appel\u00e9e m\u00e9thode parce Bansal utilis\u00e9 et test\u00e9 par le Dr Bansal New Delhi.<\/p>\n<\/p>\n<p>\u00a0<\/p>\n<p><strong>Le traitement local<\/strong><\/p>\n<p>La douleur dans les jambes et les maladies et divers sup\u00e9rieures peut \u00eatre trait\u00e9e en pla\u00e7ant un aimant sur un joueur et un autre sous la plante du pied.<\/p>\n<\/p>\n<p><strong>Le traitement g\u00e9n\u00e9ral<\/strong><\/p>\n<p>Il est utilis\u00e9 lorsque vous ne pouvez pas l&rsquo;intervention locale.\u00a0Appliquer les\u00a0\u00a0<strong>aimants<\/strong>\u00a0\u00a0sous les palmiers ou la plante des pieds, en fonction de la maladie trait\u00e9e.\u00a0Si le dysfonctionnement est localis\u00e9e dans la moiti\u00e9 inf\u00e9rieure du corps il faut positionner les\u00a0\u00a0<strong>aimants<\/strong>\u00a0dans la plante des pieds.\u00a0Si le dysfonctionnement est localis\u00e9 dans la moiti\u00e9 sup\u00e9rieure du corps, ils devraient \u00eatre plac\u00e9s sous vos paumes.<\/p>\n<\/p>\n<p>Dr Bansal recommande 5 m\u00e9thodes pour le traitement g\u00e9n\u00e9ral.<\/p>\n<table border=\"0\">\n<tbody>\n<tr>\n<td>M\u00e9thode 1<\/td>\n<td>\n<p>Main droite<\/p>\n<p>Main gauche<\/p>\n<\/td>\n<td>\n<p>n\u00e9gative &#8211;<\/p>\n<p>positive +<\/p>\n<\/td>\n<\/tr>\n<tr>\n<td>M\u00e9thode 2<\/td>\n<td>\n<p>Main droite<\/p>\n<p>Pied gauche<\/p>\n<\/td>\n<td>\n<p>P\u00f4le n\u00e9gatif &#8211;<\/p>\n<p>Positif +<\/p>\n<\/td>\n<\/tr>\n<tr>\n<td>M\u00e9thode 3<\/td>\n<td>\n<p>Main gauche<\/p>\n<p>Pied gauche<\/p>\n<\/td>\n<td>\n<p>P\u00f4le n\u00e9gatif &#8211;<\/p>\n<p>Positif +<\/p>\n<\/td>\n<\/tr>\n<tr>\n<td>M\u00e9thode 4<\/td>\n<td>\n<p>Main droite<\/p>\n<p>Pied droit<\/p>\n<\/td>\n<td>\n<p>P\u00f4le n\u00e9gatif &#8211;<\/p>\n<p>Positif +<\/p>\n<\/td>\n<\/tr>\n<tr>\n<td>M\u00e9thode 5<\/td>\n<td>\n<p>Pied droit<\/p>\n<p>Pied gauche<\/p>\n<\/td>\n<td>\n<p>P\u00f4le n\u00e9gatif &#8211;<\/p>\n<p>Positif<\/p>\n<\/td>\n<\/tr>\n<\/tbody>\n<\/table>\n<p>\u00a0<\/p>\n<p><strong>Traitements exemples<\/strong><\/p>\n<\/p>\n<table border=\"0\" align=\"left\">\n<tbody>\n<tr>\n<td>An\u00e9mie<\/td>\n<td>M\u00e9thode 1<\/td>\n<\/tr>\n<tr>\n<td>Asthme<\/td>\n<td>M\u00e9thode 1<\/td>\n<\/tr>\n<tr>\n<td>Constipation<\/td>\n<td>M\u00e9thode 2<\/td>\n<\/tr>\n<tr>\n<td>Flatulence<\/td>\n<td>M\u00e9thode 1<\/td>\n<\/tr>\n<tr>\n<td>Hyst\u00e9rie<\/td>\n<td>M\u00e9thode 2<\/td>\n<\/tr>\n<tr>\n<td>Lumbago<\/td>\n<td>M\u00e9thode 5<\/td>\n<\/tr>\n<tr>\n<td>Paralysie<\/td>\n<td>M\u00e9thode 1 et 5<\/td>\n<\/tr>\n<tr>\n<td>Rhumatisme<\/td>\n<td>M\u00e9thode 1 et 5<\/td>\n<\/tr>\n<tr>\n<td>Estomac Malttie<\/td>\n<td>M\u00e9thode 1<\/td>\n<\/tr>\n<tr>\n<td>Les amygdales<\/td>\n<td>M\u00e9thode 1<\/td>\n<\/tr>\n<\/tbody>\n<\/table>\n<p>\u00a0<\/p>\n<p>\u00a0<\/p>\n<p>\u00a0<\/p>\n<p>\u00a0<\/p>\n<p>\u00a0<\/p>\n<p>\u00a0<\/p>\n<p>\u00a0<\/p>\n<p>\u00a0<\/p>\n<p>\u00a0<\/p>\n<\/p>\n<p><strong>Conseils et contre-indications<\/strong><\/p>\n<p>\u00a0<\/p>\n<p>Garder les plaques loin de t\u00e9l\u00e9viseurs et ordinateurs<\/p>\n<p>Garder les plaques loin les unes de l\u2019autres, risque d\u2019\u00e9craser vos doigts.<\/p>\n<p>Garder les plaques loin des enfants.<\/p>\n<p>Ne jamais approcher les plaques \u00e0 personne avec un pace-maker.<\/p>\n<p>Garder les plaques loin de femmes enceinte<\/p>\n<p>Traitement max 30 min.<\/p>\n<p>N\u2019utiliser jamais le p\u00f4le positif l\u00e0 o\u00f9 vous avez une inflammation<\/p>\n<\/p>\n<p><a href=\"http:\/\/marah.ch\/fr\/biomagnets-marah\/108-piastra-magnetica.html\" target=\"_blank\" rel=\"noopener\"><strong>Cliquez ici si vous voulez acheter une plaque<\/strong><\/a><\/p>\n","protected":false},"excerpt":{"rendered":"<p>Circuit magn\u00e9tique \u00a0 \u00a0Les\u00a0\u00a0plaques\u00a0\u00a0marah sont constitu\u00e9s par un grand\u00a0\u00a0aimant\u00a0\u00a0ferrite couvert de bois et trait\u00e9 avec la cire d&rsquo;abeille.\u00a0Ils sont fabriqu\u00e9s enti\u00e8rement \u00e0 la main. Ils ont besoin de restaurer un bon\u00a0\u00a0\u00e9quilibre\u00a0\u00a0dans le\u00a0\u00a0circuit\u00a0\u00a0magn\u00e9tique\u00a0\u00a0de notre corps et sont id\u00e9ales pour traiter une vaste zone, les maladies qui attaquent notre m\u00e9tabolisme. Les plaques magn\u00e9tiques sont utilis\u00e9s pour la [&hellip;]<\/p>\n","protected":false},"author":1,"featured_media":109493,"parent":0,"menu_order":1,"comment_status":"closed","ping_status":"closed","template":"","meta":{"_acf_changed":false,"footnotes":""},"class_list":["post-109500","page","type-page","status-publish","has-post-thumbnail","hentry"],"acf":[],"_links":{"self":[{"href":"https:\/\/www.marah.ch\/fr\/wp-json\/wp\/v2\/pages\/109500","targetHints":{"allow":["GET"]}}],"collection":[{"href":"https:\/\/www.marah.ch\/fr\/wp-json\/wp\/v2\/pages"}],"about":[{"href":"https:\/\/www.marah.ch\/fr\/wp-json\/wp\/v2\/types\/page"}],"author":[{"embeddable":true,"href":"https:\/\/www.marah.ch\/fr\/wp-json\/wp\/v2\/users\/1"}],"replies":[{"embeddable":true,"href":"https:\/\/www.marah.ch\/fr\/wp-json\/wp\/v2\/comments?post=109500"}],"version-history":[{"count":0,"href":"https:\/\/www.marah.ch\/fr\/wp-json\/wp\/v2\/pages\/109500\/revisions"}],"wp:featuredmedia":[{"embeddable":true,"href":"https:\/\/www.marah.ch\/fr\/wp-json\/wp\/v2\/media\/109493"}],"wp:attachment":[{"href":"https:\/\/www.marah.ch\/fr\/wp-json\/wp\/v2\/media?parent=109500"}],"curies":[{"name":"wp","href":"https:\/\/api.w.org\/{rel}","templated":true}]}}