{"id":109477,"date":"2015-04-20T16:43:34","date_gmt":"2015-04-20T14:43:34","guid":{"rendered":"https:\/\/www.marah.ch\/possibili-terapie-con-i-magneti\/"},"modified":"2015-04-20T16:43:34","modified_gmt":"2015-04-20T14:43:34","slug":"possibili-terapie-con-i-magneti","status":"publish","type":"page","link":"https:\/\/www.marah.ch\/fr\/possibili-terapie-con-i-magneti\/","title":{"rendered":"Th\u00e9rapies possibles avec aimants"},"content":{"rendered":"<h2 class=\"php-postheader\">Th\u00e9rapies possibles avec aimants<\/h2>\n<div class=\"php-postcontent\">\n<div class=\"php-article\">\n<p>La plus connue et la plus facile \u00e0 utiliser des aimants est application de l&rsquo;aimant Marah directement sur \u200b\u200bla plaie, comme d\u00e9crit sous\u00a0\u00a0<strong><a href=\"https:\/\/www.marah.ch\/applicazioni\/applicazioni-nella-magnetoterpia.html\">Applications<\/a>\u00a0.<\/strong><\/p>\n<\/p>\n<p>Les aimants Marah sont aussi utilis\u00e9s par de nombreux th\u00e9rapeutes qui appliquent\u00a0\u00a0\u00a0<strong>la m\u00e9decine traditionnelle chinoise.<\/strong><\/p>\n<p>La douleur est le r\u00e9sultat d&rsquo;une mauvaise circulation de l&rsquo;\u00e9nergie, un blocage du chi, l&rsquo;\u00e9nergie vitale, une miss de l&rsquo;oxyg\u00e8ne.\u00a0<br \/>Les traitements \u00e9num\u00e9r\u00e9s ici aident les blocages d&rsquo;\u00e9nergie eleminare et de faciliter la circulation de l&rsquo;\u00e9nergie et du sang.<\/p>\n<p>Utilisant des aimants permanents Marah les associant avec les enseignements de la m\u00e9decine traditionnelle chinoise pour<\/p>\n<div>\n<ul>\n<li>Points ponction \u00e0 l&rsquo;aiguille &#8211; magnetopuntura<\/li>\n<li>Des points Luo, assemblage Meridian<\/li>\n<li>Deux m\u00e9ridiens merveilleux (de conception et de gouverneur)<\/li>\n<li>Points Knap<\/li>\n<li>Points finaux des mains et des pieds<\/li>\n<li>centres d&rsquo;\u00e9nergie &#8211; les chakras<\/li>\n<li>Circuit magn\u00e9tique (m\u00e9thode Bansal)<\/li>\n<li>R\u00e9flexologie &#8211; oreille &#8211; visage &#8211; bouche &#8211; plantaire<\/li>\n<\/ul>\n<\/div><\/div>\n<\/p><\/div>\n","protected":false},"excerpt":{"rendered":"<p>Th\u00e9rapies possibles avec aimants La plus connue et la plus facile \u00e0 utiliser des aimants est application de l&rsquo;aimant Marah directement sur \u200b\u200bla plaie, comme d\u00e9crit sous\u00a0\u00a0Applications\u00a0. Les aimants Marah sont aussi utilis\u00e9s par de nombreux th\u00e9rapeutes qui appliquent\u00a0\u00a0\u00a0la m\u00e9decine traditionnelle chinoise. La douleur est le r\u00e9sultat d&rsquo;une mauvaise circulation de l&rsquo;\u00e9nergie, un blocage du [&hellip;]<\/p>\n","protected":false},"author":1,"featured_media":0,"parent":0,"menu_order":0,"comment_status":"closed","ping_status":"closed","template":"","meta":{"_acf_changed":false,"footnotes":""},"class_list":["post-109477","page","type-page","status-publish","hentry"],"acf":[],"_links":{"self":[{"href":"https:\/\/www.marah.ch\/fr\/wp-json\/wp\/v2\/pages\/109477","targetHints":{"allow":["GET"]}}],"collection":[{"href":"https:\/\/www.marah.ch\/fr\/wp-json\/wp\/v2\/pages"}],"about":[{"href":"https:\/\/www.marah.ch\/fr\/wp-json\/wp\/v2\/types\/page"}],"author":[{"embeddable":true,"href":"https:\/\/www.marah.ch\/fr\/wp-json\/wp\/v2\/users\/1"}],"replies":[{"embeddable":true,"href":"https:\/\/www.marah.ch\/fr\/wp-json\/wp\/v2\/comments?post=109477"}],"version-history":[{"count":0,"href":"https:\/\/www.marah.ch\/fr\/wp-json\/wp\/v2\/pages\/109477\/revisions"}],"wp:attachment":[{"href":"https:\/\/www.marah.ch\/fr\/wp-json\/wp\/v2\/media?parent=109477"}],"curies":[{"name":"wp","href":"https:\/\/api.w.org\/{rel}","templated":true}]}}