{"id":109348,"date":"2015-04-16T16:43:59","date_gmt":"2015-04-16T14:43:59","guid":{"rendered":"https:\/\/www.marah.ch\/infezioni\/"},"modified":"2015-04-16T16:43:59","modified_gmt":"2015-04-16T14:43:59","slug":"infezioni","status":"publish","type":"page","link":"https:\/\/www.marah.ch\/fr\/infezioni\/","title":{"rendered":"Infections"},"content":{"rendered":"<h2 class=\"php-postheader\">Infections<\/h2>\n<div class=\"php-postcontent\">\n<div class=\"php-article\">\n<p>Pour rem\u00e9dier \u00e0 une infection, vous pouvez utiliser les\u00a0\u00a0<strong>aimants<\/strong>\u00a0\u00a0comme suit:<\/p>\n<p><img decoding=\"async\" class=\" size-full wp-image-109341\" src=\"https:\/\/www.marah.ch\/wp-content\/uploads\/2015\/04\/bruciatura_1.jpg\" alt=\"\" height=\"150\" width=\"99\">\u00a0<img decoding=\"async\" class=\" size-full wp-image-109345\" src=\"https:\/\/www.marah.ch\/wp-content\/uploads\/2015\/04\/polso_con_benda.jpg\" alt=\"\" height=\"150\" width=\"99\">\u00a0<\/p>\n<p>Faire tr\u00e8s attention \u00e0 ne pas appliquer le p\u00f4le positif sur une inflammation ou une infection, parce que le p\u00f4le positif stimule le d\u00e9veloppement des bact\u00e9ries et donc aggrave l\u2019infection. Appliquez le p\u00f4le n\u00e9gatif sur la zone douloureuse. Si il y a une blessure rappelez vous de ne jamais mettre l\u2019aimant directement sur une blessure ouverte. Boire de l\u2019eau magn\u00e9tis\u00e9e n\u00e9gative ou mixte.<\/p>\n<p><\/p>\n<p>\u00a0<\/p>\n<p><strong><a href=\"https:\/\/www.marah.ch\/index.php?page=shop.product_details&amp;flypage=flypage.tpl&amp;product_id=4&amp;category_id=4&amp;option=com_virtuemart&amp;Itemid=9%E2%8C%A9=it\">Cliquez ici si vous \u00eates int\u00e9ress\u00e9 \u00e0 acheter un aimant COSAM 8000 qui aide \u00e0 att\u00e9nuer le probl\u00e8me de l&rsquo;infection.<\/a><\/strong><\/p>\n<\/p><\/div>\n<\/p><\/div>\n","protected":false},"excerpt":{"rendered":"<p>Infections Pour rem\u00e9dier \u00e0 une infection, vous pouvez utiliser les\u00a0\u00a0aimants\u00a0\u00a0comme suit: \u00a0\u00a0 Faire tr\u00e8s attention \u00e0 ne pas appliquer le p\u00f4le positif sur une inflammation ou une infection, parce que le p\u00f4le positif stimule le d\u00e9veloppement des bact\u00e9ries et donc aggrave l\u2019infection. Appliquez le p\u00f4le n\u00e9gatif sur la zone douloureuse. Si il y a une [&hellip;]<\/p>\n","protected":false},"author":1,"featured_media":109341,"parent":0,"menu_order":9,"comment_status":"closed","ping_status":"closed","template":"","meta":{"_acf_changed":false,"footnotes":""},"class_list":["post-109348","page","type-page","status-publish","has-post-thumbnail","hentry"],"acf":[],"_links":{"self":[{"href":"https:\/\/www.marah.ch\/fr\/wp-json\/wp\/v2\/pages\/109348","targetHints":{"allow":["GET"]}}],"collection":[{"href":"https:\/\/www.marah.ch\/fr\/wp-json\/wp\/v2\/pages"}],"about":[{"href":"https:\/\/www.marah.ch\/fr\/wp-json\/wp\/v2\/types\/page"}],"author":[{"embeddable":true,"href":"https:\/\/www.marah.ch\/fr\/wp-json\/wp\/v2\/users\/1"}],"replies":[{"embeddable":true,"href":"https:\/\/www.marah.ch\/fr\/wp-json\/wp\/v2\/comments?post=109348"}],"version-history":[{"count":0,"href":"https:\/\/www.marah.ch\/fr\/wp-json\/wp\/v2\/pages\/109348\/revisions"}],"wp:featuredmedia":[{"embeddable":true,"href":"https:\/\/www.marah.ch\/fr\/wp-json\/wp\/v2\/media\/109341"}],"wp:attachment":[{"href":"https:\/\/www.marah.ch\/fr\/wp-json\/wp\/v2\/media?parent=109348"}],"curies":[{"name":"wp","href":"https:\/\/api.w.org\/{rel}","templated":true}]}}