{"id":109326,"date":"2015-04-16T16:43:59","date_gmt":"2015-04-16T14:43:59","guid":{"rendered":"https:\/\/www.marah.ch\/prostata\/"},"modified":"2015-04-16T16:43:59","modified_gmt":"2015-04-16T14:43:59","slug":"prostata","status":"publish","type":"page","link":"https:\/\/www.marah.ch\/fr\/prostata\/","title":{"rendered":"Prostate"},"content":{"rendered":"<h2 class=\"php-postheader\"><span class=\"goog-text-highlight\">Prostate<\/span><\/h2>\n<div class=\"php-postcontent\">\n<div class=\"php-article\">Pour calmer la douleur et l\u2019inflammation, toujours le cot\u00e9 n\u00e9gatif de l\u2019aimant. Appliquez avec un sparadrap un aimant puissant sur la prostate (une main environ sous le nombril) pendant toute une nuit. En cas de difficult\u00e9 pour uriner, asseyez vous sur un aimant le cot\u00e9 positif vers le haut. Boire de l\u2019eau magn\u00e9tis\u00e9e n\u00e9gative en cas d\u2019inflammation et de douleur ; en cas de difficult\u00e9 \u00e0 uriner boire une eau magn\u00e9tis\u00e9e positive. Dans de nombreux cas, avec ce traitement, l\u2019op\u00e9ration de la prostate \u00e0 \u00e9t\u00e9 \u00e9vit\u00e9, et les valeurs de PSA sont redevenues normales. <br \/>Divers magn\u00e9to-th\u00e9rapeutes soutiennent que certains cas de cancer de la prostate ont r\u00e9gress\u00e9s avec l\u2019utilisation prolong\u00e9e d\u2019un champ magn\u00e9tique n\u00e9gatif (Cosam 8000). <\/p>\n<p>\u00a0<\/p>\n<p><strong><a href=\"https:\/\/www.marah.ch\/index.php?page=shop.product_details&amp;flypage=flypage.tpl&amp;product_id=4&amp;category_id=4&amp;option=com_virtuemart&amp;Itemid=9%E2%8C%A9=it\">Cliquez ici si vous voulez acheter un COSAM 8000<\/a><\/strong><\/p>\n<\/p><\/div>\n<\/p><\/div>\n","protected":false},"excerpt":{"rendered":"<p>Prostate Pour calmer la douleur et l\u2019inflammation, toujours le cot\u00e9 n\u00e9gatif de l\u2019aimant. Appliquez avec un sparadrap un aimant puissant sur la prostate (une main environ sous le nombril) pendant toute une nuit. En cas de difficult\u00e9 pour uriner, asseyez vous sur un aimant le cot\u00e9 positif vers le haut. Boire de l\u2019eau magn\u00e9tis\u00e9e n\u00e9gative [&hellip;]<\/p>\n","protected":false},"author":1,"featured_media":0,"parent":0,"menu_order":8,"comment_status":"closed","ping_status":"closed","template":"","meta":{"_acf_changed":false,"footnotes":""},"class_list":["post-109326","page","type-page","status-publish","hentry"],"acf":[],"_links":{"self":[{"href":"https:\/\/www.marah.ch\/fr\/wp-json\/wp\/v2\/pages\/109326","targetHints":{"allow":["GET"]}}],"collection":[{"href":"https:\/\/www.marah.ch\/fr\/wp-json\/wp\/v2\/pages"}],"about":[{"href":"https:\/\/www.marah.ch\/fr\/wp-json\/wp\/v2\/types\/page"}],"author":[{"embeddable":true,"href":"https:\/\/www.marah.ch\/fr\/wp-json\/wp\/v2\/users\/1"}],"replies":[{"embeddable":true,"href":"https:\/\/www.marah.ch\/fr\/wp-json\/wp\/v2\/comments?post=109326"}],"version-history":[{"count":0,"href":"https:\/\/www.marah.ch\/fr\/wp-json\/wp\/v2\/pages\/109326\/revisions"}],"wp:attachment":[{"href":"https:\/\/www.marah.ch\/fr\/wp-json\/wp\/v2\/media?parent=109326"}],"curies":[{"name":"wp","href":"https:\/\/api.w.org\/{rel}","templated":true}]}}