{"id":109313,"date":"2015-04-16T16:43:59","date_gmt":"2015-04-16T14:43:59","guid":{"rendered":"https:\/\/www.marah.ch\/nevralgie\/"},"modified":"2015-04-16T16:43:59","modified_gmt":"2015-04-16T14:43:59","slug":"nevralgie","status":"publish","type":"page","link":"https:\/\/www.marah.ch\/fr\/nevralgie\/","title":{"rendered":"N\u00e9vralgie"},"content":{"rendered":"<h2 class=\"php-postheader\">N\u00e9vralgie<\/h2>\n<p>Pour les probl\u00e8mes nervralgie sciatique ou vous pouvez utiliser les\u00a0\u00a0<strong>aimants<\/strong>\u00a0.<\/p>\n<p><img decoding=\"async\" class=\" size-full wp-image-109310\" src=\"https:\/\/www.marah.ch\/wp-content\/uploads\/2015\/04\/nevralgie.jpg\" alt=\"\" height=\"225\" width=\"149\"><\/p>\n<div class=\"rte\">Lors de l\u2019inflammation d\u2019un nerf, qu\u2019il soit sciatique, dental ou autre, posez le cot\u00e9 n\u00e9gatif de un ou plusieurs aimants sur la zone endolorie\u2026<\/div>\n<div class=\"rte\">Boire de l\u2019eau magn\u00e9tis\u00e9e mixte. La douleur dispara\u00eet plus rapidement en utilisant un aimant qu\u2019en prenant un analg\u00e9sique car il n\u2019y a pas d\u2019effet secondaire. <\/div>\n","protected":false},"excerpt":{"rendered":"<p>N\u00e9vralgie Pour les probl\u00e8mes nervralgie sciatique ou vous pouvez utiliser les\u00a0\u00a0aimants\u00a0. Lors de l\u2019inflammation d\u2019un nerf, qu\u2019il soit sciatique, dental ou autre, posez le cot\u00e9 n\u00e9gatif de un ou plusieurs aimants sur la zone endolorie\u2026 Boire de l\u2019eau magn\u00e9tis\u00e9e mixte. La douleur dispara\u00eet plus rapidement en utilisant un aimant qu\u2019en prenant un analg\u00e9sique car il [&hellip;]<\/p>\n","protected":false},"author":1,"featured_media":109310,"parent":0,"menu_order":7,"comment_status":"closed","ping_status":"closed","template":"","meta":{"_acf_changed":false,"footnotes":""},"class_list":["post-109313","page","type-page","status-publish","has-post-thumbnail","hentry"],"acf":[],"_links":{"self":[{"href":"https:\/\/www.marah.ch\/fr\/wp-json\/wp\/v2\/pages\/109313","targetHints":{"allow":["GET"]}}],"collection":[{"href":"https:\/\/www.marah.ch\/fr\/wp-json\/wp\/v2\/pages"}],"about":[{"href":"https:\/\/www.marah.ch\/fr\/wp-json\/wp\/v2\/types\/page"}],"author":[{"embeddable":true,"href":"https:\/\/www.marah.ch\/fr\/wp-json\/wp\/v2\/users\/1"}],"replies":[{"embeddable":true,"href":"https:\/\/www.marah.ch\/fr\/wp-json\/wp\/v2\/comments?post=109313"}],"version-history":[{"count":0,"href":"https:\/\/www.marah.ch\/fr\/wp-json\/wp\/v2\/pages\/109313\/revisions"}],"wp:featuredmedia":[{"embeddable":true,"href":"https:\/\/www.marah.ch\/fr\/wp-json\/wp\/v2\/media\/109310"}],"wp:attachment":[{"href":"https:\/\/www.marah.ch\/fr\/wp-json\/wp\/v2\/media?parent=109313"}],"curies":[{"name":"wp","href":"https:\/\/api.w.org\/{rel}","templated":true}]}}