{"id":109268,"date":"2015-04-16T16:43:59","date_gmt":"2015-04-16T14:43:59","guid":{"rendered":"https:\/\/www.marah.ch\/slogature\/"},"modified":"2015-04-16T16:43:59","modified_gmt":"2015-04-16T14:43:59","slug":"slogature","status":"publish","type":"page","link":"https:\/\/www.marah.ch\/fr\/slogature\/","title":{"rendered":"Entorses"},"content":{"rendered":"<h2 class=\"php-postheader\">Entorses<\/h2>\n<\/p>\n<p><img decoding=\"async\" class=\" size-full wp-image-109265\" src=\"https:\/\/www.marah.ch\/wp-content\/uploads\/2015\/04\/caviglia-caviglia.jpg.jpg\" alt=\"caviglia.jpg\" width=\"200\" height=\"120\" \/><\/p>\n<\/p>\n<p>Appliquez le p\u00f4le n\u00e9gatif de l\u2019aimant \u00e0 l\u2019endroit ou la douleur est la plus forte.<\/p>\n<p>Dans ces cas les effets sont surprenants. La douleur dispara\u00eet quasi imm\u00e9diatement mais attention, cela ne veut pas dire que vous \u00eates gu\u00e9ris,<\/p>\n<p>attention aux mouvements que vous faites.<\/p>\n<p>Boire de l&rsquo;eau aimant\u00e9e mixte<\/p>\n<\/p>\n<hr \/>\n<p><a href=\"http:\/\/marah.ch\/nuovosito\/it\/content\/24-slogature#\" target=\"_blank\" rel=\"noopener\">Cliquez ici pour acheter le COSAM aimant 8000, la solution au probl\u00e8me des entorses<\/a><\/p>\n<p><a href=\"http:\/\/marah.ch\/nuovosito\/it\/content\/24-slogature#\" target=\"_blank\" rel=\"noopener\">Cliquez ici pour acheter le russe pour produire l&rsquo;eau magn\u00e9tis\u00e9e n\u00e9gative<\/a><\/p>\n","protected":false},"excerpt":{"rendered":"<p>Entorses Appliquez le p\u00f4le n\u00e9gatif de l\u2019aimant \u00e0 l\u2019endroit ou la douleur est la plus forte. Dans ces cas les effets sont surprenants. La douleur dispara\u00eet quasi imm\u00e9diatement mais attention, cela ne veut pas dire que vous \u00eates gu\u00e9ris, attention aux mouvements que vous faites. Boire de l&rsquo;eau aimant\u00e9e mixte Cliquez ici pour acheter le [&hellip;]<\/p>\n","protected":false},"author":1,"featured_media":109265,"parent":0,"menu_order":5,"comment_status":"closed","ping_status":"closed","template":"","meta":{"_acf_changed":false,"footnotes":""},"class_list":["post-109268","page","type-page","status-publish","has-post-thumbnail","hentry"],"acf":[],"_links":{"self":[{"href":"https:\/\/www.marah.ch\/fr\/wp-json\/wp\/v2\/pages\/109268","targetHints":{"allow":["GET"]}}],"collection":[{"href":"https:\/\/www.marah.ch\/fr\/wp-json\/wp\/v2\/pages"}],"about":[{"href":"https:\/\/www.marah.ch\/fr\/wp-json\/wp\/v2\/types\/page"}],"author":[{"embeddable":true,"href":"https:\/\/www.marah.ch\/fr\/wp-json\/wp\/v2\/users\/1"}],"replies":[{"embeddable":true,"href":"https:\/\/www.marah.ch\/fr\/wp-json\/wp\/v2\/comments?post=109268"}],"version-history":[{"count":0,"href":"https:\/\/www.marah.ch\/fr\/wp-json\/wp\/v2\/pages\/109268\/revisions"}],"wp:featuredmedia":[{"embeddable":true,"href":"https:\/\/www.marah.ch\/fr\/wp-json\/wp\/v2\/media\/109265"}],"wp:attachment":[{"href":"https:\/\/www.marah.ch\/fr\/wp-json\/wp\/v2\/media?parent=109268"}],"curies":[{"name":"wp","href":"https:\/\/api.w.org\/{rel}","templated":true}]}}