{"id":109256,"date":"2015-04-16T16:43:59","date_gmt":"2015-04-16T14:43:59","guid":{"rendered":"https:\/\/www.marah.ch\/frattura-delle-ossa\/"},"modified":"2015-04-16T16:43:59","modified_gmt":"2015-04-16T14:43:59","slug":"frattura-delle-ossa","status":"publish","type":"page","link":"https:\/\/www.marah.ch\/fr\/frattura-delle-ossa\/","title":{"rendered":"Fracture des os"},"content":{"rendered":"<h2 class=\"php-postheader\">Fracture osseuse<\/h2>\n<div class=\"php-postcontent\">\n<div class=\"php-article\">Appliquez la partie n\u00e9gative d\u2019un aimant (Cosam 8000) contre la peau au point le plus douloureux pendant environ une semaine (ne le gardez pas toute une journ\u00e9e ou toute une nuit, mais faites une pose de quelques heures de temps en temps). Ensuite, appliquez un second aimant avec le cot\u00e9 positif sur une des extr\u00e9mit\u00e9s de la blessure de fa\u00e7on \u00e0 aider l\u2019os \u00e0 se ressouder comme il ce doit.<\/div>\n<div class=\"php-article\">Boire de l\u2019eau magn\u00e9tis\u00e9e mixte.<\/div>\n<\/p><\/div>\n","protected":false},"excerpt":{"rendered":"<p>Fracture osseuse Appliquez la partie n\u00e9gative d\u2019un aimant (Cosam 8000) contre la peau au point le plus douloureux pendant environ une semaine (ne le gardez pas toute une journ\u00e9e ou toute une nuit, mais faites une pose de quelques heures de temps en temps). Ensuite, appliquez un second aimant avec le cot\u00e9 positif sur une [&hellip;]<\/p>\n","protected":false},"author":1,"featured_media":0,"parent":0,"menu_order":4,"comment_status":"closed","ping_status":"closed","template":"","meta":{"_acf_changed":false,"footnotes":""},"class_list":["post-109256","page","type-page","status-publish","hentry"],"acf":[],"_links":{"self":[{"href":"https:\/\/www.marah.ch\/fr\/wp-json\/wp\/v2\/pages\/109256","targetHints":{"allow":["GET"]}}],"collection":[{"href":"https:\/\/www.marah.ch\/fr\/wp-json\/wp\/v2\/pages"}],"about":[{"href":"https:\/\/www.marah.ch\/fr\/wp-json\/wp\/v2\/types\/page"}],"author":[{"embeddable":true,"href":"https:\/\/www.marah.ch\/fr\/wp-json\/wp\/v2\/users\/1"}],"replies":[{"embeddable":true,"href":"https:\/\/www.marah.ch\/fr\/wp-json\/wp\/v2\/comments?post=109256"}],"version-history":[{"count":0,"href":"https:\/\/www.marah.ch\/fr\/wp-json\/wp\/v2\/pages\/109256\/revisions"}],"wp:attachment":[{"href":"https:\/\/www.marah.ch\/fr\/wp-json\/wp\/v2\/media?parent=109256"}],"curies":[{"name":"wp","href":"https:\/\/api.w.org\/{rel}","templated":true}]}}