{"id":109252,"date":"2015-04-16T16:43:59","date_gmt":"2015-04-16T14:43:59","guid":{"rendered":"https:\/\/www.marah.ch\/emorroidi\/"},"modified":"2015-04-16T16:43:59","modified_gmt":"2015-04-16T14:43:59","slug":"emorroidi","status":"publish","type":"page","link":"https:\/\/www.marah.ch\/fr\/emorroidi\/","title":{"rendered":"H\u00e9morro\u00efdes"},"content":{"rendered":"<h2 class=\"php-postheader\">H\u00e9morro\u00efdes<\/h2>\n<div class=\"php-postcontent\">\n<div class=\"php-article\">S\u2019asseoir sur un aimant (cosam 8000) dont la polarit\u00e9 n\u00e9gative est vers le haut pendant une heure trois \u00e0 quatre fois par jour. Lorsque l\u2019enflure a disparue, appliquez pendent un temps limit\u00e9 le p\u00f4le positif de fa\u00e7on \u00e0 stimuler et renforcer les vaisseaux sanguins.<\/div>\n<div class=\"php-article\">Boire toujours de l\u2019eau magn\u00e9tis\u00e9e n\u00e9gative et massez avec une huile magn\u00e9tis\u00e9e n\u00e9gative. <\/p>\n<div><\/div>\n<div><a href=\"https:\/\/www.marah.ch\/fr\/biomagnets-marah\/102-cosam-8000.html\">cliquer ici si vous d\u00e9sirez acheter un cosam 8000<\/a><\/div>\n<\/p><\/div>\n<\/p><\/div>\n","protected":false},"excerpt":{"rendered":"<p>H\u00e9morro\u00efdes S\u2019asseoir sur un aimant (cosam 8000) dont la polarit\u00e9 n\u00e9gative est vers le haut pendant une heure trois \u00e0 quatre fois par jour. Lorsque l\u2019enflure a disparue, appliquez pendent un temps limit\u00e9 le p\u00f4le positif de fa\u00e7on \u00e0 stimuler et renforcer les vaisseaux sanguins. Boire toujours de l\u2019eau magn\u00e9tis\u00e9e n\u00e9gative et massez avec une [&hellip;]<\/p>\n","protected":false},"author":1,"featured_media":0,"parent":0,"menu_order":3,"comment_status":"closed","ping_status":"closed","template":"","meta":{"_acf_changed":false,"footnotes":""},"class_list":["post-109252","page","type-page","status-publish","hentry"],"acf":[],"_links":{"self":[{"href":"https:\/\/www.marah.ch\/fr\/wp-json\/wp\/v2\/pages\/109252","targetHints":{"allow":["GET"]}}],"collection":[{"href":"https:\/\/www.marah.ch\/fr\/wp-json\/wp\/v2\/pages"}],"about":[{"href":"https:\/\/www.marah.ch\/fr\/wp-json\/wp\/v2\/types\/page"}],"author":[{"embeddable":true,"href":"https:\/\/www.marah.ch\/fr\/wp-json\/wp\/v2\/users\/1"}],"replies":[{"embeddable":true,"href":"https:\/\/www.marah.ch\/fr\/wp-json\/wp\/v2\/comments?post=109252"}],"version-history":[{"count":0,"href":"https:\/\/www.marah.ch\/fr\/wp-json\/wp\/v2\/pages\/109252\/revisions"}],"wp:attachment":[{"href":"https:\/\/www.marah.ch\/fr\/wp-json\/wp\/v2\/media?parent=109252"}],"curies":[{"name":"wp","href":"https:\/\/api.w.org\/{rel}","templated":true}]}}