{"id":109240,"date":"2015-04-16T16:43:59","date_gmt":"2015-04-16T14:43:59","guid":{"rendered":"https:\/\/www.marah.ch\/ematomi\/"},"modified":"2015-04-16T16:43:59","modified_gmt":"2015-04-16T14:43:59","slug":"ematomi","status":"publish","type":"page","link":"https:\/\/www.marah.ch\/fr\/ematomi\/","title":{"rendered":"H\u00e9matomes"},"content":{"rendered":"<h2>H\u00e9matomes<\/h2>\n<\/p>\n<p><img fetchpriority=\"high\" decoding=\"async\" class=\" size-full wp-image-109237\" src=\"https:\/\/www.marah.ch\/wp-content\/uploads\/2015\/04\/livido-livido.jpg.jpg\" width=\"280\" height=\"225\" alt=\"livido.jpg\" \/>\u00a0 \u00a0\u00a0<\/p>\n<p>Pensons \u00e0 toutes les chutes et les coups que prennent les enfants lorsqu\u2019ils jouent, mais les adultes aussi ne sont pas \u00e0 l\u2019abri. Coup de marteau sur les ongles, chutes dans les escaliers, coup de t\u00eate contre volets ou fen\u00eatres ouvertes, etc. Mettre toujours un aimant avec le cot\u00e9 n\u00e9gatif contre la peau sur la zone endolorie. Laissez-le poser jusqu\u2019\u00e0 ce que la peau reprenne une couleur normale. <br \/>Plus l\u2019h\u00e9matome est \u00e9tendu plus l\u2019aimant doit avoir une vaste superficie. Si vous n\u2019en avez pas un grand, d\u00e9placez le petit de temps en temps. Une fois la couleur de votre peau redevenue normale, massez avec le cot\u00e9 positif de l\u2019aimant afin d\u2019am\u00e9liorer la circulation du sang<\/p><\/p>\n","protected":false},"excerpt":{"rendered":"<p>H\u00e9matomes \u00a0 \u00a0\u00a0 Pensons \u00e0 toutes les chutes et les coups que prennent les enfants lorsqu\u2019ils jouent, mais les adultes aussi ne sont pas \u00e0 l\u2019abri. Coup de marteau sur les ongles, chutes dans les escaliers, coup de t\u00eate contre volets ou fen\u00eatres ouvertes, etc. Mettre toujours un aimant avec le cot\u00e9 n\u00e9gatif contre la [&hellip;]<\/p>\n","protected":false},"author":1,"featured_media":109237,"parent":0,"menu_order":2,"comment_status":"closed","ping_status":"closed","template":"","meta":{"_acf_changed":false,"footnotes":""},"class_list":["post-109240","page","type-page","status-publish","has-post-thumbnail","hentry"],"acf":[],"_links":{"self":[{"href":"https:\/\/www.marah.ch\/fr\/wp-json\/wp\/v2\/pages\/109240","targetHints":{"allow":["GET"]}}],"collection":[{"href":"https:\/\/www.marah.ch\/fr\/wp-json\/wp\/v2\/pages"}],"about":[{"href":"https:\/\/www.marah.ch\/fr\/wp-json\/wp\/v2\/types\/page"}],"author":[{"embeddable":true,"href":"https:\/\/www.marah.ch\/fr\/wp-json\/wp\/v2\/users\/1"}],"replies":[{"embeddable":true,"href":"https:\/\/www.marah.ch\/fr\/wp-json\/wp\/v2\/comments?post=109240"}],"version-history":[{"count":0,"href":"https:\/\/www.marah.ch\/fr\/wp-json\/wp\/v2\/pages\/109240\/revisions"}],"wp:featuredmedia":[{"embeddable":true,"href":"https:\/\/www.marah.ch\/fr\/wp-json\/wp\/v2\/media\/109237"}],"wp:attachment":[{"href":"https:\/\/www.marah.ch\/fr\/wp-json\/wp\/v2\/media?parent=109240"}],"curies":[{"name":"wp","href":"https:\/\/api.w.org\/{rel}","templated":true}]}}