{"id":109196,"date":"2015-04-16T16:22:20","date_gmt":"2015-04-16T14:22:20","guid":{"rendered":"https:\/\/www.marah.ch\/i-magneti-marah\/"},"modified":"2015-04-16T16:22:20","modified_gmt":"2015-04-16T14:22:20","slug":"i-magneti-marah","status":"publish","type":"page","link":"https:\/\/www.marah.ch\/fr\/i-magneti-marah\/","title":{"rendered":"aimants Marah"},"content":{"rendered":"<h2 class=\"php-postheader\">Quels sont-ils et comment utilisez-vous les aimants Marah<\/h2>\n<p><img fetchpriority=\"high\" decoding=\"async\" class=\" size-full wp-image-109169\" src=\"https:\/\/www.marah.ch\/wp-content\/uploads\/2015\/04\/ls.jpg\" alt=\"\" width=\"779\" height=\"448\" srcset=\"https:\/\/www.marah.ch\/wp-content\/uploads\/2015\/04\/ls.jpg 779w, https:\/\/www.marah.ch\/wp-content\/uploads\/2015\/04\/ls-300x173.jpg 300w\" sizes=\"(max-width: 779px) 100vw, 779px\" \/><\/p>\n<p><strong>Quels sont les aimants Marah<\/strong><\/p>\n<p>Le groupe de recherche a d\u00e9velopp\u00e9 Marah, en 1970, trois types de\u00a0\u00a0<strong>aimants<\/strong>\u00a0.<\/p>\n<\/p>\n<p><img decoding=\"async\" class=\" size-full wp-image-109173\" src=\"https:\/\/www.marah.ch\/wp-content\/uploads\/2015\/04\/COSAM_VERDE.jpg\" alt=\"\" width=\"128\" height=\"127\" srcset=\"https:\/\/www.marah.ch\/wp-content\/uploads\/2015\/04\/COSAM_VERDE.jpg 227w, https:\/\/www.marah.ch\/wp-content\/uploads\/2015\/04\/COSAM_VERDE-100x100.jpg 100w\" sizes=\"(max-width: 128px) 100vw, 128px\" \/>\u00a0<\/p>\n<p>Les\u00a0\u00a0<strong>aimants COSAM 8000\u00a0<\/strong>\u00a0n\u00e9odyme, prot\u00e9g\u00e9 par une coque verte et rouge en plastique.\u00a0Cet aimant 2500 gauss mesure sur sa surface.<\/p>\n<p>Son utilisation est simple, est positionn\u00e9 sur la zone touch\u00e9e par la douleur ou de l&rsquo;inflammation et on laisse agir pendant 10 \u00e0 60 minutes, selon le cas et le point.\u00a0R\u00e9p\u00e9tez cette op\u00e9ration plusieurs fois par Gioro.<strong>\u00a0<\/strong><\/p>\n<\/p>\n<p><img decoding=\"async\" class=\" size-full wp-image-109177\" src=\"https:\/\/www.marah.ch\/wp-content\/uploads\/2015\/04\/D25.png\" alt=\"\" width=\"121\" height=\"113\" srcset=\"https:\/\/www.marah.ch\/wp-content\/uploads\/2015\/04\/D25.png 492w, https:\/\/www.marah.ch\/wp-content\/uploads\/2015\/04\/D25-300x280.png 300w\" sizes=\"(max-width: 121px) 100vw, 121px\" \/>\u00a0\u00a0<\/p>\n<p>L&rsquo;\u00a0\u00a0<strong>aimant D-25<\/strong>\u00a0\u00a0ferrite, enferm\u00e9 dans une coque noir et blanc, 1600 gauss mesur\u00e9e \u00e0 la surface, est utilis\u00e9 pour un traitement plus doux des zones larges.\u00a0Encore une fois, nous vous recommandons d&rsquo;utiliser l&rsquo;biomagnete plusieurs fois par jour.<\/p>\n<\/p>\n<p><img loading=\"lazy\" decoding=\"async\" class=\" size-full wp-image-109181\" src=\"https:\/\/www.marah.ch\/wp-content\/uploads\/2015\/04\/1.jpg\" alt=\"\" width=\"200\" height=\"64\">\u00a0<\/p>\n<p>L&rsquo;\u00a0\u00a0<strong>aimant\u00a0<\/strong>\u00a0<strong>D-05<\/strong>\u00a0, con\u00e7u pour magn\u00e9tiser l&rsquo;eau, n\u00e9odyme et prot\u00e9g\u00e9e par un plastique bleu de coquille\u00a0<strong>.\u00a0<\/strong>\u00a0Dans ce cas, l&rsquo;aimant sera immerg\u00e9 dans l&rsquo;eau d&rsquo;une bouteille (de pr\u00e9f\u00e9rence en verre) et laisse agir pendant 4 &#8211; 6 heures.\u00a0Buvez un litre \/ litre et demi d&rsquo;eau par jour.<\/p>\n<\/p>\n<p>Dans les ann\u00e9es suivantes, il a \u00e9t\u00e9 \u00e9tudi\u00e9 un autre aimant, adapt\u00e9 pour les zones d\u00e9licates telles que les yeux, la t\u00eate, les veines et les art\u00e8res, les enfants et les personnes \u00e2g\u00e9es.<\/p>\n<\/p>\n<p><img loading=\"lazy\" decoding=\"async\" class=\" size-full wp-image-109185\" src=\"https:\/\/www.marah.ch\/wp-content\/uploads\/2015\/04\/cosam-bianco.jpg\" alt=\"\" width=\"100\" height=\"76\"><\/p>\n<p>Le\u00a0\u00a0<strong>COSAM aimant 4000<\/strong>\u00a0, n\u00e9odyme, prot\u00e9g\u00e9 par une coque blanche et plastique noir, cette mesure en 1500 gauss aimant sur \u200b\u200bsa surface<\/p>\n<p>\u00a0<\/p>\n<\/p>\n<p><img loading=\"lazy\" decoding=\"async\" class=\" size-full wp-image-109189\" src=\"https:\/\/www.marah.ch\/wp-content\/uploads\/2015\/04\/cosam-plus-1-blu.png\" alt=\"\" width=\"110\" height=\"84\" srcset=\"https:\/\/www.marah.ch\/wp-content\/uploads\/2015\/04\/cosam-plus-1-blu.png 1182w, https:\/\/www.marah.ch\/wp-content\/uploads\/2015\/04\/cosam-plus-1-blu-300x228.png 300w\" sizes=\"(max-width: 110px) 100vw, 110px\" \/><\/p>\n<p>L&rsquo;\u00a0\u00a0<strong>aimant<\/strong>\u00a0\u00a0COSAM Plus est la derni\u00e8re addition, (2010) est deux fois la taille de ses fr\u00e8res COSAM 8000\/4000 et est tr\u00e8s puissant, mesurant 2.500 gauss sur sa surface.\u00a0Costudito E &lsquo;dans une coque en plastique rouge et bleu.\u00a0En cas d&rsquo;inflammation aigu\u00eb et s\u00e9v\u00e8re.<\/p>\n<\/p>\n<\/p>\n<p><img loading=\"lazy\" decoding=\"async\" class=\" size-full wp-image-109193\" src=\"https:\/\/www.marah.ch\/wp-content\/uploads\/2015\/04\/sottobottiglia-blu-e-verde-nuovi-3-15.jpg\" alt=\"\" width=\"147\" height=\"80\" srcset=\"https:\/\/www.marah.ch\/wp-content\/uploads\/2015\/04\/sottobottiglia-blu-e-verde-nuovi-3-15.jpg 1309w, https:\/\/www.marah.ch\/wp-content\/uploads\/2015\/04\/sottobottiglia-blu-e-verde-nuovi-3-15-300x164.jpg 300w, https:\/\/www.marah.ch\/wp-content\/uploads\/2015\/04\/sottobottiglia-blu-e-verde-nuovi-3-15-1200x655.jpg 1200w\" sizes=\"(max-width: 147px) 100vw, 147px\" \/>\u00a0<\/p>\n<p>Le\u00a0\u00a0<strong>coaster Marah<\/strong>\u00a0\u00a0est un comprim\u00e9 dans le Forex avec l&rsquo;int\u00e9rieur de 4 aimants au n\u00e9odyme, \u00e0 la fois en bleu russes sottobottigla en rouge et vert.<\/p>\n<p>Voir page \u00ab\u00a0eau magn\u00e9tis\u00e9e\u00a0\u00bb<\/p>\n<\/p>\n<p><strong>Comment fonctionne l&rsquo;aimant Marah<br \/><\/strong><\/p>\n<p>Chaque p\u00f4le de l&rsquo;\u00a0\u00a0<strong>aimant<\/strong>\u00a0\u00a0(un n\u00e9gatif et un positif) produit un effet diff\u00e9rent sur \u200b\u200ble corps humain:<\/p>\n<p>c\u00f4t\u00e9\u00a0\u00a0<strong>n\u00e9gatif est apaisante et anti-inflammatoire<\/strong>\u00a0\u00a0tout<\/p>\n<p>c\u00f4t\u00e9\u00a0\u00a0<strong>positif est vivifiant et activation<\/strong>\u00a0.\u00a0<\/p>\n<p>Les biomagnets agissent sur l&rsquo;\u00e9tat vibratoire de la normalisation et de la douleur \u00e9lectrons r\u00e9duire, augmenter la circulation sanguine, r\u00e9g\u00e9n\u00e9rer les cellules, activer le m\u00e9tabolisme et harmoniser le niveau des organes de l&rsquo;\u00e9nergie.\u00a0Utilisation de la polarit\u00e9 des aimants est atteint vaste harmonisation, une augmentation de l&rsquo;\u00e9nergie et le renforcement de notre syst\u00e8me immunitaire.<\/p>\n<p>\u00a0<\/p>\n<p><strong>En utilisant des aimants Marah<br \/><\/strong><\/p>\n<p>Traiter une zone douloureuse du corps avec\u00a0\u00a0<strong>biomagnets<\/strong>\u00a0\u00a0est relativement facile, tout le monde peut le faire, \u00e0 tout moment, en tout lieu.\u00a0L&rsquo;aimant Mara sale pas, ne tache pas, ne br\u00fble pas, elle est appliqu\u00e9e avec un pl\u00e2tre et on laisse agir entre 10 minutes et deux heures, selon le type d&rsquo;\u00a0<strong>aimant<\/strong>\u00a0\u00a0utilis\u00e9 et en fonction de la zone de traitement.\u00a0L&rsquo;action des aimants permanents est doux et la grande majorit\u00e9 des gens r\u00e9pondent tr\u00e8s bien \u00e0 leur utilisation.<\/p>\n<\/p>\n<p><strong>. Il n&rsquo;y a pas d&rsquo;effets secondaires connus<\/strong><\/p>\n<p>Le grand\u00a0\u00a0<strong>Paracelse\u00a0<\/strong>\u00a0dit: \u00ab\u00a0Un\u00a0\u00a0<strong>aimant<\/strong>\u00a0\u00a0ne devrait pas manquer dans le sac de la\u00a0\u00a0<strong>m\u00e9decine<\/strong>\u00a0\u00a0et de\u00a0\u00a0<strong>la pharmacie\u00a0<\/strong>\u00a0\u00e0 la maison! \u00ab\u00a0<\/p>\n<p>Un\u00a0\u00a0<strong>aimant Marah<\/strong>\u00a0\u00a0est permanente, alors vous va durer toute une vie et vous serez s\u00fbr d&rsquo;avoir avec vous un rem\u00e8de toujours efficace.\u00a0\u00a0Le\u00a0<strong>biomagnete<\/strong>\u00a0\u00a0ne sont pas recommand\u00e9s aux porteurs de\u00a0\u00a0<strong>stimulateurs cardiaques, les femmes enceintes et les enfants de moins de 3 ans.<\/strong><\/p>\n<p>Apr\u00e8s l&rsquo;utilisation de l&rsquo;\u00a0\u00a0<strong>aimant<\/strong>\u00a0\u00a0est soigneusement plac\u00e9 loin de cartes\u00a0<strong>\u00a0<\/strong>magn\u00e9tiques\u00a0<strong>.<\/strong><\/p>\n","protected":false},"excerpt":{"rendered":"<p>Quels sont-ils et comment utilisez-vous les aimants Marah Quels sont les aimants Marah Le groupe de recherche a d\u00e9velopp\u00e9 Marah, en 1970, trois types de\u00a0\u00a0aimants\u00a0. \u00a0 Les\u00a0\u00a0aimants COSAM 8000\u00a0\u00a0n\u00e9odyme, prot\u00e9g\u00e9 par une coque verte et rouge en plastique.\u00a0Cet aimant 2500 gauss mesure sur sa surface. Son utilisation est simple, est positionn\u00e9 sur la zone touch\u00e9e [&hellip;]<\/p>\n","protected":false},"author":1,"featured_media":109169,"parent":0,"menu_order":1,"comment_status":"closed","ping_status":"closed","template":"","meta":{"_acf_changed":false,"footnotes":""},"class_list":["post-109196","page","type-page","status-publish","has-post-thumbnail","hentry"],"acf":[],"_links":{"self":[{"href":"https:\/\/www.marah.ch\/fr\/wp-json\/wp\/v2\/pages\/109196","targetHints":{"allow":["GET"]}}],"collection":[{"href":"https:\/\/www.marah.ch\/fr\/wp-json\/wp\/v2\/pages"}],"about":[{"href":"https:\/\/www.marah.ch\/fr\/wp-json\/wp\/v2\/types\/page"}],"author":[{"embeddable":true,"href":"https:\/\/www.marah.ch\/fr\/wp-json\/wp\/v2\/users\/1"}],"replies":[{"embeddable":true,"href":"https:\/\/www.marah.ch\/fr\/wp-json\/wp\/v2\/comments?post=109196"}],"version-history":[{"count":0,"href":"https:\/\/www.marah.ch\/fr\/wp-json\/wp\/v2\/pages\/109196\/revisions"}],"wp:featuredmedia":[{"embeddable":true,"href":"https:\/\/www.marah.ch\/fr\/wp-json\/wp\/v2\/media\/109169"}],"wp:attachment":[{"href":"https:\/\/www.marah.ch\/fr\/wp-json\/wp\/v2\/media?parent=109196"}],"curies":[{"name":"wp","href":"https:\/\/api.w.org\/{rel}","templated":true}]}}