{"id":108982,"date":"2015-04-16T16:58:51","date_gmt":"2015-04-16T14:58:51","guid":{"rendered":"https:\/\/www.marah.ch\/cos-e-l-acqua-magnetizzata\/"},"modified":"2015-04-16T16:58:51","modified_gmt":"2015-04-16T14:58:51","slug":"cos-e-l-acqua-magnetizzata","status":"publish","type":"page","link":"https:\/\/www.marah.ch\/fr\/cos-e-l-acqua-magnetizzata\/","title":{"rendered":"Qu&rsquo;est-ce que c&rsquo;est et \u00e0 quoi sert-elle"},"content":{"rendered":"<h2 class=\"php-postheader\">Eau aimant\u00e9e<\/h2>\n<div class=\"php-postcontent\">\n<div class=\"php-article\">\n<div> <\/div>\n<div>\n<table style=\"height:23px;\" width=\"715\">\n<tbody>\n<tr>\n<td>\n<p><img fetchpriority=\"high\" decoding=\"async\" class=\" size-full wp-image-108971\" src=\"https:\/\/www.marah.ch\/wp-content\/uploads\/2015\/04\/mg_2636.jpg\" alt=\"\" width=\"200\" height=\"300\" srcset=\"https:\/\/www.marah.ch\/wp-content\/uploads\/2015\/04\/mg_2636.jpg 1067w, https:\/\/www.marah.ch\/wp-content\/uploads\/2015\/04\/mg_2636-300x450.jpg 300w\" sizes=\"(max-width: 200px) 100vw, 200px\" \/><\/p>\n<\/td>\n<td>\n<div>En buvant de l\u2019<strong>eau<\/strong>\u00a0<strong>aimant\u00e9e<\/strong>, on peut agir sur de nombreuses maladies gr\u00e2ce aux propri\u00e9t\u00e9s que l\u2019<strong>\u00e9nergie<\/strong><strong>magn\u00e9tique<\/strong>\u00a0conf\u00e8re \u00e0 l\u2019eau. Les champs magn\u00e9tiques permettent d\u2019agir au plus profond du corps par l\u2019interm\u00e9diaire des boissons.<\/div>\n<div>On conna\u00eet des utilisations internes ainsi que des applications externes.<\/div>\n<div>L\u2019eau aimant\u00e9e est\u00a0<strong>diur\u00e9tique, l\u00e9g\u00e8re, min\u00e9ralis\u00e9e et tr\u00e8s d\u00e9purative<\/strong>.\u00a0<br \/>Boire un litre d\u2019eau aimant\u00e9e par jour permet d\u2019offrir \u00e0 l\u2019organisme la quantit\u00e9 d\u2019\u00e9nergie biomagn\u00e9tique n\u00e9cessaire pour\u00a0<strong>d\u00e9sintoxiquer<\/strong>\u00a0et\u00a0<strong>activer<\/strong>\u00a0le f<strong>onctionnement des reins et de la v\u00e9sicule biliaire.<\/strong><\/div>\n<div>Les applications externes aident dans le traitement local des plaies, ecz\u00e9mas, enflures, yeux irrit\u00e9s ou gonfl\u00e9s.\u00a0<br \/>On peut utiliser l\u2019eau aimant\u00e9e en lavement, en gargarismes (pour gencives, maux de dents), compresses et gouttes.<\/div>\n<\/td>\n<\/tr>\n<\/tbody>\n<\/table>\n<\/div>\n<div>\u00a0<\/div>\n<div> <\/div>\n<div> <\/div>\n<div><img decoding=\"async\" class=\" size-full wp-image-108975\" src=\"https:\/\/www.marah.ch\/wp-content\/uploads\/2015\/04\/sottobottiglia-blu-e-verde-nuovi-3-15.jpg\" alt=\"\" width=\"219\" height=\"120\" srcset=\"https:\/\/www.marah.ch\/wp-content\/uploads\/2015\/04\/sottobottiglia-blu-e-verde-nuovi-3-15.jpg 1309w, https:\/\/www.marah.ch\/wp-content\/uploads\/2015\/04\/sottobottiglia-blu-e-verde-nuovi-3-15-300x164.jpg 300w, https:\/\/www.marah.ch\/wp-content\/uploads\/2015\/04\/sottobottiglia-blu-e-verde-nuovi-3-15-1200x655.jpg 1200w\" sizes=\"(max-width: 219px) 100vw, 219px\" \/>Les deux sous-bouteilles pour pr\u00e9parer l&rsquo;eau aimant\u00e9e pour votre bien-\u00eatre quotidien.<\/div>\n<div> <\/div>\n<div>\n<table style=\"height:23px;\" width=\"723\">\n<tbody>\n<tr>\n<td><img decoding=\"async\" class=\" size-full wp-image-108979\" src=\"https:\/\/www.marah.ch\/wp-content\/uploads\/2015\/04\/1.jpg\" alt=\"\" width=\"216\" height=\"69\"><\/td>\n<td>Le bioaimant D-05 est tr\u00e8s commode pour ceux qui se d\u00e9placent souvent et qui aiment avoir de l&rsquo;eau aimant\u00e9e toujours avec soi (en voiture, pendant des excursions, en vacances, ecc)<\/td>\n<\/tr>\n<\/tbody>\n<\/table>\n<\/div>\n<div> <\/div>\n<div> <\/div>\n<div> <\/div>\n<\/p>\n<div> <\/div>\n<div> <\/div>\n<\/p><\/div>\n<\/p><\/div>\n","protected":false},"excerpt":{"rendered":"<p>Eau aimant\u00e9e En buvant de l\u2019eau\u00a0aimant\u00e9e, on peut agir sur de nombreuses maladies gr\u00e2ce aux propri\u00e9t\u00e9s que l\u2019\u00e9nergiemagn\u00e9tique\u00a0conf\u00e8re \u00e0 l\u2019eau. Les champs magn\u00e9tiques permettent d\u2019agir au plus profond du corps par l\u2019interm\u00e9diaire des boissons. On conna\u00eet des utilisations internes ainsi que des applications externes. L\u2019eau aimant\u00e9e est\u00a0diur\u00e9tique, l\u00e9g\u00e8re, min\u00e9ralis\u00e9e et tr\u00e8s d\u00e9purative.\u00a0Boire un litre d\u2019eau [&hellip;]<\/p>\n","protected":false},"author":1,"featured_media":108971,"parent":0,"menu_order":0,"comment_status":"closed","ping_status":"closed","template":"","meta":{"_acf_changed":false,"footnotes":""},"class_list":["post-108982","page","type-page","status-publish","has-post-thumbnail","hentry"],"acf":[],"_links":{"self":[{"href":"https:\/\/www.marah.ch\/fr\/wp-json\/wp\/v2\/pages\/108982","targetHints":{"allow":["GET"]}}],"collection":[{"href":"https:\/\/www.marah.ch\/fr\/wp-json\/wp\/v2\/pages"}],"about":[{"href":"https:\/\/www.marah.ch\/fr\/wp-json\/wp\/v2\/types\/page"}],"author":[{"embeddable":true,"href":"https:\/\/www.marah.ch\/fr\/wp-json\/wp\/v2\/users\/1"}],"replies":[{"embeddable":true,"href":"https:\/\/www.marah.ch\/fr\/wp-json\/wp\/v2\/comments?post=108982"}],"version-history":[{"count":0,"href":"https:\/\/www.marah.ch\/fr\/wp-json\/wp\/v2\/pages\/108982\/revisions"}],"wp:featuredmedia":[{"embeddable":true,"href":"https:\/\/www.marah.ch\/fr\/wp-json\/wp\/v2\/media\/108971"}],"wp:attachment":[{"href":"https:\/\/www.marah.ch\/fr\/wp-json\/wp\/v2\/media?parent=108982"}],"curies":[{"name":"wp","href":"https:\/\/api.w.org\/{rel}","templated":true}]}}