{"id":108918,"date":"2015-04-16T16:43:59","date_gmt":"2015-04-16T14:43:59","guid":{"rendered":"https:\/\/www.marah.ch\/applicazioni-nella-magnetoterapia\/"},"modified":"2015-04-16T16:43:59","modified_gmt":"2015-04-16T14:43:59","slug":"applicazioni-nella-magnetoterapia","status":"publish","type":"page","link":"https:\/\/www.marah.ch\/fr\/applicazioni-nella-magnetoterapia\/","title":{"rendered":"Applications"},"content":{"rendered":"<h2 class=\"php-postheader\">Applications<\/h2>\n<div class=\"php-postcontent\">\n<div class=\"php-article\">\n<p><img decoding=\"async\" class=\" size-full wp-image-108915\" src=\"https:\/\/www.marah.ch\/wp-content\/uploads\/2015\/04\/caviglia-collage2.jpg\" alt=\"collage2\" width=\"200\" border=\"0\" height=\"120\" \/><\/p>\n<p>La magn\u00e9toth\u00e9rapie est \u00e9galement indiqu\u00e9e pour stimuler le renouvellement des tissus suite \u00e0 des circonstances d\u00e9bilitantes. Il y a aussi d\u2019excellents r\u00e9sultats dans le cas de fractures osseuses, de traitement d\u2019ulc\u00e8res cutan\u00e9es d&rsquo;origine vasculaire chez les diab\u00e9tiques, dans la r\u00e9cup\u00e9ration fonctionnelle de nerfs bless\u00e9s et lors de r\u00e9duction de cicatrices disgracieuses ainsi que dans le traitement de contusions, d\u2019entorses et en cas de traumatismes\u00a0 musculaires ou articulaires. <\/p>\n<p>L\u2019application d\u2019aimants renforce \u00e9galement les d\u00e9fenses du corps par la repolarisation \u00e9lectrique des cellules, induit une action anti-stress, r\u00e9g\u00e9n\u00e8re les cellules endommag\u00e9es en renfor\u00e7ant la cin\u00e9tique enzymatique et la repolarisation\u00a0 des membranes cellulaires.\u00a0En agissant sur les radicaux libres, sur les oligo-\u00e9l\u00e9ments et sur les substances ferromagn\u00e9tiques\u00a0 du milieu intracellulaire (vitamines du groupe B) la magn\u00e9toth\u00e9rapie \u00e0 un effet fondamental pour l\u2019\u00e9quilibre hom\u00e9ostatique de la cellule. Une \u00e9ventuelle\u00a0 exposition \u00e0 un champs alt\u00e9r\u00e9 peut provoquer\u00a0 des cons\u00e9quences significatives pour la\u00a0cellule,\u00a0l\u2019action anti-inflammatoire, anti-dermatose, bio-r\u00e9g\u00e9n\u00e9rante, analg\u00e9sique et sans effets secondaires de la magn\u00e9toth\u00e9rapie favorise une am\u00e9lioration de tous les ph\u00e9nom\u00e8nes de r\u00e9paration de l\u2019organisme.<\/p>\n<p>La th\u00e9rapie magn\u00e9tique est le traitement avec un\u00a0\u00a0<strong>aimant<\/strong> d&rsquo;une zone ou d&rsquo;un organe affaibli <strong><\/strong><\/p>\n<p>Application: fixer un <strong>aimant<\/strong>\u00a0 avec le c\u00f4t\u00e9 n\u00e9gativ (inflammation) ou c\u00f4t\u00e9 positif ( activation) \u00e0 l\u00e2ide d&rsquo;un sparadrap.\u00a0Pour \u00e9viter d&rsquo;irriter la peau colez l&rsquo;aimant \u00e0 vos v\u00eatements.<\/p>\n<p>Dans le cas o\u00f9 votre probl\u00e8me est une inflammation ou une douleur intense, on utilise le\u00a0\u00a0<strong>n\u00e9gatif<\/strong>\u00a0\u00a0(moins -) aimant.<\/p>\n<p>Alors si vous voulez stimuler ou activer un organe affaibli vous utilisez le\u00a0\u00a0<strong>p\u00f4le positif<\/strong>\u00a0\u00a0(+ le) de l&rsquo;aimant.<\/p>\n<p>La douleur peut r\u00e9sulter de diff\u00e9rentes origines pathologiques:<\/p>\n<p><strong>Traumatique: <\/strong>des fractures, tendinites, entorses, etc.<\/p>\n<p><strong>Rhumatismales: <\/strong>des douleurs articulaires, le cou, les \u00e9paules, les genoux, les hanches et le bas du dos<\/p>\n<p><strong>Climat: <\/strong>telles que l&rsquo;humidit\u00e9, des frissons, des rafales de vent, ou l&rsquo;air conditionn\u00e9<\/p>\n<p><strong>Chronique: <\/strong>dans les cas d&rsquo;arthrose, o\u00f9 la douleur est r\u00e9duite, mais peut revenir<\/p>\n<p><strong>Mal aux dents<\/strong><\/p>\n<p>Gardez l&rsquo;aimant sur la zone douloureuse jusqu&rsquo;\u00e0 la disparition de la douleur.\u00a0Dans de nombreux cas, l&rsquo;effet est imm\u00e9diat.\u00a0Si la douleur se d\u00e9place, ce qui arrive souvent dans la douleur de rhumatisme, vous pouvez utiliser un deuxi\u00e8me aimant ou d\u00e9placer le premier point sur le nouveau point \u00e0 traiter.<\/p>\n<p><strong>Cette methode d&rsquo; utilisantion des aimants Marah est la plus simple et la plus efficace.<\/strong><\/p>\n<\/p><\/div>\n<\/p><\/div>\n","protected":false},"excerpt":{"rendered":"<p>Applications La magn\u00e9toth\u00e9rapie est \u00e9galement indiqu\u00e9e pour stimuler le renouvellement des tissus suite \u00e0 des circonstances d\u00e9bilitantes. Il y a aussi d\u2019excellents r\u00e9sultats dans le cas de fractures osseuses, de traitement d\u2019ulc\u00e8res cutan\u00e9es d&rsquo;origine vasculaire chez les diab\u00e9tiques, dans la r\u00e9cup\u00e9ration fonctionnelle de nerfs bless\u00e9s et lors de r\u00e9duction de cicatrices disgracieuses ainsi que dans [&hellip;]<\/p>\n","protected":false},"author":1,"featured_media":108915,"parent":0,"menu_order":0,"comment_status":"closed","ping_status":"closed","template":"","meta":{"_acf_changed":false,"footnotes":""},"class_list":["post-108918","page","type-page","status-publish","has-post-thumbnail","hentry"],"acf":[],"_links":{"self":[{"href":"https:\/\/www.marah.ch\/fr\/wp-json\/wp\/v2\/pages\/108918","targetHints":{"allow":["GET"]}}],"collection":[{"href":"https:\/\/www.marah.ch\/fr\/wp-json\/wp\/v2\/pages"}],"about":[{"href":"https:\/\/www.marah.ch\/fr\/wp-json\/wp\/v2\/types\/page"}],"author":[{"embeddable":true,"href":"https:\/\/www.marah.ch\/fr\/wp-json\/wp\/v2\/users\/1"}],"replies":[{"embeddable":true,"href":"https:\/\/www.marah.ch\/fr\/wp-json\/wp\/v2\/comments?post=108918"}],"version-history":[{"count":0,"href":"https:\/\/www.marah.ch\/fr\/wp-json\/wp\/v2\/pages\/108918\/revisions"}],"wp:featuredmedia":[{"embeddable":true,"href":"https:\/\/www.marah.ch\/fr\/wp-json\/wp\/v2\/media\/108915"}],"wp:attachment":[{"href":"https:\/\/www.marah.ch\/fr\/wp-json\/wp\/v2\/media?parent=108918"}],"curies":[{"name":"wp","href":"https:\/\/api.w.org\/{rel}","templated":true}]}}