{"id":108898,"date":"2015-04-16T16:22:20","date_gmt":"2015-04-16T14:22:20","guid":{"rendered":"https:\/\/www.marah.ch\/sintomi-e-malattie\/"},"modified":"2015-04-16T16:22:20","modified_gmt":"2015-04-16T14:22:20","slug":"sintomi-e-malattie","status":"publish","type":"page","link":"https:\/\/www.marah.ch\/fr\/sintomi-e-malattie\/","title":{"rendered":"Sympt\u00f4mes et maladies"},"content":{"rendered":"<h2 class=\"php-postheader\"><span id=\"result_box\" class=\"short_text\" xml:lang=\"fr\" lang=\"fr\"><span>Le syndrome de d\u00e9ficience du champ magn\u00e9tique terrestre<\/span><\/span><\/h2>\n<div class=\"php-postcontent\">\n<div class=\"php-article\">\n<p><img decoding=\"async\" class=\" size-full wp-image-108895\" src=\"https:\/\/www.marah.ch\/wp-content\/uploads\/2015\/04\/terracampomagnetico-terracampomagnetico.jpg\" alt=\"terracampomagnetico\" width=\"200\" border=\"0\" height=\"211\" \/><\/p>\n<p> Sympt\u00f4mes et maladies ( source: Internet) <\/p>\n<p>De\u00a0 nombreux chercheurs\u00a0 pr\u00e9tendent que l\u2019insuffisance du champ magn\u00e9tique biologique est \u00e0 l&rsquo;origine de l&rsquo;affaiblissement g\u00e9n\u00e9ral des patients, de l&rsquo;augmentation du temps de convalescence et d\u2019une plus grande facilit\u00e9 \u00e0 contracter des maladies.\u2028La destruction du champ magn\u00e9tique due\u00a0 \u00e0 la pollution de l&rsquo;air est m\u00eame consid\u00e9r\u00e9e l\u2019une des principales causes de nombreuses maladies.\u2028Certains\u00a0 sympt\u00f4mes du suppos\u00e9 \u201csyndrome de carence du champ magn\u00e9tique biologique\u201d <br \/>(terme invent\u00e9 par des chercheurs japonais qui pratiquent\u00a0 la th\u00e9rapie magn\u00e9tique depuis de nombreuses ann\u00e9es) sont\u00a0:\u00a0 rigidit\u00e9 dans les \u00e9paules, le dos, le cou et les vert\u00e8bres cervicales. Crampes nocturnes, insuffisance h\u00e9patique, douleurs menstruelles, migraines, mains et pieds froids. Impuissance, h\u00e9morro\u00efdes aigu\u00ebs, hypotension, hypertension, ulc\u00e8res, fourmillement au bout des membres inf\u00e9rieurs et sup\u00e9rieurs, discopathie, varices, constipation chronique, n\u00e9vralgies, d\u00e9pressions nerveuses et divers troubles circulatoires.<br \/>Il est fr\u00e9quent\u00a0 que lors d\u2019insuffisance\u00a0 du champ magn\u00e9tique, il soit difficile\u00a0 de trouver la cause des troubles qui persistent sans am\u00e9lioration malgr\u00e9 les diff\u00e9rents traitements. M\u00eame lorsque ces sympt\u00f4mes accompagnent d&rsquo;autres maladies comme l&rsquo;hypertension, l&rsquo;arthrite, le diab\u00e8te, etc.\u00a0ils persistent m\u00eame apr\u00e8s que ces maladies aient \u00e9t\u00e9 gu\u00e9ries. <\/p>\n<p>La magn\u00e9toth\u00e9rapie est \u00e9galement indiqu\u00e9e pour stimuler le renouvellement des tissus suite \u00e0 des circonstances d\u00e9bilitantes. Il y a aussi d\u2019excellents r\u00e9sultats dans le cas de fractures osseuses, de traitement d\u2019ulc\u00e8res cutan\u00e9es d&rsquo;origine vasculaire chez les diab\u00e9tiques, dans la r\u00e9cup\u00e9ration fonctionnelle de nerfs bless\u00e9s et lors de r\u00e9duction de cicatrices disgracieuses ainsi que dans le traitement de contusions, d\u2019entorses et en cas de traumatismes\u00a0 musculaires ou articulaires. <\/p>\n<p>L\u2019application d\u2019aimants renforce \u00e9galement les d\u00e9fenses du corps par la repolarisation \u00e9lectrique des cellules, induit une action anti-stress, r\u00e9g\u00e9n\u00e8re les cellules endommag\u00e9es en renfor\u00e7ant la cin\u00e9tique enzymatique et la repolarisation\u00a0 des membranes cellulaires.\u00a0En agissant sur les radicaux libres, sur les oligo-\u00e9l\u00e9ments et sur les substances ferromagn\u00e9tiques\u00a0 du milieu intracellulaire (vitamines du groupe B) la magn\u00e9toth\u00e9rapie \u00e0 un effet fondamental pour l\u2019\u00e9quilibre hom\u00e9ostatique de la cellule. Une \u00e9ventuelle\u00a0 exposition \u00e0 un champs alt\u00e9r\u00e9 peut provoquer\u00a0 des cons\u00e9quences significatives pour la\u00a0cellule,\u00a0l\u2019action anti-inflammatoire, anti-dermatose, bio-r\u00e9g\u00e9n\u00e9rante, analg\u00e9sique et sans effets secondaires de la magn\u00e9toth\u00e9rapie favorise une am\u00e9lioration de tous les ph\u00e9nom\u00e8nes de r\u00e9paration de l\u2019organisme.<\/p><\/div>\n<\/p><\/div>\n","protected":false},"excerpt":{"rendered":"<p>Le syndrome de d\u00e9ficience du champ magn\u00e9tique terrestre Sympt\u00f4mes et maladies ( source: Internet) De\u00a0 nombreux chercheurs\u00a0 pr\u00e9tendent que l\u2019insuffisance du champ magn\u00e9tique biologique est \u00e0 l&rsquo;origine de l&rsquo;affaiblissement g\u00e9n\u00e9ral des patients, de l&rsquo;augmentation du temps de convalescence et d\u2019une plus grande facilit\u00e9 \u00e0 contracter des maladies.\u2028La destruction du champ magn\u00e9tique due\u00a0 \u00e0 la pollution [&hellip;]<\/p>\n","protected":false},"author":1,"featured_media":108895,"parent":0,"menu_order":2,"comment_status":"closed","ping_status":"closed","template":"","meta":{"_acf_changed":false,"footnotes":""},"class_list":["post-108898","page","type-page","status-publish","has-post-thumbnail","hentry"],"acf":[],"_links":{"self":[{"href":"https:\/\/www.marah.ch\/fr\/wp-json\/wp\/v2\/pages\/108898","targetHints":{"allow":["GET"]}}],"collection":[{"href":"https:\/\/www.marah.ch\/fr\/wp-json\/wp\/v2\/pages"}],"about":[{"href":"https:\/\/www.marah.ch\/fr\/wp-json\/wp\/v2\/types\/page"}],"author":[{"embeddable":true,"href":"https:\/\/www.marah.ch\/fr\/wp-json\/wp\/v2\/users\/1"}],"replies":[{"embeddable":true,"href":"https:\/\/www.marah.ch\/fr\/wp-json\/wp\/v2\/comments?post=108898"}],"version-history":[{"count":0,"href":"https:\/\/www.marah.ch\/fr\/wp-json\/wp\/v2\/pages\/108898\/revisions"}],"wp:featuredmedia":[{"embeddable":true,"href":"https:\/\/www.marah.ch\/fr\/wp-json\/wp\/v2\/media\/108895"}],"wp:attachment":[{"href":"https:\/\/www.marah.ch\/fr\/wp-json\/wp\/v2\/media?parent=108898"}],"curies":[{"name":"wp","href":"https:\/\/api.w.org\/{rel}","templated":true}]}}